{"id":25,"date":"2016-06-30T18:14:28","date_gmt":"2016-06-30T18:14:28","guid":{"rendered":"https:\/\/www.municipios.gov.py\/higiniomorinigo\/?page_id=25"},"modified":"2017-08-29T14:28:56","modified_gmt":"2017-08-29T18:28:56","slug":"comision-vecinal","status":"publish","type":"page","link":"https:\/\/www.municipios.gov.py\/higiniomorinigo\/comision-vecinal\/","title":{"rendered":"Comisi\u00f3n Vecinal"},"content":{"rendered":"<p style=\"text-align: center;\"><a href=\"https:\/\/www.municipios.gov.py\/higiniomorinigo\/wp-content\/uploads\/sites\/113\/2016\/06\/Asociacion-Agropecuaria-Takuara-1.pdf\">Asociaci\u00f3n Agropecuaria Takuara<\/a><\/p>\n<p style=\"text-align: center;\"><a href=\"https:\/\/www.municipios.gov.py\/higiniomorinigo\/wp-content\/uploads\/sites\/113\/2016\/06\/Asociacion-de-Productores-Agricolas.pdf\">Asociaci\u00f3n de Productores Agr\u00edcolas<\/a><\/p>\n<p style=\"text-align: center;\"><a href=\"https:\/\/www.municipios.gov.py\/higiniomorinigo\/wp-content\/uploads\/sites\/113\/2016\/06\/Comision-de-Fomento-y-Desarrollo.pdf\">Comisi\u00f3n de Fomento y Desarrollo<\/a><\/p>\n<p style=\"text-align: center;\"><a href=\"https:\/\/www.municipios.gov.py\/higiniomorinigo\/wp-content\/uploads\/sites\/113\/2016\/06\/Comision-de-la-Liga-Deportiva.pdf\">Comisi\u00f3n de la Liga Deportiva<\/a><\/p>\n<p style=\"text-align: center;\"><a href=\"https:\/\/www.municipios.gov.py\/higiniomorinigo\/wp-content\/uploads\/sites\/113\/2016\/06\/Comision-de-trabajadores-de-limpieza-de-caminos-distritales.pdf\">Comisi\u00f3n de trabajadores de limpieza de caminos distritales<\/a><\/p>\n<p style=\"text-align: center;\"><a href=\"https:\/\/www.municipios.gov.py\/higiniomorinigo\/wp-content\/uploads\/sites\/113\/2016\/06\/Comision-del-Oratorio-Sagrado-Corazon-de-Jesus.pdf\">Comisi\u00f3n del Oratorio Sagrado Coraz\u00f3n de Jes\u00fas<\/a><\/p>\n<p style=\"text-align: center;\"><a href=\"https:\/\/www.municipios.gov.py\/higiniomorinigo\/wp-content\/uploads\/sites\/113\/2016\/06\/Comision-del-Oratorio-San-Antonio.pdf\">Comisi\u00f3n del Oratorio San Antonio<\/a><\/p>\n<p style=\"text-align: center;\"><a href=\"https:\/\/www.municipios.gov.py\/higiniomorinigo\/wp-content\/uploads\/sites\/113\/2016\/06\/Comision-Pro-Oratorio-Capiivarymi.pdf\">Comisi\u00f3n Pro Oratorio Capiivarymi<\/a><\/p>\n<p style=\"text-align: center;\"><a href=\"https:\/\/www.municipios.gov.py\/higiniomorinigo\/wp-content\/uploads\/sites\/113\/2016\/06\/Comision-Pro-Vivienda-Virgen-de-Caacupe.pdf\">Comisi\u00f3n Pro Vivienda Virgen de Caacupe<\/a><\/p>\n<p style=\"text-align: center;\"><a href=\"https:\/\/www.municipios.gov.py\/higiniomorinigo\/wp-content\/uploads\/sites\/113\/2016\/06\/Comision-Vecinal-de-la-Compa\u00f1ia-San-Juan-Bautista.pdf\">Comisi\u00f3n Vecinal de la Compa\u00f1\u00eda San Juan Bautista<\/a><\/p>\n<p style=\"text-align: center;\"><a href=\"https:\/\/www.municipios.gov.py\/higiniomorinigo\/wp-content\/uploads\/sites\/113\/2016\/06\/Comision-Vecinal-de-la-Comunidad-de-Shakira.pdf\">Comisi\u00f3n Vecinal de la Comunidad de Shakira<\/a><\/p>\n<p style=\"text-align: center;\"><a href=\"https:\/\/www.municipios.gov.py\/higiniomorinigo\/wp-content\/uploads\/sites\/113\/2016\/06\/Comite-de-Agricultores.pdf\">Comit\u00e9 de Agricultores<\/a><\/p>\n<p style=\"text-align: center;\"><a href=\"https:\/\/www.municipios.gov.py\/higiniomorinigo\/wp-content\/uploads\/sites\/113\/2016\/06\/Comite-de-Mujeres-Beneficiarias-del-Programa-Tekopora-1.pdf\">Comit\u00e9 de Mujeres Beneficiarias del Programa Tekopora 1<\/a><\/p>\n<p style=\"text-align: center;\"><a href=\"https:\/\/www.municipios.gov.py\/higiniomorinigo\/wp-content\/uploads\/sites\/113\/2016\/06\/Comite-de-Mujeres-Beneficiarias-del-Programa-Tekopora.pdf\">Comit\u00e9 de Mujeres Beneficiarias del Programa Tekopora<\/a><\/p>\n<p style=\"text-align: center;\"><a href=\"https:\/\/www.municipios.gov.py\/higiniomorinigo\/wp-content\/uploads\/sites\/113\/2016\/06\/Comite-de-Mujeres-de-la-Chiperia-Santa-Maria.pdf\">Comit\u00e9 de Mujeres de la Chiperia Santa Maria<\/a><\/p>\n<p style=\"text-align: center;\"><a href=\"https:\/\/www.municipios.gov.py\/higiniomorinigo\/wp-content\/uploads\/sites\/113\/2016\/06\/Comite-de-Mujeres-Productoras-Virgen-de-Fatima.pdf\">Comit\u00e9 de Mujeres Productoras Virgen de Fatima<\/a><\/p>\n<p style=\"text-align: center;\"><a href=\"https:\/\/www.municipios.gov.py\/higiniomorinigo\/wp-content\/uploads\/sites\/113\/2016\/06\/Comite-de-Productores-Acuicola.pdf\">Comit\u00e9 de Productores Acuicola<\/a><\/p>\n<p style=\"text-align: center;\"><a href=\"https:\/\/www.municipios.gov.py\/higiniomorinigo\/wp-content\/uploads\/sites\/113\/2016\/06\/Comite-de-productores-Agro-Poty.pdf\">Comit\u00e9 de Productores Agro Poty<\/a><\/p>\n<p style=\"text-align: center;\"><a href=\"https:\/\/www.municipios.gov.py\/higiniomorinigo\/wp-content\/uploads\/sites\/113\/2016\/06\/Comite-de-Productores-Almidoneros.pdf\">Comit\u00e9 de Productores Almidoneros<\/a><\/p>\n<p style=\"text-align: center;\"><a href=\"https:\/\/www.municipios.gov.py\/higiniomorinigo\/wp-content\/uploads\/sites\/113\/2016\/06\/Comite-de-productores-Chokokue-Mbarete.pdf\">Comit\u00e9 de Productores Chokokue Mbarete<\/a><\/p>\n<p style=\"text-align: center;\"><a href=\"https:\/\/www.municipios.gov.py\/higiniomorinigo\/wp-content\/uploads\/sites\/113\/2016\/06\/Comite-de-Productores-Horticolas.pdf\">Comit\u00e9 de Productores Horticolas<\/a><\/p>\n<p style=\"text-align: center;\"><a href=\"https:\/\/www.municipios.gov.py\/higiniomorinigo\/wp-content\/uploads\/sites\/113\/2016\/06\/Comite-de-Productores-O\u00f1ondivepa-\u00d1apua.pdf\">Comit\u00e9 de Productores O\u00f1ondivepa \u00d1apua<\/a><\/p>\n<p style=\"text-align: center;\"><a href=\"https:\/\/www.municipios.gov.py\/higiniomorinigo\/wp-content\/uploads\/sites\/113\/2016\/06\/Comite-de-Productores-Pyapy-Mbarete.pdf\">Comit\u00e9 de Productores Pyapy Mbarete<\/a><\/p>\n<p style=\"text-align: center;\"><a href=\"https:\/\/www.municipios.gov.py\/higiniomorinigo\/wp-content\/uploads\/sites\/113\/2016\/06\/Comite-de-Productores-Sagrado-Corazon-De-Juesus.pdf\">Comit\u00e9 de Productores Sagrado Coraz\u00f3n De Jes\u00fas<\/a><\/p>\n<p style=\"text-align: center;\"><a href=\"https:\/\/www.municipios.gov.py\/higiniomorinigo\/wp-content\/uploads\/sites\/113\/2016\/06\/Comite-de-Productores-San-Estanilao.pdf\">Comit\u00e9 de Productores San Estanilao<\/a><\/p>\n<p style=\"text-align: center;\"><a href=\"https:\/\/www.municipios.gov.py\/higiniomorinigo\/wp-content\/uploads\/sites\/113\/2016\/06\/Comite-de-Productores-Sojeros.pdf\">Comit\u00e9 de Productores Sojeros<\/a><\/p>\n<p style=\"text-align: center;\"><a href=\"https:\/\/www.municipios.gov.py\/higiniomorinigo\/wp-content\/uploads\/sites\/113\/2016\/06\/Comite-Grupo-de-la-Amistad.pdf\">Comit\u00e9 Grupo de la Amistad<\/a><\/p>\n","protected":false},"excerpt":{"rendered":"<p>Asociaci\u00f3n Agropecuaria Takuara Asociaci\u00f3n de Productores Agr\u00edcolas Comisi\u00f3n de Fomento y Desarrollo Comisi\u00f3n de la Liga Deportiva Comisi\u00f3n de trabajadores de limpieza de caminos distritales Comisi\u00f3n del Oratorio Sagrado Coraz\u00f3n de Jes\u00fas Comisi\u00f3n del Oratorio San Antonio Comisi\u00f3n Pro Oratorio Capiivarymi Comisi\u00f3n Pro Vivienda Virgen de Caacupe Comisi\u00f3n Vecinal de la Compa\u00f1\u00eda San Juan Bautista &#8230; <a title=\"Comisi\u00f3n Vecinal\" class=\"read-more\" href=\"https:\/\/www.municipios.gov.py\/higiniomorinigo\/comision-vecinal\/\" aria-label=\"Leer m\u00e1s sobre Comisi\u00f3n Vecinal\">Leer Mas&#8230;<\/a><\/p>\n","protected":false},"author":4,"featured_media":0,"parent":0,"menu_order":0,"comment_status":"closed","ping_status":"closed","template":"","meta":{"generate_page_header":"","jetpack_post_was_ever_published":false,"footnotes":""},"class_list":["post-25","page","type-page","status-publish"],"jetpack_sharing_enabled":true,"jetpack_shortlink":"https:\/\/wp.me\/P8AJKY-p","_links":{"self":[{"href":"https:\/\/www.municipios.gov.py\/higiniomorinigo\/wp-json\/wp\/v2\/pages\/25","targetHints":{"allow":["GET"]}}],"collection":[{"href":"https:\/\/www.municipios.gov.py\/higiniomorinigo\/wp-json\/wp\/v2\/pages"}],"about":[{"href":"https:\/\/www.municipios.gov.py\/higiniomorinigo\/wp-json\/wp\/v2\/types\/page"}],"author":[{"embeddable":true,"href":"https:\/\/www.municipios.gov.py\/higiniomorinigo\/wp-json\/wp\/v2\/users\/4"}],"replies":[{"embeddable":true,"href":"https:\/\/www.municipios.gov.py\/higiniomorinigo\/wp-json\/wp\/v2\/comments?post=25"}],"version-history":[{"count":6,"href":"https:\/\/www.municipios.gov.py\/higiniomorinigo\/wp-json\/wp\/v2\/pages\/25\/revisions"}],"predecessor-version":[{"id":531,"href":"https:\/\/www.municipios.gov.py\/higiniomorinigo\/wp-json\/wp\/v2\/pages\/25\/revisions\/531"}],"wp:attachment":[{"href":"https:\/\/www.municipios.gov.py\/higiniomorinigo\/wp-json\/wp\/v2\/media?parent=25"}],"curies":[{"name":"wp","href":"https:\/\/api.w.org\/{rel}","templated":true}]}}