{"id":133,"date":"2016-07-04T15:18:25","date_gmt":"2016-07-04T15:18:25","guid":{"rendered":"https:\/\/www.municipios.gov.py\/hernandarias\/?page_id=133"},"modified":"2025-04-25T16:07:55","modified_gmt":"2025-04-25T19:07:55","slug":"fonacide","status":"publish","type":"page","link":"https:\/\/www.municipios.gov.py\/hernandarias\/fonacide\/","title":{"rendered":"Fonacide"},"content":{"rendered":"<h4>FONACIDE 2024<\/h4>\n<h4><span style=\"text-decoration: underline;\"><strong>INFORME CUATRIMESTRAL<\/strong><\/span><\/h4>\n<p><strong>1\u00b0 CUATRIMESTRE<\/strong><\/p>\n<p><a href=\"https:\/\/www.municipios.gov.py\/hernandarias\/wp-content\/uploads\/sites\/176\/2024\/09\/Ejecucion-de-Ingreso-FONACIDE.pdf\">Ejecuci\u00f3n Presupuestaria de Ingreso<\/a><\/p>\n<p><a href=\"https:\/\/www.municipios.gov.py\/hernandarias\/wp-content\/uploads\/sites\/176\/2024\/09\/Ejecucion-de-Gastos-FONACIDE.pdf\">Ejecuci\u00f3n Presupuestaria de Gasto<\/a><\/p>\n<p><a href=\"https:\/\/www.municipios.gov.py\/hernandarias\/wp-content\/uploads\/sites\/176\/2024\/09\/B_01_08_-1er.-Cuatrimestre-2024.pdf\">Informe de Gesti\u00f3n-B-01-08<\/a><\/p>\n<p>&nbsp;<\/p>\n<p><strong>2\u00b0 CUATRIMESTRE<\/strong><\/p>\n<p><a href=\"https:\/\/www.municipios.gov.py\/hernandarias\/wp-content\/uploads\/sites\/176\/2024\/11\/Ejecucion-de-Ingreso-FONACIDE-1.pdf\">Ejecuci\u00f3n Presupuestaria de Ingreso<\/a><\/p>\n<p><a href=\"https:\/\/www.municipios.gov.py\/hernandarias\/wp-content\/uploads\/sites\/176\/2024\/11\/Ejecucion-de-Gastos-FONACIDE-1.pdf\">Ejecuci\u00f3n Presupuestaria de Gasto<\/a><\/p>\n<p><a href=\"https:\/\/www.municipios.gov.py\/hernandarias\/wp-content\/uploads\/sites\/176\/2024\/11\/Hernandarias_Segundo-Cuatrimestre-2024_B_01_08.pdf\">Informe de Gesti\u00f3n-B-01-08<\/a><\/p>\n<p>&nbsp;<\/p>\n<p><strong>3\u00b0 CUATRIMESTRE<\/strong><\/p>\n<p><a href=\"https:\/\/www.municipios.gov.py\/hernandarias\/wp-content\/uploads\/sites\/176\/2025\/04\/Ejecucion-de-Ingreso-FONACIDE-3.pdf\">Ejecuci\u00f3n Presupuestaria de Ingreso<\/a><\/p>\n<p><a href=\"https:\/\/www.municipios.gov.py\/hernandarias\/wp-content\/uploads\/sites\/176\/2025\/04\/Ejecucion-de-Gastos-FONACIDE-3.pdf\">Ejecuci\u00f3n Presupuestaria de Gasto<\/a><\/p>\n<p><a href=\"https:\/\/www.municipios.gov.py\/hernandarias\/wp-content\/uploads\/sites\/176\/2025\/04\/Informe-de-Gestion-B_01_08-3.pdf\">Informe de Gesti\u00f3n B_01_08<\/a><\/p>\n<h4><\/h4>\n<p>&nbsp;<\/p>\n<h4>FONACIDE 2023<\/h4>\n<p><span style=\"text-decoration: underline;\"><strong>INFORME CUATRIMESTRAL<\/strong><\/span><\/p>\n<p><strong>1\u00b0 CUATRIMESTRE<\/strong><\/p>\n<p><a href=\"https:\/\/www.municipios.gov.py\/hernandarias\/wp-content\/uploads\/sites\/176\/2023\/11\/Ejecucion-de-Ingreso-Fonacide-1er.-Cuatr.-2023.pdf\">Ejecuci\u00f3n Presupuestaria de Ingreso<\/a><\/p>\n<p><a href=\"https:\/\/www.municipios.gov.py\/hernandarias\/wp-content\/uploads\/sites\/176\/2023\/11\/Ejecucion-de-Gastos-Fonacide-1er.-Cuatr.-2023.pdf\">Ejecuci\u00f3n Presupuestaria de Gasto<\/a><\/p>\n<p><a href=\"https:\/\/www.municipios.gov.py\/hernandarias\/wp-content\/uploads\/sites\/176\/2023\/11\/Informe-de-Gestion-1er.-Cuatr.-2023.pdf\">Informe de Gesti\u00f3n-B-01-08<\/a><\/p>\n<p>&nbsp;<\/p>\n<p><strong>2\u00b0 CUATRIMESTRE<\/strong><\/p>\n<h4><a href=\"https:\/\/www.municipios.gov.py\/hernandarias\/wp-content\/uploads\/sites\/176\/2023\/11\/Ingresos-Fonacide.pdf\">Ejecuci\u00f3n Presupuestaria de Ingreso<\/a><\/h4>\n<p><a href=\"https:\/\/www.municipios.gov.py\/hernandarias\/wp-content\/uploads\/sites\/176\/2023\/11\/Gastos-Fonacide.pdf\">Ejecuci\u00f3n Presupuestaria de Gastos<\/a><\/p>\n<p><a href=\"https:\/\/www.municipios.gov.py\/hernandarias\/wp-content\/uploads\/sites\/176\/2023\/11\/B-01-08-FONACIDE-2o-Cuatr.-2023.pdf\">Informe de Gesti\u00f3n-B-01-08<\/a><\/p>\n<p>&nbsp;<\/p>\n<h4><strong>3\u00b0 CUATRIMESTRE<\/strong><\/h4>\n<p><a href=\"https:\/\/www.municipios.gov.py\/hernandarias\/wp-content\/uploads\/sites\/176\/2024\/04\/Ejecucion-de-Ingreso.pdf\">Ejecuci\u00f3n Presupuestaria de Ingreso<\/a><\/p>\n<p><a href=\"https:\/\/www.municipios.gov.py\/hernandarias\/wp-content\/uploads\/sites\/176\/2024\/04\/Ejecucion-de-Gastos.pdf\">Ejecuci\u00f3n Presupuestaria de Gasto<\/a><\/p>\n<p><a href=\"https:\/\/www.municipios.gov.py\/hernandarias\/wp-content\/uploads\/sites\/176\/2024\/04\/Fonacide-Informe-de-Gestion-B-01-08-Tercer-Cuatrimestre-2023.pdf\">Informe de Gesti\u00f3n-B-01-08<\/a><\/p>\n<p>&nbsp;<\/p>\n<h4>FONACIDE 2022<\/h4>\n<p><span style=\"text-decoration: underline;\"><strong>INFORME CUATRIMESTRAL<\/strong><\/span><\/p>\n<p><strong>1\u00b0 CUATRIMESTRE<\/strong><\/p>\n<p><a href=\"https:\/\/www.municipios.gov.py\/hernandarias\/wp-content\/uploads\/sites\/176\/2022\/07\/Ejecucion-de-Ingreso-y-Gastos-Fonacide.pdf\">Ejecuci\u00f3n Presupuestaria de Ingreso y Gastos<\/a><\/p>\n<p><a href=\"https:\/\/www.municipios.gov.py\/hernandarias\/wp-content\/uploads\/sites\/176\/2022\/07\/Formulario-B-01-08-1er-Cuatrimestre-Municipalidad-de-Hernandarias.pdf\">Informe de Gesti\u00f3n-B-01-08<\/a><\/p>\n<p>&nbsp;<\/p>\n<p><strong>2\u00b0 CUATRIMESTRE<\/strong><\/p>\n<p><a href=\"https:\/\/www.municipios.gov.py\/hernandarias\/wp-content\/uploads\/sites\/176\/2022\/12\/Ejecucion-de-Ingreso-Fonacide.pdf\">Ejecuci\u00f3n Presupuestaria de Ingreso<\/a><\/p>\n<p><a href=\"https:\/\/www.municipios.gov.py\/hernandarias\/wp-content\/uploads\/sites\/176\/2022\/12\/Ejecucion-de-Gastos-Fonacide-1.pdf\">Ejecuci\u00f3n Presupuestaria de Gastos<\/a><\/p>\n<p><a href=\"https:\/\/www.municipios.gov.py\/hernandarias\/wp-content\/uploads\/sites\/176\/2022\/12\/B-01-08-Segundo-Cuatrimestre-2022.pdf\">Informe de Gesti\u00f3n-B-01-08<\/a><\/p>\n<p>&nbsp;<\/p>\n<p><strong>3\u00b0 CUATRIMESTRE<\/strong><\/p>\n<p><a href=\"https:\/\/www.municipios.gov.py\/hernandarias\/wp-content\/uploads\/sites\/176\/2023\/04\/Ejecucion-de-Ingreso-FONACIDE.pdf\">Ejecuci\u00f3n Presupuestaria de Ingreso<\/a><\/p>\n<p><a href=\"https:\/\/www.municipios.gov.py\/hernandarias\/wp-content\/uploads\/sites\/176\/2023\/04\/Ejecucion-de-Gastos-FONACIDE.pdf\">Ejecuci\u00f3n Presupuestaria de Gastos<\/a><\/p>\n<p><a href=\"https:\/\/www.municipios.gov.py\/hernandarias\/wp-content\/uploads\/sites\/176\/2023\/04\/B-01-08-3er.-Cuatr.-2022.pdf\">Informe de Gesti\u00f3n B-01-08<\/a><\/p>\n<p>&nbsp;<\/p>\n<h4><span style=\"color: #800000;\">FONACIDE 2021<\/span><\/h4>\n<p style=\"text-align: center;\"><span style=\"text-decoration: underline;\"><strong>INFORME CUATRIMESTRAL<\/strong><\/span><\/p>\n<p><strong>1\u00b0 CUATRIMESTRE<\/strong><\/p>\n<p><a href=\"https:\/\/www.municipios.gov.py\/hernandarias\/wp-content\/uploads\/sites\/176\/2021\/08\/Ejecuci\u00f3n-de-Ingreso.pdf\">Ejecuci\u00f3n Presupuestaria de Ingreso<\/a><\/p>\n<p><a href=\"https:\/\/www.municipios.gov.py\/hernandarias\/wp-content\/uploads\/sites\/176\/2021\/08\/Ejecuci\u00f3n-de-Gasto.pdf\">Ejecuci\u00f3n Presupuestaria de Gastos<\/a><\/p>\n<p><a href=\"https:\/\/www.municipios.gov.py\/hernandarias\/wp-content\/uploads\/sites\/176\/2021\/08\/Informe-de-Gesti\u00f3n-fonacide-2021-1er.pdf\">Informe de Gesti\u00f3n-B-01-08<\/a><\/p>\n<p>&nbsp;<\/p>\n<p>&nbsp;<\/p>\n<p><strong>2\u00b0 CUATRIMESTRE<\/strong><\/p>\n<p><a href=\"https:\/\/www.municipios.gov.py\/hernandarias\/wp-content\/uploads\/sites\/176\/2021\/11\/Ejecucion-de-Ingreso-Fonacide-2o-Cuatr.2021.pdf\">Ejecuci\u00f3n Presupuestaria de Ingreso<\/a><\/p>\n<p><a href=\"https:\/\/www.municipios.gov.py\/hernandarias\/wp-content\/uploads\/sites\/176\/2021\/11\/Ejecucion-de-Gasto-Fonacide-2o-Cuatr.-2021.pdf\">Ejecuci\u00f3n Presupuestaria de Gastos<\/a><\/p>\n<p><a href=\"https:\/\/www.municipios.gov.py\/hernandarias\/wp-content\/uploads\/sites\/176\/2021\/12\/Formulario-Anexo-B-01-08-2do.-Cuatr.2021-Pag.-Web.pdf\">Informe de Gesti\u00f3n B-01-08<\/a><\/p>\n<p>&nbsp;<\/p>\n<p><strong>3\u00b0 CUATRIMESTRE<\/strong><\/p>\n<p><a href=\"https:\/\/www.municipios.gov.py\/hernandarias\/wp-content\/uploads\/sites\/176\/2022\/04\/2.-Ejecucion-de-Ingreso-1.pdf\">Ejecuci\u00f3n Presupuestaria de Ingreso<\/a><\/p>\n<p><a href=\"https:\/\/www.municipios.gov.py\/hernandarias\/wp-content\/uploads\/sites\/176\/2022\/04\/3.-Ejecucion-de-Gastos-1.pdf\">Ejecuci\u00f3n Presupuestaria de Gastos<\/a><\/p>\n<p><a href=\"https:\/\/www.municipios.gov.py\/hernandarias\/wp-content\/uploads\/sites\/176\/2022\/04\/1.-Formulario-B-01-08-2021.pdf\">Informe de Gesti\u00f3n B-01-08<\/a><\/p>\n<p>&nbsp;<\/p>\n<p>&nbsp;<\/p>\n<p>&nbsp;<\/p>\n<p>&nbsp;<\/p>\n<h4><span style=\"color: #800000;\">FONACIDE 2020<\/span><\/h4>\n<p style=\"text-align: center;\"><span style=\"text-decoration: underline;\"><strong>INFORME CUATRIMESTRAL<\/strong><\/span><\/p>\n<p><strong>1\u00b0 CUATRIMESTRE<\/strong><\/p>\n<p><a href=\"https:\/\/www.municipios.gov.py\/hernandarias\/wp-content\/uploads\/sites\/176\/2020\/09\/Ejecucion-de-Ingreso-2020_rotated.pdf\">Ejecuci\u00f3n Presupuestaria de Ingreso <\/a><\/p>\n<p><a href=\"https:\/\/www.municipios.gov.py\/hernandarias\/wp-content\/uploads\/sites\/176\/2020\/09\/Ejecucion-de-Gasto-2020_rotated.pdf\">Ejecuci\u00f3n Presupuestaria de Gastos <\/a><\/p>\n<p><a href=\"https:\/\/www.municipios.gov.py\/hernandarias\/wp-content\/uploads\/sites\/176\/2020\/09\/Anexo-B-01-08-FONACIDE2.pdf\">Informe de Gesti\u00f3n B-01-08<\/a><\/p>\n<p>&nbsp;<\/p>\n<h4>2\u00b0 CUATRIMESTRE<\/h4>\n<h4><a href=\"https:\/\/www.municipios.gov.py\/hernandarias\/wp-content\/uploads\/sites\/176\/2020\/12\/Ejecuci\u00f3n-de-Ingreso_rotated.pdf\">Ejecuci\u00f3n Presupuestaria de Ingreso<\/a><\/h4>\n<h4><a href=\"https:\/\/www.municipios.gov.py\/hernandarias\/wp-content\/uploads\/sites\/176\/2020\/12\/Ejecuci\u00f3n-de-Gasto_rotated.pdf\">Ejecuci\u00f3n Presupuestaria de Gastos<\/a><\/h4>\n<h4><a href=\"https:\/\/www.municipios.gov.py\/hernandarias\/wp-content\/uploads\/sites\/176\/2020\/12\/Informe-de-Gesti\u00f3n-2\u00ba-Cuatr._rotated.pdf\">Informe de Gesti\u00f3n B-01-08<\/a><\/h4>\n<p>&nbsp;<\/p>\n<h4><strong>3\u00b0 CUATRIMESTRE<\/strong><\/h4>\n<h4><a href=\"https:\/\/www.municipios.gov.py\/hernandarias\/wp-content\/uploads\/sites\/176\/2021\/04\/Ejecuci\u00f3n-de-Ingreso-Fonacide.pdf\">Ejecuci\u00f3n Presupuestaria de Ingreso<\/a><\/h4>\n<p><a href=\"https:\/\/www.municipios.gov.py\/hernandarias\/wp-content\/uploads\/sites\/176\/2021\/04\/Ejecuci\u00f3n-de-Gastos-Fonacide.pdf\">Ejecuci<\/a><a href=\"https:\/\/www.municipios.gov.py\/hernandarias\/wp-content\/uploads\/sites\/176\/2021\/04\/Ejecuci\u00f3n-de-Ingreso-Fonacide.pdf\">\u00f3<\/a><a href=\"https:\/\/www.municipios.gov.py\/hernandarias\/wp-content\/uploads\/sites\/176\/2021\/04\/Ejecuci\u00f3n-de-Gastos-Fonacide.pdf\">n Presupuestaria de Gastos<\/a><\/p>\n<h4><a href=\"https:\/\/www.municipios.gov.py\/hernandarias\/wp-content\/uploads\/sites\/176\/2021\/04\/Informe-de-Gesti\u00f3n-P\u00e1g.-Web.pdf\">Informe de Gesti\u00f3n B-01-08<\/a><\/h4>\n<h4><\/h4>\n<h4><\/h4>\n<h4><\/h4>\n<h4><span style=\"color: #800000;\">FONA<\/span><span style=\"color: #800000;\">CIDE 2019<\/span><\/h4>\n<p style=\"text-align: center;\"><span style=\"text-decoration: underline;\"><strong>INFORME CUATRIMESTRAL<\/strong><\/span><\/p>\n<pre>3\u00b0 CUATRIMESTRE\r\n<a href=\"https:\/\/www.municipios.gov.py\/hernandarias\/wp-content\/uploads\/sites\/176\/2020\/07\/EJECUCION-PRESUPUESTARIA-DE-INGRESO-rotado.pdf\">Ejecucion Presupuestaria de Ingreso<\/a>\r\n<a href=\"https:\/\/www.municipios.gov.py\/hernandarias\/wp-content\/uploads\/sites\/176\/2020\/07\/EJECUCION-DE-GASTOS-rotated-1.pdf\">Ejecucion Presupuestaria de Gastos<\/a>\r\n<a href=\"https:\/\/www.municipios.gov.py\/hernandarias\/wp-content\/uploads\/sites\/176\/2020\/07\/Informe-de-Gesti\u00f3n-B-01-08-rotado.pdf\">Informe de Gesti\u00f3n B-01-08<\/a>\r\n\r\n\r\n2\u00b0 CUATRIMESTRE\r\n<a href=\"https:\/\/www.municipios.gov.py\/hernandarias\/wp-content\/uploads\/sites\/176\/2020\/01\/Ejecucion-Presupuestaria-Ingreso-y-Egreso.pdf\">Ejecuci\u00f3n Presupuestaria Ingreso y Egreso<\/a>\r\n<a href=\"https:\/\/www.municipios.gov.py\/hernandarias\/wp-content\/uploads\/sites\/176\/2020\/01\/Informe-de-Gestion-B-01-08.pdf\">Informe de Gesti\u00f3n B-01-08<\/a>\r\n\r\n1\u00b0 CUATRIMESTRE\r\n<a href=\"https:\/\/www.municipios.gov.py\/hernandarias\/wp-content\/uploads\/sites\/176\/2019\/07\/Ejecucion-Presupuestaria-de-Ingresos-y-Gastos.pdf\">Ejecuci\u00f3n Presupuestaria de Ingresos y Gastos<\/a>\r\n<a href=\"https:\/\/www.municipios.gov.py\/hernandarias\/wp-content\/uploads\/sites\/176\/2019\/07\/Informe-de-Gestion-Form.-B-01-08.pdf\">Informe de Gesti\u00f3n - Form. B-01-08<\/a><\/pre>\n<h4><\/h4>\n<h4><span style=\"color: #800000;\">FONACIDE 2018<\/span><\/h4>\n<p style=\"text-align: center;\"><span style=\"text-decoration: underline;\"><strong>INFORME CUATRIMESTRAL<\/strong><\/span><\/p>\n<pre>3\u00ba CUATRIMESTRE\r\n<a href=\"https:\/\/www.municipios.gov.py\/hernandarias\/wp-content\/uploads\/sites\/176\/2019\/03\/Ejecucion-Presupuestaria-de-Gastos.pdf\">Ejecuci\u00f3n Presupuestaria de Gastos<\/a>\r\n<a href=\"https:\/\/www.municipios.gov.py\/hernandarias\/wp-content\/uploads\/sites\/176\/2019\/03\/Ejecuci\u00f2n-Presupuestaria-de-Ingresos.pdf\">Ejecuci\u00f3n Presupuestaria de Ingresos<\/a>\r\n<a href=\"https:\/\/www.municipios.gov.py\/hernandarias\/wp-content\/uploads\/sites\/176\/2019\/03\/Informe-de-Gestion-Form.-B-01-08.pdf\">Informe de Gesti\u00f3n - Form. B-01-08<\/a>\r\n\r\n2\u00ba CUATRIMESTRE\r\n<a href=\"https:\/\/www.municipios.gov.py\/hernandarias\/wp-content\/uploads\/sites\/176\/2018\/11\/Ejecuci\u00f3n-Presupuestaria-de-Gastos.pdf\">Ejecuci\u00f3n Presupuestaria de Gastos<\/a>\r\n<a href=\"https:\/\/www.municipios.gov.py\/hernandarias\/wp-content\/uploads\/sites\/176\/2018\/11\/Ejecuci\u00f3n-Presupuestaria-de-Ingresos.pdf\">Ejecuci\u00f3n Presupuestaria de Ingresos<\/a> \r\n<a href=\"https:\/\/www.municipios.gov.py\/hernandarias\/wp-content\/uploads\/sites\/176\/2018\/11\/Informe-de-Gestion-Form.-B-01-08.pdf\">Informe de Gestion Form. B-01-08<\/a>\r\n<a href=\"https:\/\/www.municipios.gov.py\/hernandarias\/wp-content\/uploads\/sites\/176\/2018\/11\/Nota.pdf\">Nota<\/a> \r\n\r\n1\u00ba CUATRIMESTRE\r\n<a href=\"https:\/\/www.municipios.gov.py\/hernandarias\/wp-content\/uploads\/sites\/176\/2018\/08\/Ejecuci\u00f3n-Presupuestaria-de-Gastos.pdf\">Ejecuci\u00f3n Presupuestaria de Gastos<\/a>\r\n<a href=\"https:\/\/www.municipios.gov.py\/hernandarias\/wp-content\/uploads\/sites\/176\/2018\/08\/Ejecuci\u00f3n-Presupuestaria-de-Ingresos.pdf\">Ejecuci\u00f3n Presupuestaria de Ingresos<\/a>\r\n<a href=\"https:\/\/www.municipios.gov.py\/hernandarias\/wp-content\/uploads\/sites\/176\/2018\/08\/Informe-de-Resultado-de-Gesti\u00f3n.pdf\">Informe de Resultado de Gesti\u00f3n<\/a>\r\n<a href=\"https:\/\/www.municipios.gov.py\/hernandarias\/wp-content\/uploads\/sites\/176\/2018\/08\/Nota-1\u00ba-Cuatrimestre.pdf\">Nota 1\u00ba Cuatrimestre<\/a><\/pre>\n<h5><\/h5>\n<h4><span style=\"color: #800000;\"><strong>FONACIDE 2017<\/strong><\/span><\/h4>\n<pre>                                                      <span style=\"text-decoration: underline;\"><strong> INFORME TRIMESTRAL\r\n\r\n<\/strong><\/span><strong>1\u00ba TRIMESTRE<\/strong>\r\n<a href=\"https:\/\/www.municipios.gov.py\/hernandarias\/wp-content\/uploads\/sites\/176\/2017\/12\/Ejecuci\u00f3n-Presupuestaria-de-Gastos.pdf\">Ejecuci\u00f3n Presupuestaria de Gastos<\/a> \r\n<a href=\"https:\/\/www.municipios.gov.py\/hernandarias\/wp-content\/uploads\/sites\/176\/2017\/12\/Ejecuci\u00f3n-Presupuestaria-de-Recursos.pdf\">Ejecuci\u00f3n Presupuestaria de Ingresos<\/a> <a href=\"https:\/\/www.municipios.gov.py\/hernandarias\/wp-content\/uploads\/sites\/176\/2019\/03\/Form.-B-01-08.pdf\">Form. B-01-08<\/a>\r\n<a href=\"https:\/\/www.municipios.gov.py\/hernandarias\/wp-content\/uploads\/sites\/176\/2017\/12\/Informe-de-Resultado-de-Gesti\u00f3n.pdf\">Informe de Resultado de Gesti\u00f3n<\/a>\r\n\r\n<strong>2\u00ba TRIMESTRE<\/strong>\r\n<a href=\"https:\/\/www.municipios.gov.py\/hernandarias\/wp-content\/uploads\/sites\/176\/2017\/12\/Ejecuci\u00f3n-Presupuestaria-de-Gastos-1.pdf\">Ejecuci\u00f3n Presupuestaria de Gastos<\/a> \r\n<a href=\"https:\/\/www.municipios.gov.py\/hernandarias\/wp-content\/uploads\/sites\/176\/2017\/12\/Ejecuci\u00f3n-Presupuestaria-de-Ingresos.pdf\">Ejecuci\u00f3n Presupuestaria de Ingresos<\/a> \r\n<a href=\"https:\/\/www.municipios.gov.py\/hernandarias\/wp-content\/uploads\/sites\/176\/2017\/12\/Informe-de-Gestion-de-Recursos.pdf\">Informe de Resultado de Gesti\u00f3n<\/a>\r\n\r\n<strong>3\u00ba TRIMESTRE\r\n<\/strong><a href=\"https:\/\/www.municipios.gov.py\/hernandarias\/wp-content\/uploads\/sites\/176\/2017\/12\/Ejecuci\u00f3n-Presupuestaria-de-Gastos-2.pdf\">Ejecuci\u00f3n Presupuestaria de Gastos\r\n<\/a><a href=\"https:\/\/www.municipios.gov.py\/hernandarias\/wp-content\/uploads\/sites\/176\/2017\/12\/Ejecuci\u00f3n-Presupuestaria-de-Ingresos-1.pdf\">Ejecuci\u00f3n Presupuestaria de Ingresos<\/a> \r\n<a href=\"https:\/\/www.municipios.gov.py\/hernandarias\/wp-content\/uploads\/sites\/176\/2017\/12\/Informe-de-Gesti\u00f3n-de-Recursos.pdf\">Informe de Resultado de Gesti\u00f3n<\/a><strong>\r\n\r\n4\u00ba TRIMESTRE\r\n<\/strong><a href=\"https:\/\/www.municipios.gov.py\/hernandarias\/wp-content\/uploads\/sites\/176\/2018\/04\/Ejecuci\u00f3n-Presupuestaria-de-Gastos-1.pdf\">Ejecuci\u00f3n Presupuestaria de Gastos<\/a>\r\n<a href=\"https:\/\/www.municipios.gov.py\/hernandarias\/wp-content\/uploads\/sites\/176\/2018\/04\/Ejecuci\u00f3n-Presupuestaria-de-Ingresos-1.pdf\">Ejecuci\u00f3n Presupuestaria de Ingresos<\/a>\r\n<a href=\"https:\/\/www.municipios.gov.py\/hernandarias\/wp-content\/uploads\/sites\/176\/2018\/04\/Informe-de-Resultado-de-Gesti\u00f3n-1.pdf\">Informe de Resultado de Gesti\u00f3n<\/a>\r\n\r\n\r\n\r\n\r\n                                                   <span style=\"text-decoration: underline;\"><strong>INFORME CUATRIMESTRAL\r\n\r\n<\/strong><\/span><strong>1\u00ba CUATRIMESTRE<\/strong>\r\n<span style=\"color: #3366ff;\"><a href=\"https:\/\/www.municipios.gov.py\/hernandarias\/wp-content\/uploads\/sites\/176\/2016\/07\/1_ejec_presu_de_gastos_cuatri.pdf\">Ejecuci\u00f3n Presupuestaria de Gastos<\/a>\r\n<a href=\"https:\/\/www.municipios.gov.py\/hernandarias\/wp-content\/uploads\/sites\/176\/2016\/07\/1_ejec_presu_de_ingreso_cuatri.pdf\">Ejecuci\u00f3n Presupuestaria de Ingreso<\/a>\r\n<a href=\"https:\/\/www.municipios.gov.py\/hernandarias\/wp-content\/uploads\/sites\/176\/2016\/07\/1_hernandarias_cuatri.pdf\">Informe de Resultado de Gesti\u00f3n <\/a> \r\n<a href=\"https:\/\/www.municipios.gov.py\/hernandarias\/wp-content\/uploads\/sites\/176\/2016\/07\/1_nota_cuatrimestre.pdf\">Nota_1\u00ba Cuatrimestre<\/a> \r\n\r\n<\/span>\r\n<strong>2\u00ba CUATRIMESTRE\r\n<\/strong><a href=\"https:\/\/www.municipios.gov.py\/hernandarias\/wp-content\/uploads\/sites\/176\/2017\/12\/ejecucion-presupuestaria-de-gastos.pdf\">Ejecuci\u00f3n Presupuestaria de Gastos\r\n<\/a><a href=\"https:\/\/www.municipios.gov.py\/hernandarias\/wp-content\/uploads\/sites\/176\/2017\/12\/ejecucion-presupuestaria-de-recursos.pdf\">Ejecuci\u00f3n Presupuestaria de Ingresos\r\n<\/a><a href=\"https:\/\/www.municipios.gov.py\/hernandarias\/wp-content\/uploads\/sites\/176\/2017\/12\/informe-de-resultado-de-gestion.pdf\">Informe de Resultado de Gesti\u00f3n\r\n<\/a><a href=\"https:\/\/www.municipios.gov.py\/hernandarias\/wp-content\/uploads\/sites\/176\/2018\/04\/Nota-Segundo-Cuatrimestre.pdf\">Nota Segundo Cuatrimestre<\/a>\r\n<strong>\r\n\r\n3\u00ba CUATRIMESTRE\r\n<\/strong><a href=\"https:\/\/www.municipios.gov.py\/hernandarias\/wp-content\/uploads\/sites\/176\/2018\/04\/Ejecuci\u00f3n-Presupuestaria-de-Gastos..pdf\">Ejecuci\u00f3n Presupuestaria de Gastos.<\/a>\r\n<a href=\"https:\/\/www.municipios.gov.py\/hernandarias\/wp-content\/uploads\/sites\/176\/2018\/04\/Ejecuci\u00f3n-Presupuestaria-de-Ingresos.pdf\">Ejecuci\u00f3n Presupuestaria de Ingresos<\/a>\r\n<a href=\"https:\/\/www.municipios.gov.py\/hernandarias\/wp-content\/uploads\/sites\/176\/2018\/04\/Informe-de-Resultado-de-Gesti\u00f3n-2.pdf\">Informe de Resultado de Gesti\u00f3n<\/a>\r\n<a href=\"https:\/\/www.municipios.gov.py\/hernandarias\/wp-content\/uploads\/sites\/176\/2018\/04\/Constancia.pdf\">Constancia<\/a>\r\n<a href=\"https:\/\/www.municipios.gov.py\/hernandarias\/wp-content\/uploads\/sites\/176\/2018\/04\/Nota.pdf\">Nota<\/a>\r\n\r\n\r\n\r\n                                                        <span style=\"text-decoration: underline;\"><strong>INFORME SEMESTRAL\r\n<\/strong><\/span>\r\n<strong>1\u00ba SEMESTRE\r\n<\/strong><span style=\"color: #3366ff;\"><a href=\"https:\/\/www.municipios.gov.py\/hernandarias\/wp-content\/uploads\/sites\/176\/2016\/07\/1_ejecucion_de_gastos_semestral.pdf\">Ejecuci\u00f3n de Gastos Semestral<\/a> \r\n<a href=\"https:\/\/www.municipios.gov.py\/hernandarias\/wp-content\/uploads\/sites\/176\/2016\/07\/1_ejecucion_de_ingreso_semestral.pdf\">Ejecuci\u00f3n Presupuestaria de Ingreso<\/a> \r\n<a href=\"https:\/\/www.municipios.gov.py\/hernandarias\/wp-content\/uploads\/sites\/176\/2016\/07\/1_constancia_semestral.pdf\">Constancia Semestral\r\n<\/a><a href=\"https:\/\/www.municipios.gov.py\/hernandarias\/wp-content\/uploads\/sites\/176\/2016\/07\/1_nota_semestral.pdf\">Nota Semestral\r\n<\/a><\/span>\r\n<strong>2\u00ba SEMESTRE\r\n<\/strong><a href=\"https:\/\/www.municipios.gov.py\/hernandarias\/wp-content\/uploads\/sites\/176\/2018\/04\/Ejecuci\u00f3n-Presupuestaria-de-Gastos.pdf\">Ejecuci\u00f3n Presupuestaria de Gastos<\/a>\r\n<a href=\"https:\/\/www.municipios.gov.py\/hernandarias\/wp-content\/uploads\/sites\/176\/2018\/04\/Ejecuci\u00f3n-Prepuestaria-de-Ingresos.pdf\">Ejecuci\u00f3n Presupuestaria de Ingresos<\/a>\r\n<a href=\"https:\/\/www.municipios.gov.py\/hernandarias\/wp-content\/uploads\/sites\/176\/2018\/04\/Constancia..pdf\">Constancia<\/a>\r\n<a href=\"https:\/\/www.municipios.gov.py\/hernandarias\/wp-content\/uploads\/sites\/176\/2018\/04\/Nota.-1.pdf\">Nota<\/a>\r\n\r\n\r\n\r\n<\/pre>\n<h5><span style=\"color: #800000;\"><strong>FONACIDE 2016<\/strong><\/span><\/h5>\n<pre><a href=\"https:\/\/www.municipios.gov.py\/hernandarias\/wp-content\/uploads\/sites\/176\/2016\/07\/RENDICION_FONACIDE_1ER_SEMESTRE.pdf\">RENDICION_FONACIDE_1ER_SEMESTRE\r\n<\/a><a href=\"https:\/\/www.municipios.gov.py\/hernandarias\/wp-content\/uploads\/sites\/176\/2016\/07\/INFORME_SEMESTRAL_CGR.pdf\">INFORME_SEMESTRAL_CGR\r\n<\/a><a href=\"https:\/\/www.municipios.gov.py\/hernandarias\/wp-content\/uploads\/sites\/176\/2016\/07\/INFORME_DE_GESTION_SEMETRAL.pdf\">INFORME_DE_GESTION_SEMESTRAL<\/a> \r\n<a href=\"https:\/\/www.municipios.gov.py\/hernandarias\/wp-content\/uploads\/sites\/176\/2016\/07\/EJECUCION_FONACIDE.pdf\">EJECUCION_FONACIDE<\/a><\/pre>\n","protected":false},"excerpt":{"rendered":"<p>FONACIDE 2024 INFORME CUATRIMESTRAL 1\u00b0 CUATRIMESTRE Ejecuci\u00f3n Presupuestaria de Ingreso Ejecuci\u00f3n Presupuestaria de Gasto Informe de Gesti\u00f3n-B-01-08 &nbsp; 2\u00b0 CUATRIMESTRE Ejecuci\u00f3n Presupuestaria de Ingreso Ejecuci\u00f3n Presupuestaria de Gasto Informe de Gesti\u00f3n-B-01-08 &nbsp; 3\u00b0 CUATRIMESTRE Ejecuci\u00f3n Presupuestaria de Ingreso Ejecuci\u00f3n Presupuestaria de Gasto Informe de Gesti\u00f3n B_01_08 &nbsp; FONACIDE 2023 INFORME CUATRIMESTRAL 1\u00b0 CUATRIMESTRE Ejecuci\u00f3n Presupuestaria &#8230; <a title=\"Fonacide\" class=\"read-more\" href=\"https:\/\/www.municipios.gov.py\/hernandarias\/fonacide\/\" aria-label=\"Leer m\u00e1s sobre Fonacide\">Leer Mas&#8230;<\/a><\/p>\n","protected":false},"author":4,"featured_media":0,"parent":0,"menu_order":0,"comment_status":"closed","ping_status":"closed","template":"","meta":{"generate_page_header":"","jetpack_post_was_ever_published":false,"footnotes":""},"class_list":["post-133","page","type-page","status-publish"],"jetpack_sharing_enabled":true,"jetpack_shortlink":"https:\/\/wp.me\/PaP3BO-29","_links":{"self":[{"href":"https:\/\/www.municipios.gov.py\/hernandarias\/wp-json\/wp\/v2\/pages\/133","targetHints":{"allow":["GET"]}}],"collection":[{"href":"https:\/\/www.municipios.gov.py\/hernandarias\/wp-json\/wp\/v2\/pages"}],"about":[{"href":"https:\/\/www.municipios.gov.py\/hernandarias\/wp-json\/wp\/v2\/types\/page"}],"author":[{"embeddable":true,"href":"https:\/\/www.municipios.gov.py\/hernandarias\/wp-json\/wp\/v2\/users\/4"}],"replies":[{"embeddable":true,"href":"https:\/\/www.municipios.gov.py\/hernandarias\/wp-json\/wp\/v2\/comments?post=133"}],"version-history":[{"count":91,"href":"https:\/\/www.municipios.gov.py\/hernandarias\/wp-json\/wp\/v2\/pages\/133\/revisions"}],"predecessor-version":[{"id":4102,"href":"https:\/\/www.municipios.gov.py\/hernandarias\/wp-json\/wp\/v2\/pages\/133\/revisions\/4102"}],"wp:attachment":[{"href":"https:\/\/www.municipios.gov.py\/hernandarias\/wp-json\/wp\/v2\/media?parent=133"}],"curies":[{"name":"wp","href":"https:\/\/api.w.org\/{rel}","templated":true}]}}