{"id":83,"date":"2016-07-04T14:28:52","date_gmt":"2016-07-04T14:28:52","guid":{"rendered":"https:\/\/www.municipios.gov.py\/guayaibi\/?page_id=83"},"modified":"2020-09-16T10:04:04","modified_gmt":"2020-09-16T14:04:04","slug":"procedimientos-previstos-para-acceder-a-los-documentos","status":"publish","type":"page","link":"https:\/\/www.municipios.gov.py\/guayaibi\/procedimientos-previstos-para-acceder-a-los-documentos\/","title":{"rendered":"Procedimientos previstos para acceder a los documentos"},"content":{"rendered":"<p><span style=\"color: #ff0000;\"><em><strong>OFICINA DE ACCESO A LA INFORMACI\u00d3N P\u00daBLICA\u00a0<\/strong><\/em><\/span><\/p>\n<p>Mediante la Resoluci\u00f3n<strong> N\u00ba 013\/2020<\/strong> se ha dado apertura a la Oficina de Acceso a la Informaci\u00f3n P\u00fablica designando como responsable a los Funcionarios: Lic. Lourdes Mercedes Salinas L\u00f3pez y el Abog. Aristides Estigarribia.<\/p>\n<p>De est\u00e1 manera los ciudadanos tienen la oportunidad de acceder a la Informaci\u00f3n P\u00fablica en la Oficina de la Municipalidad o trav\u00e9s del Portal dentro del marco de la Ley 5.282\/2014 \u201cDe libre acceso ciudadano a la Informaci\u00f3n P\u00fablica y Transparencia Gubernamental\u00bb.<\/p>\n<p><em><span style=\"color: #ff0000;\"><strong>FUNCIONES DE LOS RESPONSABLES DE LA A.I.P.<\/strong><\/span><\/em><\/p>\n<ol>\n<li>Coordinar en materia de acceso a la informaci\u00f3n p\u00fablica y fungir como ventanilla \u00fanica para la recepci\u00f3n de solicitudes de informaci\u00f3n p\u00fablica.<\/li>\n<li>Orientar y asistir al solicitante que as\u00ed lo requiera en forma sencilla y comprensible.<\/li>\n<li>Coordinar que la informaci\u00f3n p\u00fablica sea debidamente recabada y difundida.<\/li>\n<li>Coordinar que las solicitudes de acceso a la informaci\u00f3n se reciban y se tramiten en los t\u00e9rminos que establece la Ley 5.282\/2014.<\/li>\n<li>Coordinar los tr\u00e1mites necesarios para que toda la informaci\u00f3n p\u00fablica sea entregada en el menor tiempo posible.<\/li>\n<li>Coordinar el registro de las solicitudes de acceso a la informaci\u00f3n.<\/li>\n<li>Administrar el portal y los sistemas electr\u00f3nicos que se desarrollen para el acceso a la informaci\u00f3n.<\/li>\n<li>Coordinar el desarrollo de las tareas tendientes a la sistematizaci\u00f3n, tratamiento y protecci\u00f3n de la informaci\u00f3n.<\/li>\n<\/ol>\n<p><em><span style=\"color: #ff0000;\"><strong>FORMULARIO DE SOLICITUD DE ACCESO A LA INFORMACI\u00d3N P\u00daBLICA<\/strong><\/span><\/em><\/p>\n<p><strong><a href=\"https:\/\/www.municipios.gov.py\/guayaibi\/wp-content\/uploads\/sites\/153\/2018\/03\/Formulario-de-Solicitud-de-Informaci\u00f3n.pdf\">Formulario-de-Solicitud-de-Informaci\u00f3n<\/a>.<\/strong><\/p>\n","protected":false},"excerpt":{"rendered":"<p>OFICINA DE ACCESO A LA INFORMACI\u00d3N P\u00daBLICA\u00a0 Mediante la Resoluci\u00f3n N\u00ba 013\/2020 se ha dado apertura a la Oficina de Acceso a la Informaci\u00f3n P\u00fablica designando como responsable a los Funcionarios: Lic. Lourdes Mercedes Salinas L\u00f3pez y el Abog. Aristides Estigarribia. De est\u00e1 manera los ciudadanos tienen la oportunidad de acceder a la Informaci\u00f3n P\u00fablica &#8230; <a title=\"Procedimientos previstos para acceder a los documentos\" class=\"read-more\" href=\"https:\/\/www.municipios.gov.py\/guayaibi\/procedimientos-previstos-para-acceder-a-los-documentos\/\" aria-label=\"Leer m\u00e1s sobre Procedimientos previstos para acceder a los documentos\">Leer Mas&#8230;<\/a><\/p>\n","protected":false},"author":4,"featured_media":0,"parent":0,"menu_order":0,"comment_status":"closed","ping_status":"closed","template":"","meta":{"generate_page_header":"","jetpack_post_was_ever_published":false,"footnotes":""},"class_list":["post-83","page","type-page","status-publish"],"jetpack_sharing_enabled":true,"jetpack_shortlink":"https:\/\/wp.me\/P8AJQM-1l","_links":{"self":[{"href":"https:\/\/www.municipios.gov.py\/guayaibi\/wp-json\/wp\/v2\/pages\/83","targetHints":{"allow":["GET"]}}],"collection":[{"href":"https:\/\/www.municipios.gov.py\/guayaibi\/wp-json\/wp\/v2\/pages"}],"about":[{"href":"https:\/\/www.municipios.gov.py\/guayaibi\/wp-json\/wp\/v2\/types\/page"}],"author":[{"embeddable":true,"href":"https:\/\/www.municipios.gov.py\/guayaibi\/wp-json\/wp\/v2\/users\/4"}],"replies":[{"embeddable":true,"href":"https:\/\/www.municipios.gov.py\/guayaibi\/wp-json\/wp\/v2\/comments?post=83"}],"version-history":[{"count":8,"href":"https:\/\/www.municipios.gov.py\/guayaibi\/wp-json\/wp\/v2\/pages\/83\/revisions"}],"predecessor-version":[{"id":2096,"href":"https:\/\/www.municipios.gov.py\/guayaibi\/wp-json\/wp\/v2\/pages\/83\/revisions\/2096"}],"wp:attachment":[{"href":"https:\/\/www.municipios.gov.py\/guayaibi\/wp-json\/wp\/v2\/media?parent=83"}],"curies":[{"name":"wp","href":"https:\/\/api.w.org\/{rel}","templated":true}]}}