{"id":2,"date":"2016-06-30T17:59:43","date_gmt":"2016-06-30T17:59:43","guid":{"rendered":"https:\/\/www.municipios.gov.py\/generaldelgado\/?page_id=2"},"modified":"2019-01-31T17:59:43","modified_gmt":"2019-01-31T20:59:43","slug":"pagina-ejemplo","status":"publish","type":"page","link":"https:\/\/www.municipios.gov.py\/generaldelgado\/","title":{"rendered":"Informaci\u00f3n"},"content":{"rendered":"<h3><span style=\"color: #000080;\"><b>General Jos\u00e9 Mar\u00eda Delgado<\/b> es una Ciudad del <a style=\"color: #000080;\" title=\"Paraguay\" href=\"https:\/\/es.wikipedia.org\/wiki\/Paraguay\">Paraguay<\/a> situada en el <a style=\"color: #000080;\" title=\"Departamento de Itap\u00faa\" href=\"https:\/\/es.wikipedia.org\/wiki\/Departamento_de_Itap%C3%BAa\">departamento de Itap\u00faa<\/a>. Est\u00e1 ubicada a 288 <a class=\"mw-redirect\" style=\"color: #000080;\" title=\"Km\" href=\"https:\/\/es.wikipedia.org\/wiki\/Km\">km<\/a> de la ciudad de <a class=\"mw-redirect\" style=\"color: #000080;\" title=\"Misiones (departamento Paraguay)\" href=\"https:\/\/es.wikipedia.org\/wiki\/Misiones_(departamento_Paraguay)\">Asunci\u00f3n<\/a>, capital del pa\u00eds, y a 82\u00a0km de la ciudad de <a style=\"color: #000080;\" title=\"Encarnaci\u00f3n (Paraguay)\" href=\"https:\/\/es.wikipedia.org\/wiki\/Encarnaci%C3%B3n_(Paraguay)\">Encarnaci\u00f3n<\/a>, capital del departamento, cuenta con una superficie de 52.000 hect\u00e1reas.<\/span><\/h3>\n<h2><span id=\"Toponimia\" class=\"mw-headline\">Toponimia<\/span><\/h2>\n<p>El distrito lleva este nombre de <b>General Jos\u00e9 Mar\u00eda Delgado<\/b>; quien fuese jefe militar durante <a class=\"mw-redirect\" title=\"La Guerra de la Triple Alianza\" href=\"https:\/\/es.wikipedia.org\/wiki\/La_Guerra_de_la_Triple_Alianza\">La Guerra de la Triple Alianza<\/a> o Guerra del Paraguay, llamada por los paraguayos Guerra Grande o Guerra contra la Triple Alianza y por los brasile\u00f1os Guerra do Paraguay.<\/p>\n<p>Antiguamente era conocida como <b>San Luis de las Misiones<\/b>.<\/p>\n<h2><span id=\"Historia\" class=\"mw-headline\">Historia<\/span><\/h2>\n<p>No se conoce con exactitud la fecha de fundaci\u00f3n, pero se sabe que por decreto ley N\u00b0 10365 del 6 de agosto de 1919 se habilitaba como colonia \u00abSan Luis\u00bb, hoy en d\u00eda Distrito General Jos\u00e9 Mar\u00eda Delgado; que en aquel entonces depend\u00eda de la jurisdicci\u00f3n de Santiago, departamento de Misiones, sin establecerse los limites correspondientes por no haberse a\u00fan mensurado y subdividido en lotes todas las tierras fiscales ubicadas en dicho paraje, hasta el 4 de octubre de 1938 perteneci\u00f3 al Departamento de Misiones. Figuraba en los mapas como San Luis de las Misiones.<\/p>\n<p>Por Decreto N\u00b0 9.501 se lo anexa a Cnel. Bogado (Itap\u00faa). Finalmente por Ley N\u00b0 260 de fecha 20 de junio de 1955 se crea el Distrito de categor\u00eda C, adoptando el nombre de \u201cDistrito de General Jos\u00e9 Mar\u00eda Delgado\u201d haciendo honor a uno de los valerosos h\u00e9roes de la Guerra del 70.<\/p>\n<p>Puede considerarse entonces que la fecha de fundaci\u00f3n de esta localidad es el 06 de agosto de 1919, seg\u00fan los documentos con que se cuenta.<\/p>\n<p>Fueron primeros pobladores y propulsores de la entonces \u201ccolonia San Luis\u201d, los se\u00f1ores: <b>Francisco Villalba (Agrimensor &#8211; Topografista)<\/b>, Joaqu\u00edn Ibarra, Juan Ireneo Cand\u00eda, Pablo Ibarra, Gumercindo B\u00e1ez, Marcelo Ibarra, Vicente Ben\u00edtez, Fructuoso Esteche, Modesto Ibarra, Juan Vicente L\u00f3pez, Ciriaco Gim\u00e9nez (Telegrafista), Br\u00edgido B\u00e1ez, Manuel Ibarra Cardozo, Silvino B\u00e1ez, Fidel Setrini y otros. Seg\u00fan afirmaciones de los antiguos pobladores y descendientes de fundadores, los vecinos de la denominada Colonia San Luis formaron una Comisi\u00f3n para organizar la Ciudad y as\u00ed comenzaron a desmantelar una peque\u00f1a isla que servir\u00eda de lugar para el nuevo pueblo; hoy d\u00eda Distrito General Jos\u00e9 Mar\u00eda Delgado.<\/p>\n<p>Los hombres hac\u00edan el desmonte mientras que las mujeres cocinaban para los labriegos. Las primeras cocineras fueron la se\u00f1ora C\u00e1ndida M\u00e9reles de L\u00f3pez, Cerafina L\u00f3pez e Idelfonza M\u00e9reles de B\u00e1ez. Terminado de limpiar el lugar comenzaron a mensurar las tierras y preparar las primeras calles del lugar, trabajo que estaba a cargo del Se\u00f1or Francisco Villalba. Al concluir la mensura para el nuevo pueblo, fueron construidas las primeras instituciones como ser la comisaria, la Escuela y la Iglesia cuya construcci\u00f3n fue hecha primeramente de adobe<\/p>\n<p>El 6 d agosto se recuerda la fecha fundacional, llev\u00e1ndose a cabo diversas actividades, como ser Festivales Culturales \u2013 Art\u00edsticos, fiestas bailables, y como ya es costumbre la tradicional \u201cFiesta Taurina\u201d, en la que acuden delegaciones de la zona e invitados.<\/p>\n<p>A San Luis Gonzaga lo tienen como Santo Patrono, cuya Fiesta es el 21 de Junio.<\/p>\n<p>A partir de agosto de del a\u00f1o 1999 el distrito cuenta con una bandera que lo representa, fue creada por el Dr. Walter M\u00e9reles, y elegida a trav\u00e9s de un concurso p\u00fablico.<\/p>\n<h2><span id=\"Geograf.C3.ADa\" class=\"mw-headline\">Geograf\u00eda<\/span><\/h2>\n<p>El distrito de General Delgado se encuentra en la zona este del departamento de Itap\u00faa. Sus l\u00edmites son los siguientes:<\/p>\n<ul>\n<li>Norte: distrito de <a title=\"General Artigas (Paraguay)\" href=\"https:\/\/es.wikipedia.org\/wiki\/General_Artigas_(Paraguay)\">General Artigas<\/a>.<\/li>\n<li>Sur: distrito de <a title=\"San Cosme y Dami\u00e1n\" href=\"https:\/\/es.wikipedia.org\/wiki\/San_Cosme_y_Dami%C3%A1n\">San Cosme y Dami\u00e1n<\/a>.<\/li>\n<li>Este: distrito de <a class=\"mw-redirect\" title=\"Coronel Bogado (Paraguay)\" href=\"https:\/\/es.wikipedia.org\/wiki\/Coronel_Bogado_(Paraguay)\">Coronel Bogado<\/a>.<\/li>\n<li>Oeste: departamento de <a class=\"mw-redirect\" title=\"Misiones (departamento Paraguay)\" href=\"https:\/\/es.wikipedia.org\/wiki\/Misiones_(departamento_Paraguay)\">Misiones<\/a>.<\/li>\n<\/ul>\n<p>El Distrito de General Delgado posee un total de 25 compa\u00f1\u00edas.<\/p>\n<p>1- C\u00f1ia. San Isidro<\/p>\n<p>2- C\u00f1ia. Posta Cue<\/p>\n<p>3- C\u00f1ia. San Pedrito \u2013 Y\u2019ak\u00e4<\/p>\n<p>4- C\u00f1ia. San Antonio . Jhugua Guasu<\/p>\n<p>5- C\u00f1ia. Jhuga Guasu<\/p>\n<p>6- C\u00f1ia. San Blas<\/p>\n<p>7- C\u00f1ia. Santa Librada<\/p>\n<p>8- C\u00f1ia. Paso Laurel<\/p>\n<p>9- C\u00f1ia. San Dionisio<\/p>\n<p>10- C\u00f1ia. San Estanislao \u2013 Yvyr\u00e4 Hak\u00fc\u00e4<\/p>\n<p>11- C\u00f1ia. Santa Lucia<\/p>\n<p>12- C\u00f1ia. Villa del Rosario \u2013 Mandyju tygue.<\/p>\n<p>13- C\u00f1ia. Punta Por\u00e4 \u2013 Ma Auxiliador<\/p>\n<p>14- C\u00f1ia. Tava\u2019i<\/p>\n<p>15- C\u00f1ia. San Jose &#8211; Tajy Kar\u00eb<\/p>\n<p>16- C\u00f1ia. Santa Rosa<\/p>\n<p>17- C\u00f1ia. Ka\u2019aty<\/p>\n<p>18- C\u00f1ia. Calle San Antonio &#8211; Punta Por\u00e4<\/p>\n<p>19- C\u00f1ia. Lomita \u2013 Calle Pyt\u00e4<\/p>\n<p>20- C\u00f1ia. Calle Santa Maria<\/p>\n<p>21- C\u00f1ia. Tatar\u00eb \u2013 Santa Lucia<\/p>\n<p>22- C\u00f1ia. Arroyo Yacarey<\/p>\n<p>23- C\u00f1ia. Estero Pirity Cora<\/p>\n<p>24- C\u00f1ia. Pikada H\u00fc<\/p>\n<p>25- C\u00f1ia. Yvyraty \u2013 \u201cViraty\u201d \u2013 Posta Cue<\/p>\n<h2><span id=\"Poblaci.C3.B3n\" class=\"mw-headline\">Poblaci\u00f3n<\/span><\/h2>\n<p>Su poblaci\u00f3n asciende a los 10.000 habitantes aproximadamente (ref. 2011).<\/p>\n<h2><span id=\"Cultura\" class=\"mw-headline\">Cultura<\/span><\/h2>\n<p>El 6 de agosto se recuerda la fecha fundacional, llev\u00e1ndose a cabo diversas actividades, como ser<br \/>\nFestivales Culturales \u2013 Art\u00edsticos, Fiestas bailables, y como ya es costumbre la tradicional \u201cFiesta Taurina\u201d, en la que acuden delegaciones de la zona e invitados. Honran a su Santo Patrono <a class=\"mw-redirect\" title=\"San Luis Gonzaga\" href=\"https:\/\/es.wikipedia.org\/wiki\/San_Luis_Gonzaga\">San Luis Gonzaga<\/a> cuya fecha de fiesta patronal es el <a title=\"21 de junio\" href=\"https:\/\/es.wikipedia.org\/wiki\/21_de_junio\">21 de junio<\/a>.<\/p>\n<h2><span id=\"Religi.C3.B3n\" class=\"mw-headline\">Religi\u00f3n<\/span><\/h2>\n<p>Cuenta con una Iglesia Parroquial (la primera iglesia, escuela y comisaria al principio fueron hecho de adob\u00e9 y techo de paja, dicha labor estuvo a cargo del <b>Sr. Francisco Villalba<\/b>) de arquitectura moderna, donde a\u00fan se conservan trabajos de escultura Jesu\u00edtica, varias obras de artes creados a mano por el Rvdo. Padre Germ\u00e1n Hengelbert Piepper (1924 \u2013 1998), de la Congregaci\u00f3n del Verbo Divino, a dicho Sacerdote la comunidad le debe la construcci\u00f3n de los dos principales colegios secundarios funcionando en la actualidad; dichos colegios son: &#8211; Colegio Subv. Cristo Rey &#8211; zona urbana. &#8211; colegio Subv. San Dionisio -Compa\u00f1\u00eda San Dionisio.<\/p>\n<h2><span id=\"Educaci.C3.B3n\" class=\"mw-headline\">Educaci\u00f3n<\/span><\/h2>\n<p>Escuela N\u00b0 211 \u201cCarlos Antonio L\u00f3pez\u201d<\/p>\n<p>La primera escuela que comenz\u00f3 a funcionar en la ciudad de General Delgado data aproximadamente del a\u00f1o 1927 con el nombre de \u201cGral. Higinio Mor\u00ednigo\u201d, la misma actualmente se denomina Escuela B\u00e1sica N\u00b0 211 \u201cCarlos Antonio L\u00f3pez\u201d y es base de uno de los dos Centros Educativos con que cuenta el Distrito.<\/p>\n<p>La primera directora de la mencionada instituci\u00f3n fue Juana Vda. de Leiva. En su homenaje una de las calles de la ciudad lleva su nombre.<\/p>\n<p>La Escuela B\u00e1sica N\u00b0 211 \u201cCarlos Antonio L\u00f3pez\u201d se constituye en la base del Centro Educativo N\u00b0 9 y cuenta con seis escuelas asociadas.<\/p>\n<p>Colegio \u201cCarlos Antonio L\u00f3pez\u201d<\/p>\n<p>El Primero y Segundo Curso de la Educaci\u00f3n Media y T\u00e9cnica, \u00e9nfasis en Ciencias B\u00e1sicas, y el tercer curso desde el a\u00f1o 2006 (a\u00f1o de Lanzamiento de la Primera Promoci\u00f3n de Bachilleres con \u00c9nfasis en Ciencias B\u00e1sicas ) funciona en el predio de la Esc. B\u00e1sica N\u00ba 211 \u201cCarlos A. L\u00f3pez\u201d, asiento del \u00c1rea Educativo N\u00ba 9.<\/p>\n<p>Centro de Alfabetizaci\u00f3n y Educaci\u00f3n de Adultos<\/p>\n<p>Con el fin de disminuir el problema de analfabetismo, las autoridades de General Delgado crearon el 6 de septiembre de 1991, en una Asamblea llevada a cabo en el Teatro Parroquial de la comunidad de la que participaron todos los docentes del \u00e1rea de influencia del Distrito.<\/p>\n<p>Las clases son desarrolladas en el turno noche en el local de la Escuela B\u00e1sica N\u00b0 211 \u201cCarlos Antonio L\u00f3pez\u201d.<\/p>\n<p>Escuela B\u00e1sica N\u00b0 306 Parroquial \u201cCristo Rey\u201d<\/p>\n<p>Comenz\u00f3 a funcionar a partir del a\u00f1o <a title=\"1963\" href=\"https:\/\/es.wikipedia.org\/wiki\/1963\">1963<\/a>, la primera directora fue Isabel Ymas de Ram\u00edrez.<\/p>\n<p>El local escolar fue construido bajo la direcci\u00f3n del Rvdo. Padre Wolgan Boschert, m\u00e1s tarde ampliado y modernizado por el Rvdo. Padre Hermman Engelbert Piepper.<\/p>\n<p>Desde el a\u00f1o 1981 la Escuela B\u00e1sica N\u00b0 306 Parroquial \u201cCristo Rey\u201d hoy pas\u00f3 a constituirse en Centro Educativo, dependiente de la Supervisi\u00f3n Zona \u201cD\u201d Itap\u00faa.<\/p>\n<p>Del mismo modo la Escuela B\u00e1sica N\u00b0 306 Parroquial \u201cCristo Rey\u201d se constituye en la base del Centro Educativo N\u00b0 4, contando con seis escuelas asociadas.<\/p>\n<p>Colegio \u201cCristo Rey\u201d<\/p>\n<p>Esta instituci\u00f3n comenz\u00f3 a funcionar a partir del a\u00f1o 1960 por Decreto N\u00b0 428. Cre\u00e1ndose el primer curso B\u00e1sico en forma particular en la que fue nombrada primera Directora la Profesora Lilian Labiste. En 1963 se habilit\u00f3 en forma oficial el Primer Curso B\u00e1sico con la denominaci\u00f3n de Liceo de Gral. Delgado, siendo la Directora la Profesora Ada Graciana Sotomayor de Setrini.<\/p>\n<p>En 1978, se eleva a la categor\u00eda de Colegio Nacional \u201cCristo Rey\u201d, ya con rubros del Estado y funcionando siempre en el local que pertenece a la Di\u00f3cesis de Encarnaci\u00f3n. En 1992, se habilit\u00f3 el Bachillerato Comercial en el turno noche y en 1997, este ciclo pasa a ser Ciclo Bachillerato T\u00e9cnico en Contabilidad.<\/p>\n<h2><span id=\"Descripci.C3.B3n_General\" class=\"mw-headline\">Descripci\u00f3n General<\/span><\/h2>\n<p>El distrito <b>General Jos\u00e9 Mar\u00eda Delgado<\/b> cuenta entre otras cosas con 4 Radioemisoras de Frecuencia modulada, ubicadas todas en la zona urbana del distrito: \u201c89.9 Fm Radio Fiesta\u201d<\/p>\n<p>\u201c95.1 Fm Radio Portal\u201d<\/p>\n<p>\u00ab97.7 Fm Radio Arapoty\u00bb<\/p>\n<p>\u201c105.7 Fm Radio San Luis\u201d<\/p>\n<p>Adem\u00e1s una radioemisora comunitaria ubicada en la compa\u00f1\u00eda Villa del Rosario: \u201c96.5 Fm Radio Mbarete\u201d<\/p>\n<p>Cuenta adem\u00e1s con una Comisaria (N\u00ba 29) situada en la Zona Urbana sobre ruta 1 y una sub Comisaria situada en la compa\u00f1\u00eda San Dionisio. &#8211; Posee un Polideportivo Municipal, en la cual se realizan la mayor\u00eda de los eventos bailables;<\/p>\n<p>&#8211; Tiene su propia Liga de Futbol, llamada <b>Liga General Jos\u00e9 Mar\u00eda Delgado<\/b> la cual se refund\u00f3 el d\u00eda 21 de Enero de 2014 (la anterior Liga hab\u00eda sido fundada el 29\/02\/1988, y duro aproximadamente 7 a\u00f1os), en la que participan 6 Clubes todas pertenecientes al distrito.<\/p>\n<p>Algunas de las Empresas &amp; Comercios con las que cuenta son: &#8211; La Empresa Trociuk y Cia.<\/p>\n<p>&#8211; Empresa de transport\u00e9 \u201cBoquer\u00f3n E.I.R.L.\u201d<\/p>\n<p>&#8211; Empresa \u201cAAP\u201d &#8211; Aero Agr\u00edcola Paraguaya<\/p>\n<p>&#8211; F\u00e1brica de Az\u00facar Morena<\/p>\n<p>&#8211; Secadero<\/p>\n<p>&#8211; Estaciones de servicio \u201cBR \u2013 Petrobras &amp; Pretrosur\u201d<\/p>\n<p>&#8211; Playas de Motos<\/p>\n<p>&#8211; Farmacias<\/p>\n<p>&#8211; Ferreter\u00edas<\/p>\n<p>&#8211; Veterinarias<\/p>\n<p>&#8211; Marroquiner\u00eda<\/p>\n<p>&#8211; Materiales de Construcciones<\/p>\n<p>&#8211; Zapater\u00edas<\/p>\n<p>&#8211; Panader\u00edas<\/p>\n<p>&#8211; Chiperias<\/p>\n<p>&#8211; Parador &amp; Bares<\/p>\n<p>&#8211; Supermercados, entre otros comercios.<\/p>\n<p>En el sector agr\u00edcola y ganadera, cuenta con varias ganader\u00edas dedicadas a la producci\u00f3n de leche, queso &amp; a la venta de Ganados; adem\u00e1s tambi\u00e9n en los \u00faltimos a\u00f1os ha crecido bastante la producci\u00f3n de arroz y trigo, entre otros.<\/p>\n<h2><span id=\"Hecho_sin_Precedentes\" class=\"mw-headline\">Hecho sin Precedentes<\/span><\/h2>\n<p>El 24 de marzo de 2013 se llev\u00f3 a cabo la inauguraci\u00f3n oficial de las calles asfaltadas del casco urbano del Municipio de General Delgado; de dicho evento participaron el Ministro de Obras P\u00fablicas Enrique Salyn Buzarquis y el Senador Luis Alberto Wagner.En la ciudad de General Delgado, ser\u00e1 recordado el 16 de marzo de 2013 como un d\u00eda Hist\u00f3rico, puesto que desde esa fecha se empez\u00f3 a asfaltar todas las calles del casco urbano, gracias a un convenio entre el M.O.P.C. y la Municipalidad de General Delgado, este logro se le debe principalmente a las Gestiones encabezadas por el Concejal Departamental de Itap\u00faa Justo Flores y el Intendente de turno de General Delgado Florent\u00edn Ben\u00edtez.<\/p>\n<p>El 15 de julio de 2013 fue el d\u00eda en que comenz\u00f3 el trabajo de asfaltado de la Calle Rub\u00e9n Rodr\u00edguez, tramo San Luis \u2013 San Dionisio; este logro para la Comunidad se debe principalmente a las gestiones encabezadas por el Concejal Departamental Justo Flores y el Intendente de turno de General Delgado, Florent\u00edn Ben\u00edtez.<\/p>\n<p>La Comunidad Delgadense estar\u00e1 eternamente agradecida con estos Se\u00f1ores por su labor para el Distrito de General Delgado.<\/p>\n","protected":false},"excerpt":{"rendered":"<p>General Jos\u00e9 Mar\u00eda Delgado es una Ciudad del Paraguay situada en el departamento de Itap\u00faa. Est\u00e1 ubicada a 288 km de la ciudad de Asunci\u00f3n, capital del pa\u00eds, y a 82\u00a0km de la ciudad de Encarnaci\u00f3n, capital del departamento, cuenta con una superficie de 52.000 hect\u00e1reas. Toponimia El distrito lleva este nombre de General Jos\u00e9 &#8230; <a title=\"Informaci\u00f3n\" class=\"read-more\" href=\"https:\/\/www.municipios.gov.py\/generaldelgado\/\" aria-label=\"Leer m\u00e1s sobre Informaci\u00f3n\">Leer Mas&#8230;<\/a><\/p>\n","protected":false},"author":4,"featured_media":0,"parent":0,"menu_order":0,"comment_status":"closed","ping_status":"closed","template":"","meta":{"generate_page_header":"","jetpack_post_was_ever_published":false,"footnotes":""},"class_list":["post-2","page","type-page","status-publish"],"jetpack_sharing_enabled":true,"jetpack_shortlink":"https:\/\/wp.me\/P8AJNy-2","_links":{"self":[{"href":"https:\/\/www.municipios.gov.py\/generaldelgado\/wp-json\/wp\/v2\/pages\/2","targetHints":{"allow":["GET"]}}],"collection":[{"href":"https:\/\/www.municipios.gov.py\/generaldelgado\/wp-json\/wp\/v2\/pages"}],"about":[{"href":"https:\/\/www.municipios.gov.py\/generaldelgado\/wp-json\/wp\/v2\/types\/page"}],"author":[{"embeddable":true,"href":"https:\/\/www.municipios.gov.py\/generaldelgado\/wp-json\/wp\/v2\/users\/4"}],"replies":[{"embeddable":true,"href":"https:\/\/www.municipios.gov.py\/generaldelgado\/wp-json\/wp\/v2\/comments?post=2"}],"version-history":[{"count":8,"href":"https:\/\/www.municipios.gov.py\/generaldelgado\/wp-json\/wp\/v2\/pages\/2\/revisions"}],"predecessor-version":[{"id":234,"href":"https:\/\/www.municipios.gov.py\/generaldelgado\/wp-json\/wp\/v2\/pages\/2\/revisions\/234"}],"wp:attachment":[{"href":"https:\/\/www.municipios.gov.py\/generaldelgado\/wp-json\/wp\/v2\/media?parent=2"}],"curies":[{"name":"wp","href":"https:\/\/api.w.org\/{rel}","templated":true}]}}