{"id":2,"date":"2016-06-30T17:59:43","date_gmt":"2016-06-30T17:59:43","guid":{"rendered":"https:\/\/www.municipios.gov.py\/fuerteolimpo\/?page_id=2"},"modified":"2019-05-21T11:04:29","modified_gmt":"2019-05-21T15:04:29","slug":"pagina-ejemplo","status":"publish","type":"page","link":"https:\/\/www.municipios.gov.py\/fuerteolimpo\/","title":{"rendered":"Informaci\u00f3n"},"content":{"rendered":"<blockquote>\n<h1 style=\"text-align: center;\"><em><span style=\"color: #808000;\">Fuerte Olimpo<\/span><\/em><\/h1>\n<\/blockquote>\n<p style=\"text-align: justify;\"><span style=\"color: #808000;\">Es la capital del departamento de Alto Paraguay. Se encuentra ubicado en el norte del pa\u00eds a orillas del r\u00edo Paraguay. Dista a 760\u00a0km de Asunci\u00f3n. Originalmente se llam\u00f3 <b>Fuerte Borb\u00f3n<\/b>, en homenaje a la dinast\u00eda reinante en Espa\u00f1a de la \u00e9poca. Se la conoce tambi\u00e9n como \u201cla puerta de entrada al Pantanal\u201d.<\/span><\/p>\n<p style=\"text-align: justify;\"><span style=\"color: #808000;\"><img loading=\"lazy\" decoding=\"async\" class=\"size-full wp-image-315 aligncenter\" src=\"https:\/\/www.municipios.gov.py\/fuerteolimpo\/wp-content\/uploads\/sites\/138\/2016\/06\/regular_cahco_jpg.jpg\" alt=\"Pantanal paraguayo, Fuerte Olimpo-Alto Paraguay\" width=\"550\" height=\"336\" srcset=\"https:\/\/www.municipios.gov.py\/fuerteolimpo\/wp-content\/uploads\/sites\/138\/2016\/06\/regular_cahco_jpg.jpg 550w, https:\/\/www.municipios.gov.py\/fuerteolimpo\/wp-content\/uploads\/sites\/138\/2016\/06\/regular_cahco_jpg-300x183.jpg 300w\" sizes=\"auto, (max-width: 550px) 100vw, 550px\" \/><\/span><\/p>\n<p style=\"text-align: justify;\"><span style=\"color: #808000;\">La ciudad est\u00e1 situada en el extremo este del Chaco sobre la margen derecha del r\u00edo Paraguay, pr\u00e1cticamente frente al lugar en el que el r\u00edo Blanco desemboca en el r\u00edo Paraguay, un lugar que en la actualidad depende de Brasil. Por el norte y por el este, se explayan los inmensos humedales del llamado Gran Pantanal, aunque el casco hist\u00f3rico de Fuerte Olimpo se ubica en una zona relativamente elevada y a resguardo de las inundaciones. Por el lado sudoeste, desde el interior del Chaco, afluye el r\u00edo Melo, e tambi\u00e9n desagua sobre el r\u00edo Paraguay.<\/span><br \/>\n<iframe loading=\"lazy\" style=\"border: 0px none;\" src=\"https:\/\/www.google.com\/maps\/embed?pb=!1m18!1m12!1m3!1d23668.89392949648!2d-57.89614696583992!3d-21.04437070333568!2m3!1f0!2f0!3f0!3m2!1i1024!2i768!4f13.1!3m3!1m2!1s0x947a397c82ba767d%3A0x3d2dffbe79727473!2sFuerte+Olimpo!5e1!3m2!1ses!2spy!4v1470759452750\" width=\"600\" height=\"450\" frameborder=\"0\" allowfullscreen=\"allowfullscreen\"><\/iframe><br \/>\n<span style=\"color: #808000;\"> \u00a0<\/span><\/p>\n<p style=\"text-align: justify;\"><span style=\"color: #808000;\">Fuerte Olimpo est\u00e1 rodeada de un gran murall\u00f3n de 4\u00a0km de extensi\u00f3n.<\/span><\/p>\n<h2 style=\"text-align: center;\"><span id=\"Clima\" class=\"mw-headline\" style=\"color: #808000;\">Clima<\/span><\/h2>\n<p style=\"text-align: justify;\"><span style=\"color: #808000;\">El clima es tropical, con una m\u00e1xima de 45\u00a0\u00b0C en verano, y una m\u00ednima de 9\u00a0\u00b0C en invierno. La media es de 25\u00a0\u00b0C. Se presentan largas sequ\u00edas seguidas de torrenciales lluvias.<\/span><\/p>\n<div class=\"thumb tright\" style=\"text-align: justify;\">\n<div class=\"thumbinner\" style=\"text-align: justify;\">\n<p><img loading=\"lazy\" decoding=\"async\" class=\"wp-image-302 aligncenter\" src=\"https:\/\/www.municipios.gov.py\/fuerteolimpo\/wp-content\/uploads\/sites\/138\/2016\/06\/300px-Ciudad_de_Fuerte_Olimpo.jpg\" alt=\"300px-Ciudad_de_Fuerte_Olimpo\" width=\"484\" height=\"250\" \/><\/p>\n<div class=\"thumbcaption\"><span style=\"color: #808000;\">\u00a0<\/span><\/div>\n<\/div>\n<\/div>\n<h2 style=\"text-align: center;\"><span id=\"Geograf.C3.ADa\" class=\"mw-headline\" style=\"color: #808000;\">Geograf\u00eda<\/span><\/h2>\n<p style=\"text-align: justify;\"><span style=\"color: #808000;\">Se trata de una llanura que no sobrepasa los 300 msnm. Existen ondulaciones espor\u00e1dicas y las tierras son f\u00e9rtiles para la agricultura y la ganader\u00eda.<\/span><\/p>\n<p style=\"text-align: justify;\"><img loading=\"lazy\" decoding=\"async\" class=\"size-full wp-image-342 aligncenter\" src=\"https:\/\/www.municipios.gov.py\/fuerteolimpo\/wp-content\/uploads\/sites\/138\/2016\/06\/Screenshot_2016-08-09-13-04-18-11.png\" alt=\"Agricultura en Fuerte Olimpo\" width=\"1355\" height=\"745\" srcset=\"https:\/\/www.municipios.gov.py\/fuerteolimpo\/wp-content\/uploads\/sites\/138\/2016\/06\/Screenshot_2016-08-09-13-04-18-11.png 1355w, https:\/\/www.municipios.gov.py\/fuerteolimpo\/wp-content\/uploads\/sites\/138\/2016\/06\/Screenshot_2016-08-09-13-04-18-11-300x165.png 300w, https:\/\/www.municipios.gov.py\/fuerteolimpo\/wp-content\/uploads\/sites\/138\/2016\/06\/Screenshot_2016-08-09-13-04-18-11-768x422.png 768w, https:\/\/www.municipios.gov.py\/fuerteolimpo\/wp-content\/uploads\/sites\/138\/2016\/06\/Screenshot_2016-08-09-13-04-18-11-1024x563.png 1024w\" sizes=\"auto, (max-width: 1355px) 100vw, 1355px\" \/><\/p>\n<p style=\"text-align: justify;\"><span style=\"color: #808000;\">Fuerte Olimpo est\u00e1 ubicada entre dos colinas bajas, en una est\u00e1 el Fuerte Bord\u00f3n y en la otra, la Catedral de Mar\u00eda Auxiliadora.<\/span><\/p>\n<p style=\"text-align: justify;\"><img loading=\"lazy\" decoding=\"async\" class=\"wp-image-316 alignnone\" src=\"https:\/\/www.municipios.gov.py\/fuerteolimpo\/wp-content\/uploads\/sites\/138\/2016\/06\/CATEDRAL-DE-MARIA-AUXILIADORA.jpg\" alt=\"CATEDRAL DE MARIA AUXILIADORA\" width=\"178\" height=\"174\" \/><img loading=\"lazy\" decoding=\"async\" class=\"wp-image-317 alignleft\" src=\"https:\/\/www.municipios.gov.py\/fuerteolimpo\/wp-content\/uploads\/sites\/138\/2016\/06\/FUERTE-OLIMPO-030.jpg\" alt=\"FUERTE DE BORBON\" width=\"281\" height=\"166\" srcset=\"https:\/\/www.municipios.gov.py\/fuerteolimpo\/wp-content\/uploads\/sites\/138\/2016\/06\/FUERTE-OLIMPO-030.jpg 3177w, https:\/\/www.municipios.gov.py\/fuerteolimpo\/wp-content\/uploads\/sites\/138\/2016\/06\/FUERTE-OLIMPO-030-300x177.jpg 300w, https:\/\/www.municipios.gov.py\/fuerteolimpo\/wp-content\/uploads\/sites\/138\/2016\/06\/FUERTE-OLIMPO-030-768x454.jpg 768w, https:\/\/www.municipios.gov.py\/fuerteolimpo\/wp-content\/uploads\/sites\/138\/2016\/06\/FUERTE-OLIMPO-030-1024x605.jpg 1024w\" sizes=\"auto, (max-width: 281px) 100vw, 281px\" \/><\/p>\n<p style=\"text-align: justify;\"><span style=\"color: #808000;\">Los cerros <b>3 hermanos<\/b> son elevaciones en la zona, en la cima del cerro del medio es posible divisar los palmares de caranday en Paraguay y los humedales del Pantanal del Nabileque y la Sierra de Bord\u00f3n en Brasil.<\/span><\/p>\n<p style=\"text-align: justify;\"><span style=\"color: #808000;\"><img loading=\"lazy\" decoding=\"async\" class=\"size-full wp-image-314 aligncenter\" src=\"https:\/\/www.municipios.gov.py\/fuerteolimpo\/wp-content\/uploads\/sites\/138\/2016\/06\/FUERTE-OLIMPO-003.jpg\" alt=\"DCIM100MEDIADJI_0106.JPG\" width=\"3779\" height=\"2126\" srcset=\"https:\/\/www.municipios.gov.py\/fuerteolimpo\/wp-content\/uploads\/sites\/138\/2016\/06\/FUERTE-OLIMPO-003.jpg 3779w, https:\/\/www.municipios.gov.py\/fuerteolimpo\/wp-content\/uploads\/sites\/138\/2016\/06\/FUERTE-OLIMPO-003-300x169.jpg 300w, https:\/\/www.municipios.gov.py\/fuerteolimpo\/wp-content\/uploads\/sites\/138\/2016\/06\/FUERTE-OLIMPO-003-768x432.jpg 768w, https:\/\/www.municipios.gov.py\/fuerteolimpo\/wp-content\/uploads\/sites\/138\/2016\/06\/FUERTE-OLIMPO-003-1024x576.jpg 1024w\" sizes=\"auto, (max-width: 3779px) 100vw, 3779px\" \/><\/span><\/p>\n<h2 style=\"text-align: center;\"><span id=\"Demograf.C3.ADa\" class=\"mw-headline\" style=\"color: #808000;\">Demograf\u00eda<\/span><\/h2>\n<p style=\"text-align: justify;\"><span style=\"color: #808000;\">Fuerte Olimpo cuenta con 5.200 habitantes en total, de los cuales, 2.600 son varones y 2.600 mujeres, seg\u00fan estimaciones de la Direcci\u00f3n General de Estad\u00edsticas, Encuestas y Censos.<\/span><\/p>\n<h2 style=\"text-align: center;\"><span id=\"Econom.C3.ADa\" class=\"mw-headline\" style=\"color: #808000;\">Econom\u00eda<\/span><\/h2>\n<p style=\"text-align: justify;\"><span style=\"color: #808000;\">La principal actividad de la zona es la ganader\u00eda vacuna, realizada principalmente con razas que tienen aportes gen\u00e9ticos del ceb\u00fa (ej. brahman, brangus etc.).<\/span><\/p>\n<p style=\"text-align: justify;\"><img loading=\"lazy\" decoding=\"async\" class=\"size-full wp-image-318 aligncenter\" src=\"https:\/\/www.municipios.gov.py\/fuerteolimpo\/wp-content\/uploads\/sites\/138\/2016\/06\/GANADO-VACUNO.jpg\" alt=\"GANADO VACUNO\" width=\"640\" height=\"384\" srcset=\"https:\/\/www.municipios.gov.py\/fuerteolimpo\/wp-content\/uploads\/sites\/138\/2016\/06\/GANADO-VACUNO.jpg 640w, https:\/\/www.municipios.gov.py\/fuerteolimpo\/wp-content\/uploads\/sites\/138\/2016\/06\/GANADO-VACUNO-300x180.jpg 300w\" sizes=\"auto, (max-width: 640px) 100vw, 640px\" \/><\/p>\n<p style=\"text-align: justify;\"><span style=\"color: #808000;\"> El r\u00edo Paraguay y sus afluentes son ricos en pesca, pero tambi\u00e9n padecen de una mala gesti\u00f3n por parte de los humanos por lo cual la pesca y la fauna fluvial en general como los arirays -nutrias gigantes-, yacar\u00e9s, carpinchos, se ven muy amenazadas.<\/span><\/p>\n<p style=\"text-align: justify;\"><span style=\"color: #808000;\">El \u00e1rea de Fuerte Olimpo tiene un natural atractivo tur\u00edstico destac\u00e1ndose a\u00fan en el 2010 el turismo de aventura, procedente principalmente de Europa y Am\u00e9rica del Norte.<\/span><\/p>\n","protected":false},"excerpt":{"rendered":"<p>Fuerte Olimpo Es la capital del departamento de Alto Paraguay. Se encuentra ubicado en el norte del pa\u00eds a orillas del r\u00edo Paraguay. Dista a 760\u00a0km de Asunci\u00f3n. Originalmente se llam\u00f3 Fuerte Borb\u00f3n, en homenaje a la dinast\u00eda reinante en Espa\u00f1a de la \u00e9poca. Se la conoce tambi\u00e9n como \u201cla puerta de entrada al Pantanal\u201d. &#8230; <a title=\"Informaci\u00f3n\" class=\"read-more\" href=\"https:\/\/www.municipios.gov.py\/fuerteolimpo\/\" aria-label=\"Leer m\u00e1s sobre Informaci\u00f3n\">Leer Mas&#8230;<\/a><\/p>\n","protected":false},"author":4,"featured_media":0,"parent":0,"menu_order":0,"comment_status":"closed","ping_status":"closed","template":"","meta":{"generate_page_header":"","jetpack_post_was_ever_published":false,"footnotes":""},"class_list":["post-2","page","type-page","status-publish"],"jetpack_sharing_enabled":true,"jetpack_shortlink":"https:\/\/wp.me\/P8AJOX-2","_links":{"self":[{"href":"https:\/\/www.municipios.gov.py\/fuerteolimpo\/wp-json\/wp\/v2\/pages\/2","targetHints":{"allow":["GET"]}}],"collection":[{"href":"https:\/\/www.municipios.gov.py\/fuerteolimpo\/wp-json\/wp\/v2\/pages"}],"about":[{"href":"https:\/\/www.municipios.gov.py\/fuerteolimpo\/wp-json\/wp\/v2\/types\/page"}],"author":[{"embeddable":true,"href":"https:\/\/www.municipios.gov.py\/fuerteolimpo\/wp-json\/wp\/v2\/users\/4"}],"replies":[{"embeddable":true,"href":"https:\/\/www.municipios.gov.py\/fuerteolimpo\/wp-json\/wp\/v2\/comments?post=2"}],"version-history":[{"count":60,"href":"https:\/\/www.municipios.gov.py\/fuerteolimpo\/wp-json\/wp\/v2\/pages\/2\/revisions"}],"predecessor-version":[{"id":769,"href":"https:\/\/www.municipios.gov.py\/fuerteolimpo\/wp-json\/wp\/v2\/pages\/2\/revisions\/769"}],"wp:attachment":[{"href":"https:\/\/www.municipios.gov.py\/fuerteolimpo\/wp-json\/wp\/v2\/media?parent=2"}],"curies":[{"name":"wp","href":"https:\/\/api.w.org\/{rel}","templated":true}]}}