{"id":133,"date":"2016-07-04T15:18:25","date_gmt":"2016-07-04T15:18:25","guid":{"rendered":"https:\/\/www.municipios.gov.py\/fuerteolimpo\/?page_id=133"},"modified":"2025-04-22T12:04:59","modified_gmt":"2025-04-22T15:04:59","slug":"fonacide-2","status":"publish","type":"page","link":"https:\/\/www.municipios.gov.py\/fuerteolimpo\/fonacide-2\/","title":{"rendered":"Fonacide"},"content":{"rendered":"<blockquote>\n<h2 style=\"text-align: center;\"><span style=\"color: #808000;\"><em><a href=\"https:\/\/www.municipios.gov.py\/fuerteolimpo\/wp-content\/uploads\/sites\/138\/2023\/01\/FONACIDE-Ing-Gastos-2do-C-2022.pdf\">Ejecuci\u00f3n Presupuestaria-\u00bb Ingresos y Gastos \u00bb \u2013 Ley N\u00b0 4758\/2.012-FONACIDE -SEGUNDO CUATRIMESTRE-2.022.-<\/a>INFORME FONACIDE<\/em><\/span><\/h2>\n<p>&nbsp;<\/p>\n<h2 style=\"text-align: center;\"><strong><span style=\"color: #ff0000;\">Presentaci\u00f3n de Informe CGR &#8211; 2016<\/span><\/strong><\/h2>\n<\/blockquote>\n<ul>\n<li>\n<h3><span style=\"color: #808000;\"><a style=\"color: #808000;\" href=\"https:\/\/www.municipios.gov.py\/fuerteolimpo\/wp-content\/uploads\/sites\/138\/2016\/07\/02-CGR-Informe-Semetral-2016.pdf\">Informe Semestral &#8211; 2016<\/a><\/span><\/h3>\n<\/li>\n<li>\n<h3><span style=\"color: #808000;\"><a style=\"color: #808000;\" href=\"https:\/\/www.municipios.gov.py\/fuerteolimpo\/wp-content\/uploads\/sites\/138\/2016\/07\/01-Infor-Semetral-CGR-2.016.compressed.pdf\">Informe &#8211; Semestral &#8211; 2016<\/a><\/span><\/h3>\n<\/li>\n<\/ul>\n<blockquote>\n<h2><strong><span style=\"color: #ff0000;\">Presentaci\u00f3n de Informe UDM &#8211; 2016\u00a0<\/span><\/strong><\/h2>\n<\/blockquote>\n<ul>\n<li>\n<h3><span style=\"color: #808000;\"><a style=\"color: #808000;\" href=\"https:\/\/www.municipios.gov.py\/fuerteolimpo\/wp-content\/uploads\/sites\/138\/2016\/07\/01-UDM-Gestion-Munic-Semetral-2.016-1.pdf\">UDM &#8211; Gestion Municipal &#8211; 2016<\/a><\/span><\/h3>\n<\/li>\n<li>\n<h3><span style=\"color: #808000;\"><a style=\"color: #808000;\" href=\"https:\/\/www.municipios.gov.py\/fuerteolimpo\/wp-content\/uploads\/sites\/138\/2016\/07\/01-UDM-Gestion-Munic-Semetral-2.016.pdf\">Gesti\u00f3n Municipal &#8211; Semestral &#8211; 2016<\/a><\/span><\/h3>\n<\/li>\n<li>\n<h3><span style=\"color: #808000;\"><a style=\"color: #808000;\" href=\"https:\/\/www.municipios.gov.py\/fuerteolimpo\/wp-content\/uploads\/sites\/138\/2016\/07\/04-Scan-Gestion-Municipal.pdf\">Gesti\u00f3n Municipal &#8211; Tercer Trimestre<\/a><\/span><\/h3>\n<\/li>\n<li>\n<h3><span style=\"color: #808000;\"><a style=\"color: #808000;\" href=\"https:\/\/www.municipios.gov.py\/fuerteolimpo\/wp-content\/uploads\/sites\/138\/2016\/07\/02-Gestion-Municipal-UDM-scan.pdf\">Gesti\u00f3n Municipal &#8211;\u00a0T<\/a>ercer Cuatrimestre &#8211; 2016<\/span><\/h3>\n<\/li>\n<li>\n<h3><span style=\"color: #808000;\"><a style=\"color: #808000;\" href=\"https:\/\/www.municipios.gov.py\/fuerteolimpo\/wp-content\/uploads\/sites\/138\/2016\/07\/03-Ejec-Pres-Semetral-2.016.pdf\">Ejecuci\u00f3n Presupuestaria &#8211; Semestral &#8211; 2016<\/a><\/span><\/h3>\n<\/li>\n<li>\n<h3><span style=\"color: #808000;\"><a style=\"color: #808000;\" href=\"https:\/\/www.municipios.gov.py\/fuerteolimpo\/wp-content\/uploads\/sites\/138\/2016\/07\/03-Ejec-Presup-scan.pdf\">Ejecuci\u00f3n &#8211; Presupuestaria &#8211;\u00a02<\/a>016<\/span><\/h3>\n<\/li>\n<\/ul>\n<h3><\/h3>\n<blockquote>\n<h2><strong><span style=\"color: #ff0000;\">Presentaci\u00f3n de Informe: CGR &#8211;\u00a0 UDM &#8211;\u00a0 2<\/span><span style=\"color: #ff0000;\">017\u00a0<\/span><\/strong><\/h2>\n<\/blockquote>\n<ul>\n<li>\n<h3><span style=\"color: #808000;\"><a href=\"https:\/\/www.municipios.gov.py\/fuerteolimpo\/wp-content\/uploads\/sites\/138\/2016\/07\/b-Informe-Semetral-2.017.compressed.pdf\"><span style=\"color: #808000;\">Informe Semestral &#8211; 2017<\/span><\/a><\/span><\/h3>\n<\/li>\n<li>\n<h3><span style=\"color: #808000;\"><a href=\"https:\/\/www.municipios.gov.py\/fuerteolimpo\/wp-content\/uploads\/sites\/138\/2016\/07\/a-Informe-Gestion-2.017.compressed-1.pdf\"><span style=\"color: #808000;\">Informe de Gestion &#8211; FONACIDE &#8211; 2017<\/span><\/a><\/span><\/h3>\n<\/li>\n<\/ul>\n<ul>\n<li>\n<h3><span style=\"color: #808000;\"><a style=\"color: #808000;\" href=\"https:\/\/www.municipios.gov.py\/fuerteolimpo\/wp-content\/uploads\/sites\/138\/2017\/12\/Informe-de-Gesti\u00f3n-Municipal-Fonacide-3er-Trimestre-2017.pdf\">Informe de Gesti\u00f3n Municipal &#8211; Fonacide &#8211; 3er Trimestre &#8211; 2017<\/a><\/span><\/h3>\n<\/li>\n<li>\n<h3><span style=\"color: #808000;\"><a style=\"color: #808000;\" href=\"https:\/\/www.municipios.gov.py\/fuerteolimpo\/wp-content\/uploads\/sites\/138\/2017\/12\/Informe-de-Gesti\u00f3n-Munipal-Royal-Fonacide-2017.pdf\">Informe de Gesti\u00f3n Munipal &#8211; Royal &#8211; Fonacide &#8211; 2017<\/a><\/span><\/h3>\n<\/li>\n<li>\n<h3><span style=\"color: #808000;\"><a style=\"color: #808000;\" href=\"https:\/\/www.municipios.gov.py\/fuerteolimpo\/wp-content\/uploads\/sites\/138\/2018\/04\/Informe-2do.-Semestre-2017.-.pdf\">Informe &#8211; 2do. Semestre &#8211; 2017<\/a><\/span><\/h3>\n<\/li>\n<li>\n<h3><span style=\"color: #808000;\"><a style=\"color: #808000;\" href=\"https:\/\/www.municipios.gov.py\/fuerteolimpo\/wp-content\/uploads\/sites\/138\/2018\/04\/Gestion-Municipa-B-01-08-Fonacide-3er-C-1.pdf\">Gestion Municipal -B-01-08 &#8211; Fonacide &#8211; 3er Cuatrimestre<\/a><\/span><\/h3>\n<\/li>\n<\/ul>\n<blockquote>\n<h3><\/h3>\n<h2><strong><span style=\"color: #ff0000;\">Presentaci\u00f3n de Informe: <\/span><\/strong><strong><span style=\"color: #ff0000;\">CGR &#8211;\u00a0 UDM &#8211;\u00a0 2<\/span><span style=\"color: #ff0000;\">018\u00a0<\/span><\/strong><\/h2>\n<ul>\n<li style=\"list-style-type: none;\">\n<ul>\n<li>\n<h3><span style=\"color: #808000;\"><a style=\"color: #808000;\" href=\"https:\/\/www.municipios.gov.py\/fuerteolimpo\/wp-content\/uploads\/sites\/138\/2018\/08\/Informe-1er-Semestre-2.018.pdf\">Informe &#8211; 1er Semestre &#8211; 2018<\/a><\/span><\/h3>\n<\/li>\n<li>\n<h3 style=\"text-align: center;\"><span style=\"color: #808000;\"><a style=\"color: #808000;\" href=\"https:\/\/www.municipios.gov.py\/fuerteolimpo\/wp-content\/uploads\/sites\/138\/2018\/08\/Scan-Ejec-Fonacide-MH.pdf\">Ejecucion Presupuestaria de Ingresos y Gastos &#8211; FONACIDE &#8211; 1er Cuatrimestre &#8211; 2018<\/a><\/span><\/h3>\n<\/li>\n<li>\n<h3><a href=\"https:\/\/www.municipios.gov.py\/fuerteolimpo\/wp-content\/uploads\/sites\/138\/2018\/12\/GESTION-MUNICIPAL-PRIMER-CUATRIMESTRE-Form-B-01-08.pdf\"><span style=\"color: #808000;\">GESTION MUNICIPAL PRIMER CUATRIMESTRE Form-B-01-08<\/span><\/a><\/h3>\n<\/li>\n<li>\n<h3><span style=\"color: #808000;\"><a style=\"color: #808000;\" href=\"https:\/\/www.municipios.gov.py\/fuerteolimpo\/wp-content\/uploads\/sites\/138\/2018\/12\/EJEC.-FONACIDE-PRIMER-CUATRIMESTRE.pdf\">EJEC. FONACIDE PRIMER CUATRIMESTRE<\/a><\/span><\/h3>\n<\/li>\n<li>\n<h3><a href=\"https:\/\/www.municipios.gov.py\/fuerteolimpo\/wp-content\/uploads\/sites\/138\/2018\/12\/Gtion-Muni-B-01-08-2C.pdf\"><span style=\"color: #808000;\">GESTION MUNICIPAL SEGUNDO CUATRIMESTRE Form- B-01-08<\/span><\/a><\/h3>\n<\/li>\n<li>\n<h3><span style=\"color: #808000;\"><a style=\"color: #808000;\" href=\"https:\/\/www.municipios.gov.py\/fuerteolimpo\/wp-content\/uploads\/sites\/138\/2019\/09\/01-Inf-2do-Semestre-2018-comprimido.pdf\">Informe &#8211; 2do. Semestre &#8211; 2018<\/a><\/span><\/h3>\n<\/li>\n<li>\n<h3><span style=\"color: #808000;\"><a style=\"color: #808000;\" href=\"https:\/\/www.municipios.gov.py\/fuerteolimpo\/wp-content\/uploads\/sites\/138\/2019\/09\/Inf-Gestion-Munic-3er-C-2018.pdf\">Informe &#8211; Gestion &#8211; Municipal -3er Cuatrimestre-2018<\/a><\/span><\/h3>\n<\/li>\n<\/ul>\n<\/li>\n<\/ul>\n<\/blockquote>\n<h1><\/h1>\n<blockquote>\n<h2><strong><span style=\"color: #ff0000;\">Presentaci\u00f3n de Informe: <\/span><\/strong><strong><span style=\"color: #ff0000;\">CGR &#8211;\u00a0 UDM &#8211;\u00a0 2<\/span><span style=\"color: #ff0000;\">019\u00a0<\/span><\/strong><\/h2>\n<ul>\n<li>\n<h3><span style=\"color: #808000;\"><a style=\"color: #808000;\" href=\"https:\/\/www.municipios.gov.py\/fuerteolimpo\/wp-content\/uploads\/sites\/138\/2019\/09\/Informe-de-Gesti\u00f3n-Municipal-1er.-Cuatrimestre-A\u00f1o-2019-comprimido.pdf\">Informe de Gesti\u00f3n Municipal &#8211; 1er. Cuatrimestre &#8211; A\u00f1o 2019 <\/a><\/span><\/h3>\n<\/li>\n<li>\n<h3><span style=\"color: #808000;\"><a style=\"color: #808000;\" href=\"https:\/\/www.municipios.gov.py\/fuerteolimpo\/wp-content\/uploads\/sites\/138\/2019\/09\/Inf-1er-Semestre-2019-comprimido-1.pdf\">Informe &#8211; 1er &#8211; Semestre &#8211; 2019<\/a><\/span><\/h3>\n<\/li>\n<li>\n<h3><span style=\"color: #808000;\"><a style=\"color: #808000;\" href=\"https:\/\/www.municipios.gov.py\/fuerteolimpo\/wp-content\/uploads\/sites\/138\/2019\/12\/Inf-Form-b08-Result-Gest-2do-C-2019-comprimido.pdf\">Informe de Gesti\u00f3n Municipal &#8211; 2do. Cuatrimestre &#8211; A\u00f1o 2019<\/a><\/span><\/h3>\n<\/li>\n<li>\n<h3><span style=\"color: #808000;\"><a style=\"color: #808000;\" href=\"https:\/\/www.municipios.gov.py\/fuerteolimpo\/wp-content\/uploads\/sites\/138\/2020\/08\/01-Inf-2do-Semestre-2019-comprimido.pdf\">Informe 2do &#8211; Semestre &#8211; 2019<\/a><\/span><\/h3>\n<\/li>\n<li>\n<h3><span style=\"color: #808000;\"><strong><a style=\"color: #808000;\" href=\"https:\/\/www.municipios.gov.py\/fuerteolimpo\/wp-content\/uploads\/sites\/138\/2020\/09\/01-02-Inf-Gest-Munic-por-Resul-3er-C-2019-comprimido.pdf\">Informe de Gesti\u00f3n Municipal &#8211; 3er Cuatrimestre &#8211; A\u00f1o 2019<\/a><\/strong><\/span><\/h3>\n<\/li>\n<\/ul>\n<\/blockquote>\n<h2><strong><span style=\"color: #ff0000;\">Presentaci\u00f3n de Informe: <\/span><\/strong><strong><span style=\"color: #ff0000;\">CGR &#8211;\u00a0 UDM &#8211;\u00a0 2<\/span><span style=\"color: #ff0000;\">020<\/span><\/strong><\/h2>\n<blockquote>\n<ul>\n<li>\n<h3><span style=\"color: #808000;\"><a style=\"color: #808000;\" href=\"https:\/\/www.municipios.gov.py\/fuerteolimpo\/wp-content\/uploads\/sites\/138\/2020\/09\/Inf-Fonacide-1er-Semestre-2020-comprimido.pdf\">Informe &#8211; 1er Semestre &#8211; 2020<\/a><\/span><\/h3>\n<\/li>\n<li>\n<h3><span style=\"color: #808000;\"><a style=\"color: #808000;\" href=\"https:\/\/www.municipios.gov.py\/fuerteolimpo\/wp-content\/uploads\/sites\/138\/2020\/09\/Inf-Gestion-por-Resultado-MFO-1er-C-2020.pdf\">Informe de Gesti\u00f3n Municipal &#8211; 1er Cuatrimestre &#8211; 2020<\/a><\/span><\/h3>\n<\/li>\n<li>\n<h3><span style=\"color: #808000;\"><a style=\"color: #808000;\" href=\"https:\/\/www.municipios.gov.py\/fuerteolimpo\/wp-content\/uploads\/sites\/138\/2020\/12\/02-Inf-Gestion-por-Resultado-MFO-2do-C-2020-UDM.pdf\">Informe de Gesti\u00f3n Municipal &#8211; 2do Cuatrimestre &#8211; 2020<\/a><\/span><\/h3>\n<\/li>\n<li>\n<h3><span style=\"color: #808000;\"><a style=\"color: #808000;\" href=\"https:\/\/www.municipios.gov.py\/fuerteolimpo\/wp-content\/uploads\/sites\/138\/2021\/08\/Pag-Web-3er-C-Comp-2020.pdf\">Informe de Gesti\u00f3n Municipal &#8211; 3er Cuatrimestre &#8211; 2020<\/a><\/span><\/h3>\n<\/li>\n<li>\n<h3><span style=\"color: #808000;\"><a style=\"color: #808000;\" href=\"https:\/\/www.municipios.gov.py\/fuerteolimpo\/wp-content\/uploads\/sites\/138\/2021\/08\/03-Inf-2do-Semestre-2020-Comp.pdf\">Informe &#8211; 2do Semestre &#8211; 2020<\/a><\/span><\/h3>\n<\/li>\n<\/ul>\n<\/blockquote>\n<h2><strong><span style=\"color: #ff0000;\">Presentaci\u00f3n de Informe: <\/span><\/strong><strong><span style=\"color: #ff0000;\">CGR &#8211;\u00a0 UDM &#8211;\u00a0 2<\/span><span style=\"color: #ff0000;\">021<\/span><\/strong><\/h2>\n<ul style=\"list-style-type: square;\">\n<li style=\"text-align: justify;\">\n<h3><span style=\"color: #808000;\"><a style=\"color: #808000;\" href=\"https:\/\/www.municipios.gov.py\/fuerteolimpo\/wp-content\/uploads\/sites\/138\/2021\/08\/Inf-1er-Semestre-2021.pdf\">Informe &#8211; 1er Semestre &#8211; 2021<\/a><\/span><\/h3>\n<\/li>\n<li>\n<h3><a href=\"https:\/\/www.municipios.gov.py\/fuerteolimpo\/wp-content\/uploads\/sites\/138\/2021\/08\/Inf-1er-C-2021.pdf\"><span style=\"color: #808000;\">Informe de Gesti\u00f3n Municipal &#8211; 1er Cuatrimestre &#8211; 2021<\/span><\/a><\/h3>\n<\/li>\n<li><strong><span style=\"color: #808000;\"><a style=\"color: #808000;\" href=\"https:\/\/www.municipios.gov.py\/fuerteolimpo\/wp-content\/uploads\/sites\/138\/2021\/12\/a-Orig-Inf-Gest.pdf\">Informe de Gesti\u00f3n Municipal 2do. Cuatrimestre &#8211; 2021<\/a><\/span><\/strong><\/li>\n<li><strong><span style=\"color: #808000;\"><a style=\"color: #808000;\" href=\"https:\/\/www.municipios.gov.py\/fuerteolimpo\/wp-content\/uploads\/sites\/138\/2021\/12\/b-Ejec-2do-C.pdf\">Ejecuci\u00f3n Presupuestaria &#8211; FONACIDE 2do. Cuatrimestre- 2021<\/a><\/span><\/strong><\/li>\n<li>\n<h3><span style=\"color: #808000;\"><strong><a style=\"color: #808000;\" href=\"https:\/\/www.municipios.gov.py\/fuerteolimpo\/wp-content\/uploads\/sites\/138\/2022\/04\/01-FUERTE-OLIMPO-3er-Cuatrim-2021-B0108-1.pdf\">FUERTE OLIMPO-3er Cuatrimestre-2021-B0108-Inf-Gesti\u00f3n Municipal<\/a><\/strong><\/span><\/h3>\n<\/li>\n<li>\n<h3><strong><span style=\"color: #808000;\"><a style=\"color: #808000;\" href=\"https:\/\/www.municipios.gov.py\/fuerteolimpo\/wp-content\/uploads\/sites\/138\/2022\/04\/02-Ejec-Presup-Fonacide-202-1.pdf\">Ejecuci\u00f3n-Presupuestaria-Fonacide-3er Cuatrimestre-2021<\/a><\/span><\/strong><\/h3>\n<\/li>\n<\/ul>\n<h2 style=\"text-align: center;\"><span style=\"text-decoration: underline; color: #800000;\"><strong>PRESENTACION DE INFORME &#8211; <\/strong><strong>CGR &#8211; UDM &#8211; 2.022<\/strong><\/span><\/h2>\n<ul style=\"list-style-type: square;\">\n<li style=\"text-align: left;\"><strong><span style=\"color: #808000;\"><a style=\"color: #808000;\" href=\"https:\/\/www.municipios.gov.py\/fuerteolimpo\/wp-content\/uploads\/sites\/138\/2022\/09\/Constancia-CGR-1er-Cuatrimestre-2022.pdf\"><span style=\"text-decoration: underline;\"><span style=\"color: #333333; text-decoration: underline;\"><span style=\"color: #000000; text-decoration: underline;\">Constancia-CGR-1er<\/span><\/span><\/span><span style=\"color: #000000;\"> Cuatrimestre-2.022.-<\/span><\/a><\/span><\/strong><\/li>\n<li style=\"text-align: left;\"><span style=\"color: #808000;\"><a style=\"color: #808000;\" href=\"https:\/\/www.municipios.gov.py\/fuerteolimpo\/wp-content\/uploads\/sites\/138\/2022\/09\/Constancia-CGR-1er-Semestre-Fonacide-2022-1.pdf\"><strong><span style=\"color: #808000;\"><span style=\"color: #000000;\">Constancia-CGR-1er Semestre-Fonacide-2.022.-<\/span><\/span><\/strong><\/a><\/span><\/li>\n<li style=\"text-align: left;\"><span style=\"color: #000000;\"><a style=\"color: #000000;\" href=\"https:\/\/www.municipios.gov.py\/fuerteolimpo\/wp-content\/uploads\/sites\/138\/2022\/09\/FUERT-OLIMPO-1er-C-2022-3.pdf\"><strong>Informe de Resultado de Gesti\u00f3n de Recursos Espec\u00edficos de Gobiernos Municipales &#8211; B 01 08 -1er Cuatrimestre-2.022.-<\/strong><\/a><\/span><\/li>\n<li style=\"text-align: left;\"><span style=\"color: #000000;\"><a style=\"color: #000000;\" href=\"https:\/\/www.municipios.gov.py\/fuerteolimpo\/wp-content\/uploads\/sites\/138\/2022\/09\/Ejecucion-Presup-1er-C-2022.pdf\"><strong>Ejecuci\u00f3n Presupuestaria &#8211; \u00bb Ingresos y Gastos \u00bb &#8211; Ley N\u00b0 4758\/2.012 &#8211; FONACIDE -1er. Cuatrimestre-2.022.-<\/strong><\/a><\/span><\/li>\n<li style=\"text-align: left;\"><span style=\"color: #333333;\"><strong><a style=\"color: #333333;\" href=\"https:\/\/www.municipios.gov.py\/fuerteolimpo\/wp-content\/uploads\/sites\/138\/2022\/12\/FUERTE-OLIMPO-2do-C-2022-B-01-08-1.pdf\">Informe de Resultado de Gesti\u00f3n de Recursos Espec\u00edficos de Gobiernos Municipales &#8211; B 01 08 -SEGUNDO CUATRIMESTRE-2.022.-<\/a><\/strong><\/span><\/li>\n<li style=\"text-align: left;\"><a href=\"https:\/\/www.municipios.gov.py\/fuerteolimpo\/wp-content\/uploads\/sites\/138\/2023\/01\/FONACIDE-Ing-Gastos-2do-C-2022.pdf\"><strong><span style=\"color: #333333;\">Ejecuci\u00f3n Presupuestaria-\u00bb Ingresos y Gastos \u00bb \u2013 Ley N\u00b0 4758\/2.012-FONACIDE -SEGUNDO CUATRIMESTRE-2.022.-<\/span><\/strong><\/a><\/li>\n<\/ul>\n<ul>\n<li style=\"text-align: left;\"><a href=\"https:\/\/www.municipios.gov.py\/fuerteolimpo\/wp-content\/uploads\/sites\/138\/2023\/05\/FUERTE-OLIMPO-3er-C-2022-B-01-08.pdf\"><span style=\"color: #333333;\"><b style=\"color: #333333;\">Informe de Resultado de Gesti\u00f3n de Recursos <\/b><span style=\"color: #333333;\"><b>Espec\u00edficos<\/b><\/span><b style=\"color: #333333;\"> de Gobiernos Municipales &#8211; B 01 08 &#8211; TERCER CUATRIMESTRE &#8211; 2.022 &#8211; (ANUAL).-<\/b><\/span><\/a><\/li>\n<li style=\"text-align: left;\"><span style=\"color: #333333;\"><strong><a style=\"color: #333333;\" href=\"https:\/\/www.municipios.gov.py\/fuerteolimpo\/wp-content\/uploads\/sites\/138\/2023\/05\/Ejec-Ing-Gtos-Anual-Fona.pdf\">Ejecuci\u00f3n Presupuestaria &#8211; Ingresos &#8211; Gastos &#8211; Ley N\u00b0: 4758\/2.012- FONACIDE &#8211; TERCER CUATRIMESTRE &#8211; 2.022 &#8211; (ANUAL)<\/a><\/strong><\/span><\/li>\n<\/ul>\n<h2 style=\"text-align: center;\"><span style=\"text-decoration: underline; color: #800000;\"><strong>PRESENTACION DE INFORME &#8211; <\/strong><strong>CGR &#8211; UDM &#8211; 2.023<\/strong><\/span><\/h2>\n<ul style=\"list-style-type: square;\">\n<li style=\"text-align: left;\"><strong><span style=\"color: #000000;\"><a style=\"color: #000000;\" href=\"https:\/\/www.municipios.gov.py\/fuerteolimpo\/wp-content\/uploads\/sites\/138\/2023\/09\/Constancia-CGR-1er-C.pdf\">Constancia-CGR-1er. Cuatrimestre &#8211; 2.023.-<\/a><\/span><\/strong><\/li>\n<li style=\"text-align: left;\"><strong><span style=\"color: #000000;\"><a style=\"color: #000000;\" href=\"https:\/\/www.municipios.gov.py\/fuerteolimpo\/wp-content\/uploads\/sites\/138\/2023\/09\/Fuerte-Olimpo-1er-C-2023-B0108-1.pdf\">Informe de Resultado de Gesti\u00f3n de Recursos Espec\u00edficos de Gobiernos Municipales &#8211; B-01.08 &#8211; PRIMER CUATRIMESTRE &#8211; 2.023.-<\/a><\/span><\/strong><\/li>\n<li style=\"text-align: left;\"><a href=\"https:\/\/www.municipios.gov.py\/fuerteolimpo\/wp-content\/uploads\/sites\/138\/2023\/09\/Ejec-Presup-1er-C-2023-Fona-1.pdf\"><span style=\"color: #000000;\"><strong>Ejecuci\u00f3n Presupuestaria-Ingresos &#8211; Gastos &#8211; Ley N\u00ba: 4758\/2.012 &#8211; FONACIDE &#8211; PRIMER CUATRIMESTRE \/ 2.023.-<\/strong><\/span><\/a><\/li>\n<\/ul>\n<ul>\n<li style=\"text-align: left;\"><strong><span style=\"color: #000000;\"><a style=\"color: #000000;\" href=\"https:\/\/www.municipios.gov.py\/fuerteolimpo\/wp-content\/uploads\/sites\/138\/2023\/12\/Fuerte-Olimpo-2do-C-2023-B_01_08-1.pdf\">Informe de Resultado de Gesti\u00f3n de Recursos Espec\u00edficos de Gobiernos Municipales -B-01-08 -SEGUNDO CUATRIMESTRE &#8211; 2.023.-<\/a><\/span><\/strong><\/li>\n<li style=\"text-align: left;\"><strong><span style=\"color: #000000;\"><span style=\"color: #000000;\">Ejecuci\u00f3n<\/span><span style=\"color: #000000;\"><a style=\"color: #000000; text-decoration: underline;\" href=\"https:\/\/www.municipios.gov.py\/fuerteolimpo\/wp-content\/uploads\/sites\/138\/2023\/12\/Ejec-2do-C-Fonacide.pdf\">\u00a0Presupuestaria -Ingresos y Gastos &#8211; Ley N\u00ba: 4758\/2.012 &#8211; FONACIDE &#8211; SEGUNDO CUATRIMESTRE &#8211; 2.023.-<\/a><\/span><\/span><\/strong><\/li>\n<li style=\"text-align: left;\"><span style=\"color: #000000;\"><strong><a style=\"color: #000000;\" href=\"https:\/\/www.municipios.gov.py\/fuerteolimpo\/wp-content\/uploads\/sites\/138\/2023\/12\/03-Constancia-CGR.pdf\"><span style=\"text-decoration: underline;\">Constancia CGR- 2.023.<\/span>&#8211;<\/a><\/strong><\/span><\/li>\n<li style=\"text-align: left;\"><span style=\"color: #333333;\"><strong><a style=\"color: #333333;\" href=\"https:\/\/www.municipios.gov.py\/fuerteolimpo\/wp-content\/uploads\/sites\/138\/2024\/05\/Fuerte-Olimpo-Anual-2023-B-01-08.pdf\">Informe de Resultado de Gesti\u00f3n de Recursos Espec\u00edficos de Gobiernos Municipales &#8211; B-01-08 &#8211; ANUAL &#8211; EJERCICIO FISCAL 2.023.-<\/a><\/strong><a style=\"color: #333333;\" href=\"https:\/\/www.municipios.gov.py\/fuerteolimpo\/wp-content\/uploads\/sites\/138\/2024\/05\/Fuerte-Olimpo-Anual-2023-B-01-08.pdf\">\u00a0<\/a><\/span><\/li>\n<li style=\"text-align: left;\"><span style=\"color: #333333;\"><strong><a style=\"color: #333333;\" href=\"https:\/\/www.municipios.gov.py\/fuerteolimpo\/wp-content\/uploads\/sites\/138\/2024\/05\/Ejecuc-Presup-Ejerc-Fisc-2023-MFO.pdf\">Ejecuci\u00f3n Presupuestaria -Ingresos y Gastos &#8211; Ley N\u00ba: 4758\/2.012 &#8211; FONACIDE &#8211; ANUAL &#8211; EJERCICIO FISCAL &#8211; 2.023.-<\/a><\/strong><\/span><\/li>\n<li style=\"text-align: left;\"><span style=\"color: #333333;\"><strong><a style=\"color: #333333;\" href=\"https:\/\/www.municipios.gov.py\/fuerteolimpo\/wp-content\/uploads\/sites\/138\/2024\/05\/Const-CGR-3er-C-2023.pdf\">Constancia-CGR-3er C-2.023.-<\/a><\/strong><\/span><\/li>\n<\/ul>\n<h2 style=\"text-align: center;\"><span style=\"text-decoration: underline; color: #993366;\"><strong>PRESENTACION DE INFORME &#8211; <\/strong><strong>CGR &#8211; DGDM &#8211; 2.024<\/strong><\/span><\/h2>\n<ul style=\"list-style-type: square;\">\n<li style=\"text-align: left;\"><strong><a style=\"color: #000000;\" href=\"https:\/\/www.municipios.gov.py\/fuerteolimpo\/wp-content\/uploads\/sites\/138\/2023\/09\/Fuerte-Olimpo-1er-C-2023-B0108-1.pdf\">Informe de Resultado de Gesti\u00f3n de Recursos Espec\u00edficos de Gobiernos Municipales &#8211; B-01-08 &#8211; PRIMER CUATRIMESTRE &#8211; 2.024.-<\/a><\/strong><\/li>\n<li style=\"text-align: left;\"><a href=\"https:\/\/www.municipios.gov.py\/fuerteolimpo\/wp-content\/uploads\/sites\/138\/2023\/09\/Ejec-Presup-1er-C-2023-Fona-1.pdf\"><span style=\"color: #000000;\"><strong>Ejecuci\u00f3n Presupuestaria-Ingresos &#8211; Gastos &#8211; Ley N\u00ba: 4758 \/ 2.012 &#8211; FONACIDE &#8211; PRIMER CUATRIMESTRE \/ 2.024.-<\/strong><\/span><\/a><\/li>\n<li style=\"text-align: left;\"><strong><span style=\"color: #333333;\"><a style=\"color: #333333;\" href=\"https:\/\/www.municipios.gov.py\/fuerteolimpo\/wp-content\/uploads\/sites\/138\/2025\/01\/Constancia-CGR-1er-C-Semestral-2024-1.pdf\">Constancia &#8211; CGR &#8211; 1er Cuatrimestre &#8211; Semestral &#8211; 2.024.-<\/a><\/span><\/strong><\/li>\n<li style=\"text-align: left;\"><span style=\"color: #333333;\"><a style=\"color: #333333;\" href=\"https:\/\/www.municipios.gov.py\/fuerteolimpo\/wp-content\/uploads\/sites\/138\/2025\/03\/Fuerte-Olimpo-Segundo-Cuat-2024-B-01-08.pdf\"><strong>Informe de Resultado de Gesti\u00f3n de Recursos Espec\u00edficos de Gobiernos Municipales &#8211; B-01-08 &#8211; SEGUNDO CUATRIMESTRE &#8211; 2.024.-<\/strong><\/a><\/span><\/li>\n<li style=\"text-align: left;\"><strong><span style=\"color: #333333;\"><a style=\"color: #333333;\" href=\"https:\/\/www.municipios.gov.py\/fuerteolimpo\/wp-content\/uploads\/sites\/138\/2025\/03\/MFO-Ejec-Presup-Fonac-2do-C-2024.pdf\">Ejecuci\u00f3n Presupuestaria-Ingresos &#8211; Gastos &#8211; Ley N\u00ba 4758\/2012 &#8211; FONACIDE &#8211; SEGUNDO CUATRIMESTRE &#8211; 2.024.-<\/a><\/span><\/strong><\/li>\n<li style=\"text-align: left;\"><a href=\"https:\/\/www.municipios.gov.py\/fuerteolimpo\/wp-content\/uploads\/sites\/138\/2025\/03\/Constancia-CGR-2do-C-20244.pdf\"><span style=\"color: #333333;\"><strong>Constancias-SEGUNDO CUATRIMESTRE- 2.024.-<\/strong><\/span><\/a><\/li>\n<li style=\"text-align: left;\"><span style=\"color: #333333;\"><strong><a style=\"color: #333333;\" href=\"https:\/\/www.municipios.gov.py\/fuerteolimpo\/wp-content\/uploads\/sites\/138\/2025\/04\/Fuerte-Olimpo-Tercer-Cuat-2024-B-01-08.pdf\">Informe de Resultado de Gesti\u00f3n de Recursos Espec\u00edficos de Gobiernos Municipales &#8211; B-01-08 &#8211; TERCER CUATRIMESTRE &#8211; 2.024.-<\/a><\/strong><\/span><\/li>\n<li style=\"text-align: left;\"><span style=\"color: #333333;\"><strong><a style=\"color: #333333;\" href=\"https:\/\/www.municipios.gov.py\/fuerteolimpo\/wp-content\/uploads\/sites\/138\/2025\/04\/MFO-Ejec-Presup-Fonac-3er-C-2024.pdf\">Ejecuci\u00f3n Presupuestaria &#8211; Ingresos -Gastos &#8211; Ley N\u00ba: 4758\/2012 &#8211; FONACIDE &#8211; TERCER CUATRIMESTRE &#8211; 2.024.-<\/a><\/strong><\/span><\/li>\n<li style=\"text-align: left;\"><a href=\"https:\/\/www.municipios.gov.py\/fuerteolimpo\/wp-content\/uploads\/sites\/138\/2025\/04\/Constancia.pdf\"><span style=\"color: #333333;\"><strong>Constancia &#8211; TERCER CUATRIMESTRE &#8211; 2.024.-<\/strong><\/span><\/a><\/li>\n<\/ul>\n<p style=\"text-align: left;\">\n","protected":false},"excerpt":{"rendered":"<p>Ejecuci\u00f3n Presupuestaria-\u00bb Ingresos y Gastos \u00bb \u2013 Ley N\u00b0 4758\/2.012-FONACIDE -SEGUNDO CUATRIMESTRE-2.022.-INFORME FONACIDE &nbsp; Presentaci\u00f3n de Informe CGR &#8211; 2016 Informe Semestral &#8211; 2016 Informe &#8211; Semestral &#8211; 2016 Presentaci\u00f3n de Informe UDM &#8211; 2016\u00a0 UDM &#8211; Gestion Municipal &#8211; 2016 Gesti\u00f3n Municipal &#8211; Semestral &#8211; 2016 Gesti\u00f3n Municipal &#8211; Tercer Trimestre Gesti\u00f3n Municipal &#8211;\u00a0Tercer &#8230; <a title=\"Fonacide\" class=\"read-more\" href=\"https:\/\/www.municipios.gov.py\/fuerteolimpo\/fonacide-2\/\" aria-label=\"Leer m\u00e1s sobre Fonacide\">Leer Mas&#8230;<\/a><\/p>\n","protected":false},"author":4,"featured_media":0,"parent":0,"menu_order":0,"comment_status":"closed","ping_status":"closed","template":"","meta":{"generate_page_header":"","jetpack_post_was_ever_published":false,"footnotes":""},"class_list":["post-133","page","type-page","status-publish"],"jetpack_sharing_enabled":true,"jetpack_shortlink":"https:\/\/wp.me\/P8AJOX-29","_links":{"self":[{"href":"https:\/\/www.municipios.gov.py\/fuerteolimpo\/wp-json\/wp\/v2\/pages\/133","targetHints":{"allow":["GET"]}}],"collection":[{"href":"https:\/\/www.municipios.gov.py\/fuerteolimpo\/wp-json\/wp\/v2\/pages"}],"about":[{"href":"https:\/\/www.municipios.gov.py\/fuerteolimpo\/wp-json\/wp\/v2\/types\/page"}],"author":[{"embeddable":true,"href":"https:\/\/www.municipios.gov.py\/fuerteolimpo\/wp-json\/wp\/v2\/users\/4"}],"replies":[{"embeddable":true,"href":"https:\/\/www.municipios.gov.py\/fuerteolimpo\/wp-json\/wp\/v2\/comments?post=133"}],"version-history":[{"count":168,"href":"https:\/\/www.municipios.gov.py\/fuerteolimpo\/wp-json\/wp\/v2\/pages\/133\/revisions"}],"predecessor-version":[{"id":1203,"href":"https:\/\/www.municipios.gov.py\/fuerteolimpo\/wp-json\/wp\/v2\/pages\/133\/revisions\/1203"}],"wp:attachment":[{"href":"https:\/\/www.municipios.gov.py\/fuerteolimpo\/wp-json\/wp\/v2\/media?parent=133"}],"curies":[{"name":"wp","href":"https:\/\/api.w.org\/{rel}","templated":true}]}}