{"id":2,"date":"2016-06-30T17:59:43","date_gmt":"2016-06-30T17:59:43","guid":{"rendered":"https:\/\/www.municipios.gov.py\/eugeniogaray\/?page_id=2"},"modified":"2017-05-10T10:25:33","modified_gmt":"2017-05-10T14:25:33","slug":"pagina-ejemplo","status":"publish","type":"page","link":"https:\/\/www.municipios.gov.py\/eugeniogaray\/","title":{"rendered":"Informaci\u00f3n"},"content":{"rendered":"<table>\n<tr>\n<td>\n<div id=\"cont_c51cf671d4aaf175586952eab2522593\"><script src=\"https:\/\/www.tiempo.com\/wid_loader\/c51cf671d4aaf175586952eab2522593\" async=\"\" type=\"text\/javascript\"><\/script><\/div>\n<\/td>\n<td><strong>General Eugenio Alejandrino Garay<\/strong>, es uno de los distritos del cuarto\u00a0<a href=\"https:\/\/es.wikipedia.org\/wiki\/Departamento_de_Guair%C3%A1\">Departamento de Guair\u00e1<\/a>. Se encuentra, aproximadamente a 216 km de la ciudad de\u00a0<a href=\"https:\/\/es.wikipedia.org\/wiki\/Asunci%C3%B3n\">Asunci\u00f3n<\/a>, capital de la\u00a0<a href=\"https:\/\/es.wikipedia.org\/wiki\/Rep%C3%BAblica_del_Paraguay\">Rep\u00fablica del Paraguay<\/a>.<br \/>\nSe accede a este distrito, por la ruta 8 Dr. Bl\u00e1s Garay, se encuentra situado al sur de la ciudad de\u00a0<a href=\"https:\/\/es.wikipedia.org\/wiki\/Villarrica_(Paraguay)\">Villarrica<\/a>, (capital Departamental), pasando por la ciudad de\u00a0<a href=\"https:\/\/es.wikipedia.org\/wiki\/%C3%91um%C3%AD\">\u00d1um\u00ed<\/a>, y luego a la Ciudad de General Eugenio A. Garay.<br \/>\nEl Distrito de General Eugenio A. Garay, tiene el privilegio de encontrarse a los pies del Cerro Tres Kand\u00fa, que con sus 842<a href=\"https:\/\/es.wikipedia.org\/wiki\/Msnm\">msnm<\/a>\u00a0es el cerro m\u00e1s alto del\u00a0<a href=\"https:\/\/es.wikipedia.org\/wiki\/Paraguay\">Paraguay<\/a>.<br \/>\nEn esta zona sus pobladores se dedican principalmente a la actividad pecuaria, tambi\u00e9n cuenta con f\u00e1bricas de madera terciada y varios obrajes que ocupan mano de obra \u00fatil.<br \/>\nAntiguamente conocida como Charar\u00e1, fue creada como municipio por Ley N\u00ba 260, del 23 de junio de 1955.\n<\/td>\n<\/tr>\n<\/table>\n<p><center><div class=\"googlemaps\">\n\t\t\t\t<iframe loading=\"lazy\" width=\"550\" height=\"400\" frameborder=\"0\" scrolling=\"no\" marginheight=\"0\" marginwidth=\"0\"  src=\"https:\/\/www.google.com\/maps\/embed?pb=!1m14!1m12!1m3!1d11191.133996835704!2d-56.19257449871942!3d-25.965698820036373!2m3!1f0!2f0!3f0!3m2!1i1024!2i768!4f13.1!5e1!3m2!1ses-419!2spy!4v1468677539303\"><\/iframe>\n\t\t\t<\/div><\/p>\n","protected":false},"excerpt":{"rendered":"<p>General Eugenio Alejandrino Garay, es uno de los distritos del cuarto\u00a0Departamento de Guair\u00e1. Se encuentra, aproximadamente a 216 km de la ciudad de\u00a0Asunci\u00f3n, capital de la\u00a0Rep\u00fablica del Paraguay. Se accede a este distrito, por la ruta 8 Dr. Bl\u00e1s Garay, se encuentra situado al sur de la ciudad de\u00a0Villarrica, (capital Departamental), pasando por la ciudad &#8230; <a title=\"Informaci\u00f3n\" class=\"read-more\" href=\"https:\/\/www.municipios.gov.py\/eugeniogaray\/\" aria-label=\"Leer m\u00e1s sobre Informaci\u00f3n\">Leer Mas&#8230;<\/a><\/p>\n","protected":false},"author":4,"featured_media":0,"parent":0,"menu_order":0,"comment_status":"closed","ping_status":"closed","template":"","meta":{"generate_page_header":"","jetpack_post_was_ever_published":false,"footnotes":""},"class_list":["post-2","page","type-page","status-publish"],"jetpack_sharing_enabled":true,"jetpack_shortlink":"https:\/\/wp.me\/P8AJNr-2","_links":{"self":[{"href":"https:\/\/www.municipios.gov.py\/eugeniogaray\/wp-json\/wp\/v2\/pages\/2","targetHints":{"allow":["GET"]}}],"collection":[{"href":"https:\/\/www.municipios.gov.py\/eugeniogaray\/wp-json\/wp\/v2\/pages"}],"about":[{"href":"https:\/\/www.municipios.gov.py\/eugeniogaray\/wp-json\/wp\/v2\/types\/page"}],"author":[{"embeddable":true,"href":"https:\/\/www.municipios.gov.py\/eugeniogaray\/wp-json\/wp\/v2\/users\/4"}],"replies":[{"embeddable":true,"href":"https:\/\/www.municipios.gov.py\/eugeniogaray\/wp-json\/wp\/v2\/comments?post=2"}],"version-history":[{"count":62,"href":"https:\/\/www.municipios.gov.py\/eugeniogaray\/wp-json\/wp\/v2\/pages\/2\/revisions"}],"predecessor-version":[{"id":449,"href":"https:\/\/www.municipios.gov.py\/eugeniogaray\/wp-json\/wp\/v2\/pages\/2\/revisions\/449"}],"wp:attachment":[{"href":"https:\/\/www.municipios.gov.py\/eugeniogaray\/wp-json\/wp\/v2\/media?parent=2"}],"curies":[{"name":"wp","href":"https:\/\/api.w.org\/{rel}","templated":true}]}}