{"id":25,"date":"2016-06-30T18:14:28","date_gmt":"2016-06-30T18:14:28","guid":{"rendered":"https:\/\/www.municipios.gov.py\/emboscada\/?page_id=25"},"modified":"2020-02-06T10:43:34","modified_gmt":"2020-02-06T13:43:34","slug":"comision-vecinal","status":"publish","type":"page","link":"https:\/\/www.municipios.gov.py\/emboscada\/comision-vecinal\/","title":{"rendered":"Comisi\u00f3n Vecinal"},"content":{"rendered":"<p style=\"text-align: left;\"><strong><span style=\"color: #000000;\">LISTADO DE COMISIONES VECINALES RECONOCIDAS EN EL A\u00d1O 2019<\/span><\/strong><\/p>\n<ol>\n<li style=\"text-align: left;\"><strong><span style=\"color: #000000;\">Resoluci\u00f3n 19\/2019 COMISI\u00d3N VECINAL YPUKU<\/span><\/strong><\/li>\n<li style=\"text-align: left;\"><strong><span style=\"color: #000000;\">Resoluci\u00f3n 20\/2019 PRO CLUB 3 DE FEBRERO<\/span><\/strong><\/li>\n<li style=\"text-align: left;\"><strong><span style=\"color: #000000;\">Resoluci\u00f3n 21\/2019 LA ESPERANZA SENAVITAT<\/span><\/strong><\/li>\n<li style=\"text-align: left;\"><strong><span style=\"color: #000000;\">Resoluci\u00f3n 22\/2019 ASOCIACI\u00d3N AFRODESCENDIENTES<\/span><\/strong><\/li>\n<li style=\"text-align: left;\"><strong><span style=\"color: #000000;\">Resoluci\u00f3n 23\/2019 COMISI\u00d3N BUENOS VECINOS<\/span><\/strong><\/li>\n<li><span style=\"color: #000000;\"><strong>Resoluci\u00f3n 24\/2019 \u00d1AMOPORA \u00d1ANDE REKOHA<\/strong><\/span><\/li>\n<li><span style=\"color: #000000;\"><strong>Resoluci\u00f3n 25\/2019 PRO EMPEDRADO VECINOS UNIDOS<\/strong><\/span><\/li>\n<li><span style=\"color: #000000;\"><strong>Resoluci\u00f3n 26\/2019 LA ESPERANZA DEL BARRIO SOL NACIENTE<\/strong><\/span><\/li>\n<li><span style=\"color: #000000;\"><strong>Resoluci\u00f3n 27\/2019 CHE BARRIO LA IPORAVEVA YSYPOJU<\/strong><\/span><\/li>\n<li><span style=\"color: #000000;\"><strong>Resoluci\u00f3n 28\/2019 PRO APERTURA DE CALLE E ILUMINACI\u00d3N GUAPO\u00b4Y<\/strong><\/span><\/li>\n<li><span style=\"color: #000000;\"><strong>Resoluci\u00f3n 29\/2019 COMISI\u00d3N TODOS POR EMBOSCADA<\/strong><\/span><\/li>\n<li><span style=\"color: #000000;\"><strong>Resoluci\u00f3n 30\/2019 COMISI\u00d3N YKUA LAUREL<\/strong><\/span><\/li>\n<li><span style=\"color: #000000;\"><strong>Resoluci\u00f3n 31\/2019 COMISI\u00d3N MINAS UNIDOS<\/strong><\/span><\/li>\n<\/ol>\n","protected":false},"excerpt":{"rendered":"<p>LISTADO DE COMISIONES VECINALES RECONOCIDAS EN EL A\u00d1O 2019 Resoluci\u00f3n 19\/2019 COMISI\u00d3N VECINAL YPUKU Resoluci\u00f3n 20\/2019 PRO CLUB 3 DE FEBRERO Resoluci\u00f3n 21\/2019 LA ESPERANZA SENAVITAT Resoluci\u00f3n 22\/2019 ASOCIACI\u00d3N AFRODESCENDIENTES Resoluci\u00f3n 23\/2019 COMISI\u00d3N BUENOS VECINOS Resoluci\u00f3n 24\/2019 \u00d1AMOPORA \u00d1ANDE REKOHA Resoluci\u00f3n 25\/2019 PRO EMPEDRADO VECINOS UNIDOS Resoluci\u00f3n 26\/2019 LA ESPERANZA DEL BARRIO SOL NACIENTE Resoluci\u00f3n &#8230; <a title=\"Comisi\u00f3n Vecinal\" class=\"read-more\" href=\"https:\/\/www.municipios.gov.py\/emboscada\/comision-vecinal\/\" aria-label=\"Leer m\u00e1s sobre Comisi\u00f3n Vecinal\">Leer Mas&#8230;<\/a><\/p>\n","protected":false},"author":4,"featured_media":0,"parent":0,"menu_order":0,"comment_status":"closed","ping_status":"closed","template":"","meta":{"generate_page_header":"","jetpack_post_was_ever_published":false,"footnotes":""},"class_list":["post-25","page","type-page","status-publish"],"jetpack_sharing_enabled":true,"jetpack_shortlink":"https:\/\/wp.me\/P8AJNj-p","_links":{"self":[{"href":"https:\/\/www.municipios.gov.py\/emboscada\/wp-json\/wp\/v2\/pages\/25","targetHints":{"allow":["GET"]}}],"collection":[{"href":"https:\/\/www.municipios.gov.py\/emboscada\/wp-json\/wp\/v2\/pages"}],"about":[{"href":"https:\/\/www.municipios.gov.py\/emboscada\/wp-json\/wp\/v2\/types\/page"}],"author":[{"embeddable":true,"href":"https:\/\/www.municipios.gov.py\/emboscada\/wp-json\/wp\/v2\/users\/4"}],"replies":[{"embeddable":true,"href":"https:\/\/www.municipios.gov.py\/emboscada\/wp-json\/wp\/v2\/comments?post=25"}],"version-history":[{"count":3,"href":"https:\/\/www.municipios.gov.py\/emboscada\/wp-json\/wp\/v2\/pages\/25\/revisions"}],"predecessor-version":[{"id":649,"href":"https:\/\/www.municipios.gov.py\/emboscada\/wp-json\/wp\/v2\/pages\/25\/revisions\/649"}],"wp:attachment":[{"href":"https:\/\/www.municipios.gov.py\/emboscada\/wp-json\/wp\/v2\/media?parent=25"}],"curies":[{"name":"wp","href":"https:\/\/api.w.org\/{rel}","templated":true}]}}