{"id":23,"date":"2016-06-30T18:13:47","date_gmt":"2016-06-30T18:13:47","guid":{"rendered":"https:\/\/www.municipios.gov.py\/emboscada\/?page_id=23"},"modified":"2025-01-09T09:37:57","modified_gmt":"2025-01-09T12:37:57","slug":"transparencia","status":"publish","type":"page","link":"https:\/\/www.municipios.gov.py\/emboscada\/clasificacion-y-documentos-existentes\/transparencia\/","title":{"rendered":"Transparencia"},"content":{"rendered":"<p><a href=\"https:\/\/www.municipios.gov.py\/emboscada\/wp-content\/uploads\/sites\/121\/2025\/01\/INFORME-ANUAL-2024.pdf\">INFORME ANUAL 2024<\/a><\/p>\n<ul style=\"list-style-type: square;\">\n<li><span style=\"color: #000000;\"><a href=\"https:\/\/www.municipios.gov.py\/emboscada\/wp-content\/uploads\/sites\/121\/2019\/05\/Informe-de-Gestion-B01-08-1.pdf\">Informe de Gestion B01-08 Tercer Cuatrimestre 2018<\/a><\/span><\/li>\n<li><span style=\"color: #000000;\"><a style=\"color: #000000; text-decoration: underline;\" href=\"https:\/\/www.municipios.gov.py\/emboscada\/wp-content\/uploads\/sites\/121\/2016\/06\/PLANILLA-DE-AVANCE-PRIMER-TRIMESTRE-2016-FONACIDE.pdf\">PLANILLA DE AVANCE PRIMER TRIMESTRE 2016 &#8211; FONACIDE<\/a><\/span><\/li>\n<li><span style=\"color: #000000;\"><a style=\"color: #000000; text-decoration: underline;\" href=\"https:\/\/www.municipios.gov.py\/emboscada\/wp-content\/uploads\/sites\/121\/2016\/06\/EJECUCION-PRESUPUESTARIA-PRIMER-TRIMESTRE-2016-FONACIDE.pdf\">EJECUCI\u00d3N PRESUPUESTARIA PRIMER TRIMESTRE 2016- FONACIDE<\/a><\/span><\/li>\n<li><span style=\"color: #000000;\"><a style=\"color: #000000; text-decoration: underline;\" href=\"https:\/\/www.municipios.gov.py\/emboscada\/wp-content\/uploads\/sites\/121\/2016\/06\/PLANILLA-DE-AVANCE-SEGUNDO-TRIMESTRE-2016-FONACIDE.pdf\">PLANILLA DE AVANCE SEGUNDO TRIMESTRE 2016 &#8211; FONACIDE<\/a>\u00a0<a style=\"color: #000000; text-decoration: underline;\" href=\"https:\/\/www.municipios.gov.py\/emboscada\/wp-content\/uploads\/sites\/121\/2016\/06\/EJECUCION-PRESUPUESTARIA-SEGUNDO-TRIMESTRE-2016-FONACIDE.pdf\">EJECUCI\u00d3N PRESUPUESTARIA SEGUNDO TRIMESTRE 2016- FONACIDE<\/a><\/span><\/li>\n<li>PLANILLA DE AVANCE SEGUNDO CUATRIMESTRE 2018-EJECUCI\u00d3N DE RECURSO<\/li>\n<li><a href=\"https:\/\/www.municipios.gov.py\/emboscada\/wp-content\/uploads\/sites\/121\/2018\/12\/Fonacide.pdf\">INFORME DE GESTI\u00d3N<\/a><\/li>\n<li><span style=\"color: #000000;\"><a href=\"https:\/\/www.municipios.gov.py\/emboscada\/wp-content\/uploads\/sites\/121\/2018\/12\/Ejecucion-de-Gastos.pdf\">Ejecuci\u00f3n de Gastos\u00a0<\/a><\/span><\/li>\n<li><a href=\"https:\/\/www.municipios.gov.py\/emboscada\/wp-content\/uploads\/sites\/121\/2018\/12\/Ejecucion-de-ingreso.pdf\">Ejecuci\u00f3n de ingreso<\/a><\/li>\n<li><a href=\"https:\/\/www.municipios.gov.py\/emboscada\/wp-content\/uploads\/sites\/121\/2019\/05\/Ejecucion-de-Gastos.pdf\">Ejecucion de Gastos Fonacide 2018<\/a><\/li>\n<li><a href=\"https:\/\/www.municipios.gov.py\/emboscada\/wp-content\/uploads\/sites\/121\/2019\/05\/Ejecucion-de-Ingresos.pdf\">Ejecucion de Ingresos Fonacide 2018<\/a><\/li>\n<li><span style=\"color: #000000;\"><a href=\"https:\/\/www.municipios.gov.py\/emboscada\/wp-content\/uploads\/sites\/121\/2023\/07\/Aportes.pdf\">Aportes Junio 2023<\/a><\/span><\/li>\n<li><span style=\"color: #000000;\"><a href=\"https:\/\/www.municipios.gov.py\/emboscada\/wp-content\/uploads\/sites\/121\/2023\/07\/Cargo-Vacante.pdf\">Cargo Vacante Junio 2023<\/a><\/span><\/li>\n<li><span style=\"color: #000000;\"><a href=\"https:\/\/www.municipios.gov.py\/emboscada\/wp-content\/uploads\/sites\/121\/2023\/07\/Ejecucion-de-Gastos.pdf\">Ejecucion de Gastos Junio 2023<\/a><\/span><\/li>\n<li><span style=\"color: #000000;\"><a href=\"https:\/\/www.municipios.gov.py\/emboscada\/wp-content\/uploads\/sites\/121\/2023\/07\/Ejecucion-de-Ingresos.pdf\">Ejecucion de Ingresos Junio 2023<\/a><\/span><\/li>\n<li><span style=\"color: #000000;\"><a href=\"https:\/\/www.municipios.gov.py\/emboscada\/wp-content\/uploads\/sites\/121\/2023\/07\/Planilla-de-Aporte-Junio.pdf\">Planilla de Aporte Junio 2023<\/a><\/span><\/li>\n<li><span style=\"color: #000000;\"><a href=\"https:\/\/www.municipios.gov.py\/emboscada\/wp-content\/uploads\/sites\/121\/2023\/07\/Planilla-de-Funcionarios.pdf\">Planilla de Funcionarios Junio 2023<\/a><\/span><\/li>\n<li><span style=\"color: #000000;\"><a href=\"https:\/\/www.municipios.gov.py\/emboscada\/wp-content\/uploads\/sites\/121\/2023\/07\/Planilla-de-Transferencias.pdf\">Planilla de Transferencias Junio 2023<\/a><\/span><\/li>\n<li><span style=\"color: #000000;\"><a href=\"https:\/\/www.municipios.gov.py\/emboscada\/wp-content\/uploads\/sites\/121\/2023\/07\/Viaticos-y-Movilidad.pdf\">Viaticos y Movilidad Junio 2023<\/a><\/span><\/li>\n<li><a href=\"https:\/\/www.municipios.gov.py\/emboscada\/wp-content\/uploads\/sites\/121\/2023\/08\/INFORME-DE-GESTION-FONACIDE-1ER-CUATRIMESTRE-2023-1.pdf\">INFORME DE GESTION FONACIDE 1ER CUATRIMESTRE 2023 (1)<\/a><a href=\"https:\/\/www.municipios.gov.py\/emboscada\/wp-content\/uploads\/sites\/121\/2023\/08\/Ejec-Ingresos-y-Gastos-Fonacide-1er-Cuatrim-2023-Emboscada-Firmado.pdf\">Ejec Ingresos y Gastos Fonacide 1er-Cuatrim-2023 Emboscada Firmado<\/a><\/li>\n<li><a href=\"https:\/\/www.municipios.gov.py\/emboscada\/wp-content\/uploads\/sites\/121\/2023\/08\/MOVIMIENTO-DE-BIENES.pdf\">MOVIMIENTO DE BIENES<\/a><a href=\"https:\/\/www.municipios.gov.py\/emboscada\/wp-content\/uploads\/sites\/121\/2023\/08\/8-REMUNERACION-EXTRAORDINARIA.pdf\">8<\/a><\/li>\n<li><a href=\"https:\/\/www.municipios.gov.py\/emboscada\/wp-content\/uploads\/sites\/121\/2023\/08\/8-REMUNERACION-EXTRAORDINARIA.pdf\">&#8211; REMUNERACION EXTRAORDINARIA<\/a><\/li>\n<li><a href=\"https:\/\/www.municipios.gov.py\/emboscada\/wp-content\/uploads\/sites\/121\/2023\/08\/7-RUBRO-800-SIN-MOVIMIENTO.pdf\">&#8211; RUBRO 800 SIN MOVIMIENTO<\/a><a href=\"https:\/\/www.municipios.gov.py\/emboscada\/wp-content\/uploads\/sites\/121\/2024\/02\/1-PLANILLA-DE-VACANCIAS-fdo.pdf\">1- PLANILLA DE VACANCIAS fdo<\/a><\/li>\n<li><a href=\"https:\/\/www.municipios.gov.py\/emboscada\/wp-content\/uploads\/sites\/121\/2023\/08\/6-EJECUCION-DE-GASTOS-JULIO.pdf\">&#8211; EJECUCION DE GASTOS JULIO<\/a><\/li>\n<li><a href=\"https:\/\/www.municipios.gov.py\/emboscada\/wp-content\/uploads\/sites\/121\/2023\/08\/5-EJECUCION-DE-INGRESOS-JULIO.pdf\">&#8211; EJECUCION DE INGRESOS JULIO<\/a><\/li>\n<li><a href=\"https:\/\/www.municipios.gov.py\/emboscada\/wp-content\/uploads\/sites\/121\/2023\/08\/4-MOVIMIENTO-RUBRO-800-1.pdf\">&#8211; MOVIMIENTO RUBRO 800 <\/a><\/li>\n<li><a href=\"https:\/\/www.municipios.gov.py\/emboscada\/wp-content\/uploads\/sites\/121\/2023\/08\/3-VIATICOS-Y-MOVILIDAD.pdf\">&#8211; VIATICOS Y MOVILIDAD<\/a><\/li>\n<li><a href=\"https:\/\/www.municipios.gov.py\/emboscada\/wp-content\/uploads\/sites\/121\/2023\/08\/1-VACANCIAS.pdf\">VACANCIAS<\/a><\/li>\n<li><a href=\"https:\/\/www.municipios.gov.py\/emboscada\/wp-content\/uploads\/sites\/121\/2023\/10\/2-PLANLLA-DE-COMISIONADOS.pdf\">2- PLANLLA DE COMISIONADOS<\/a><\/li>\n<li><a href=\"https:\/\/www.municipios.gov.py\/emboscada\/wp-content\/uploads\/sites\/121\/2023\/10\/4-EJECUCION-PRESUPUESTARIA-DE-INGRESOS.pdf\">4- EJECUCION PRESUPUESTARIA DE INGRESOS<\/a><\/li>\n<li><a href=\"https:\/\/www.municipios.gov.py\/emboscada\/wp-content\/uploads\/sites\/121\/2023\/10\/5-EJECUCION-PRESUPUESTARIA-DE-GASTOS.pdf\">5- EJECUCION PRESUPUESTARIA DE GASTOS<\/a><\/li>\n<li><a href=\"https:\/\/www.municipios.gov.py\/emboscada\/wp-content\/uploads\/sites\/121\/2023\/10\/6-DETALLE-DE-APORTES-Y-TRANSFERENCIAS-REALIZADAS.pdf\">6- DETALLE DE APORTES Y TRANSFERENCIAS REALIZADAS<\/a><\/li>\n<li><a href=\"https:\/\/www.municipios.gov.py\/emboscada\/wp-content\/uploads\/sites\/121\/2023\/10\/7-APORTES-Y-TRANSFERENCIAS-SIN-MOVIMIENTO.pdf\">7- APORTES Y TRANSFERENCIAS SIN MOVIMIENTO<\/a><\/li>\n<li><a href=\"https:\/\/www.municipios.gov.py\/emboscada\/wp-content\/uploads\/sites\/121\/2023\/10\/8-DETALLE-DE-SERVICIOS-PERSONALES.pdf\">8- DETALLE DE SERVICIOS PERSONALES<\/a><\/li>\n<li><a href=\"https:\/\/www.municipios.gov.py\/emboscada\/wp-content\/uploads\/sites\/121\/2023\/10\/9-SERVICIOS-PERSONALES-SIN-MOVIMIENTO.pdf\">9- SERVICIOS PERSONALES SIN MOVIMIENTO<\/a><\/li>\n<li><a href=\"https:\/\/www.municipios.gov.py\/emboscada\/wp-content\/uploads\/sites\/121\/2023\/10\/11-APORTE-JUBILATORIO-DEL-EMPLEADOR.pdf\">11- APORTE JUBILATORIO DEL EMPLEADOR<\/a><\/li>\n<li><a href=\"https:\/\/www.municipios.gov.py\/emboscada\/wp-content\/uploads\/sites\/121\/2023\/10\/12-MOVIMIENTO-E-BIENES.pdf\">12- MOVIMIENTO E BIENES<\/a><\/li>\n<li><a href=\"https:\/\/www.municipios.gov.py\/emboscada\/wp-content\/uploads\/sites\/121\/2023\/10\/VIATICOS.pdf\">VIATICOS<\/a><\/li>\n<li><a href=\"https:\/\/www.municipios.gov.py\/emboscada\/wp-content\/uploads\/sites\/121\/2023\/10\/ALTAS-Y-BAJAS-DE-SETIEMBRE.xlsx\">ALTAS Y BAJAS DE SETIEMBRE<\/a> <a href=\"https:\/\/www.municipios.gov.py\/emboscada\/wp-content\/uploads\/sites\/121\/2023\/10\/ALTAS-Y-BAJAS-DE-SETIEMBRE-1.xlsx\">ALTAS Y BAJAS DE SETIEMBRE<\/a><\/li>\n<li><a href=\"https:\/\/www.municipios.gov.py\/emboscada\/wp-content\/uploads\/sites\/121\/2023\/10\/6-EJECUCION-PRESUPUESTARIA-RECURSOS-FONACIDE-1.pdf\">EJECUCION PRESUPUESTARIA RECURSOS FONACIDE<\/a><\/li>\n<li><a href=\"https:\/\/www.municipios.gov.py\/emboscada\/wp-content\/uploads\/sites\/121\/2023\/10\/9-EJECUCION-PRESUPUESTRIA-GASTOS-FONACIDE-1.pdf\">&#8211; EJECUCION PRESUPUESTRIA GASTOS FONACIDE (<\/a><\/li>\n<li><a href=\"https:\/\/www.municipios.gov.py\/emboscada\/wp-content\/uploads\/sites\/121\/2023\/10\/6-EJECUCION-PRESUPUESTARIA-RECURSOS-FONACIDE-1.pdf\">(1)<\/a><a href=\"https:\/\/www.municipios.gov.py\/emboscada\/wp-content\/uploads\/sites\/121\/2023\/10\/INFORME-DE-GESTION-FONACIDE-Firmado.pdf\">INFORME DE GESTION FONACIDE Firmado<\/a><\/li>\n<li><span style=\"color: #3366ff;\"><a href=\"https:\/\/www.municipios.gov.py\/emboscada\/wp-content\/uploads\/sites\/121\/2023\/10\/Manual-de-Funciones.pdf\">Manual de Funciones<\/a><\/span><\/li>\n<li><a href=\"https:\/\/www.municipios.gov.py\/emboscada\/wp-content\/uploads\/sites\/121\/2023\/10\/ANEXO-DEL-PERSONAL-2023.pdf\">ANEXO DEL PERSONAL 2023<\/a><\/li>\n<li><span style=\"color: #3366ff;\"><a href=\"https:\/\/www.municipios.gov.py\/emboscada\/wp-content\/uploads\/sites\/121\/2023\/10\/3.1.-ORGANIGRAMA-MUNICIPALIDAD-DE-EMBOSCADA.pdf\">ORGANIGRAMA MUNICIPALIDAD DE EMBOSCADA<\/a><\/span><\/li>\n<li><span style=\"color: #3366ff;\"><a href=\"https:\/\/www.municipios.gov.py\/emboscada\/wp-content\/uploads\/sites\/121\/2023\/10\/1-PLANILLA-DE-VACANCIAS.pdf\">1- PLANILLA DE VACANCIAS<\/a><\/span><\/li>\n<li><span style=\"color: #3366ff;\"> <a href=\"https:\/\/www.municipios.gov.py\/emboscada\/wp-content\/uploads\/sites\/121\/2023\/10\/INVENTARIO.pdf\">INVENTARIO<\/a><\/span><\/li>\n<li><span style=\"color: #3366ff;\"><a href=\"https:\/\/www.municipios.gov.py\/emboscada\/wp-content\/uploads\/sites\/121\/2023\/11\/12-MOVIMIENTO-DE-BIENES.pdf\">\u00a0MOVIMIENTO DE BIENES<\/a> <\/span><\/li>\n<li><span style=\"color: #3366ff;\"><a href=\"https:\/\/www.municipios.gov.py\/emboscada\/wp-content\/uploads\/sites\/121\/2023\/11\/11-PLANILLA-DE-APORTE-JUBILATORIO.pdf\">\u00a0PLANILLA DE APORTE JUBILATORIO<\/a><\/span><\/li>\n<li><span style=\"color: #3366ff;\"><a href=\"https:\/\/www.municipios.gov.py\/emboscada\/wp-content\/uploads\/sites\/121\/2023\/11\/9-SERVICIOS-PERSONALES-SIN-MOVIMIENTO.pdf\">SERVICIOS PERSONALES SIN MOVIMIENTO<\/a> <\/span><\/li>\n<li><span style=\"color: #3366ff;\"><a href=\"https:\/\/www.municipios.gov.py\/emboscada\/wp-content\/uploads\/sites\/121\/2023\/11\/8-DETALLE-DE-HONORARIOS-PROFSIONALES.pdf\">DETALLE DE HONORARIOS PROFSIONALES<\/a> <\/span><\/li>\n<li><span style=\"color: #3366ff;\"><a href=\"https:\/\/www.municipios.gov.py\/emboscada\/wp-content\/uploads\/sites\/121\/2023\/11\/7-APORTES-Y-TRANSFERENCIAS-SIN-MOVIMIENTO.pdf\">\u00a0APORTES Y TRANSFERENCIAS SIN MOVIMIENTO<\/a><\/span><\/li>\n<li><span style=\"color: #3366ff;\"><a href=\"https:\/\/www.municipios.gov.py\/emboscada\/wp-content\/uploads\/sites\/121\/2023\/11\/6-DETALLE-DE-APORTES-Y-TRANSFERENCIAS.pdf\">\u00a0DETALLE DE APORTES Y TRANSFERENCIAS<\/a> <\/span><\/li>\n<li><span style=\"color: #3366ff;\"><a href=\"https:\/\/www.municipios.gov.py\/emboscada\/wp-content\/uploads\/sites\/121\/2023\/11\/5-EJECUCION-PRESUPUESTARIA-DE-GASTOS.pdf\">EJECUCION PRESUPUESTARIA DE GASTOS<\/a><\/span><\/li>\n<li><span style=\"color: #3366ff;\"><a href=\"https:\/\/www.municipios.gov.py\/emboscada\/wp-content\/uploads\/sites\/121\/2023\/11\/4-EJECUCION-PRESUPUESTARIA-DE-INGRESOS.pdf\">\u00a0EJECUCION PRESUPUESTARIA DE INGRESOS<\/a> <\/span><\/li>\n<li><span style=\"color: #3366ff;\"><a href=\"https:\/\/www.municipios.gov.py\/emboscada\/wp-content\/uploads\/sites\/121\/2023\/11\/2-PLANILLA-DE-COMISIONADOS.pdf\">\u00a0PLANILLA DE COMISIONADOS<\/a><\/span><\/li>\n<li><span style=\"color: #3366ff;\"><a href=\"https:\/\/www.municipios.gov.py\/emboscada\/wp-content\/uploads\/sites\/121\/2023\/11\/1-PLANILLA-DE-CARGOS-VACANTES.pdf\">PLANILLA DE CARGOS VACANTES<\/a> <\/span><\/li>\n<li><span style=\"color: #3366ff;\"><a href=\"https:\/\/www.municipios.gov.py\/emboscada\/wp-content\/uploads\/sites\/121\/2023\/11\/3-PLANILLA-DE-PASAJES-Y-VIATICOS.pdf\">PLANILLA DE PASAJES Y VIATICOS<\/a><\/span><\/li>\n<li><span style=\"color: #3366ff;\"><a href=\"https:\/\/www.municipios.gov.py\/emboscada\/wp-content\/uploads\/sites\/121\/2023\/11\/ALTAS-Y-BAJAS-DE-OCTUBRE.csv\">ALTAS Y BAJAS DE OCTUBRE<\/a><\/span><\/li>\n<li><span style=\"color: #3366ff;\"><a href=\"https:\/\/www.municipios.gov.py\/emboscada\/wp-content\/uploads\/sites\/121\/2023\/12\/3-INFORME-DE-VIATICOS-Y-MOVILIDAD.pdf\">INFORME DE VIATICOS Y MOVILIDAD<\/a><\/span><\/li>\n<li><span style=\"color: #3366ff;\"><a href=\"https:\/\/www.municipios.gov.py\/emboscada\/wp-content\/uploads\/sites\/121\/2023\/12\/4-EJECUCION-PRESUPUESTARIA-DE-INGRESOS-firmado.pdf\">EJECUCION PRESUPUESTARIA DE INGRESOS\u00a0<\/a><\/span><\/li>\n<li><span style=\"color: #3366ff;\"><a href=\"https:\/\/www.municipios.gov.py\/emboscada\/wp-content\/uploads\/sites\/121\/2023\/12\/5-EJECUCION-PRESUPUESTARIA-DE-GASTOS-firmado.pdf\">EJECUCION PRESUPUESTARIA DE GASTOS\u00a0<\/a><\/span><\/li>\n<li><span style=\"color: #3366ff;\"><a href=\"https:\/\/www.municipios.gov.py\/emboscada\/wp-content\/uploads\/sites\/121\/2023\/12\/6-APORTES-Y-TRANSFERENCIAS-REALIZADAS-firmado.pdf\">APORTES Y TRANSFERENCIAS REALIZADAS\u00a0<\/a><\/span><\/li>\n<li><span style=\"color: #3366ff;\"><a href=\"https:\/\/www.municipios.gov.py\/emboscada\/wp-content\/uploads\/sites\/121\/2023\/12\/7-APORTES-Y-TRANSGERENCIAS-SIN-MOVIMIENTO-firmado.pdf\">APORTES Y TRANSGERENCIAS SIN MOVIMIENTO\u00a0<\/a><\/span><\/li>\n<li><span style=\"color: #3366ff;\"><a href=\"https:\/\/www.municipios.gov.py\/emboscada\/wp-content\/uploads\/sites\/121\/2023\/12\/8-DETALLE-DE-SERVICIOS-PERSONALES-firmado.pdf\">DETALLE DE SERVICIOS PERSONALES\u00a0<\/a><\/span><\/li>\n<li><span style=\"color: #3366ff;\"><a href=\"https:\/\/www.municipios.gov.py\/emboscada\/wp-content\/uploads\/sites\/121\/2023\/12\/9-SERVICIOS-PERSONALES-SIN-MOVIMIENTO-firmado.pdf\"> SERVICIOS PERSONALES SIN MOVIMIENTO\u00a0<\/a><\/span><\/li>\n<li><span style=\"color: #3366ff;\"><a href=\"https:\/\/www.municipios.gov.py\/emboscada\/wp-content\/uploads\/sites\/121\/2023\/12\/11-APORTE-JUBILATORIO-firmado.pdf\"> APORTE JUBILATORIO\u00a0<\/a><\/span><\/li>\n<li><span style=\"color: #3366ff;\"><a href=\"https:\/\/www.municipios.gov.py\/emboscada\/wp-content\/uploads\/sites\/121\/2023\/12\/12-MOVIMIENTO-DE-BIENES-firmado.pdf\">MOVIMIENTO DE BIENES\u00a0<\/a><\/span><\/li>\n<li><span style=\"color: #3366ff;\"><a href=\"https:\/\/www.municipios.gov.py\/emboscada\/wp-content\/uploads\/sites\/121\/2023\/12\/ALTAS-Y-BAJAS-DE-NOVIEMBRE.csv\">ALTAS Y BAJAS DE NOVIEMBRE<\/a><\/span><\/li>\n<li><span style=\"color: #3366ff;\"><a href=\"https:\/\/www.municipios.gov.py\/emboscada\/wp-content\/uploads\/sites\/121\/2023\/12\/1-PLANILLA-DE-VACANCIAS-firmado.pdf\">PLANILLA DE VACANCIAS\u00a0<\/a><\/span><\/li>\n<li><span style=\"color: #3366ff;\"><a href=\"https:\/\/www.municipios.gov.py\/emboscada\/wp-content\/uploads\/sites\/121\/2023\/12\/2-PLANILLA-DE-COMISIONADOS-firmado.pdf\">PLANILLA DE COMISIONADOS<\/a><\/span><\/li>\n<li><span style=\"color: #3366ff;\"><a href=\"https:\/\/www.municipios.gov.py\/emboscada\/wp-content\/uploads\/sites\/121\/2024\/01\/Aguinaldo20240112_09403124.pdf\">Aguinaldo<\/a><\/span><\/li>\n<li><span style=\"color: #3366ff;\"><a href=\"https:\/\/www.municipios.gov.py\/emboscada\/wp-content\/uploads\/sites\/121\/2024\/01\/Detalle-de-Egreso20240112_09282875.pdf\">Detalle de Egreso_<\/a><\/span><\/li>\n<li><span style=\"color: #3366ff;\"><a href=\"https:\/\/www.municipios.gov.py\/emboscada\/wp-content\/uploads\/sites\/121\/2024\/01\/Detalle-de-Egreso20240112_09394287.pdf\">Detalle de Egreso<\/a><\/span><\/li>\n<li><span style=\"color: #3366ff;\"><a href=\"https:\/\/www.municipios.gov.py\/emboscada\/wp-content\/uploads\/sites\/121\/2024\/01\/Ejecucion-de-Ingresos20240112_09024956.pdf\">Ejecucion de Ingresos<\/a><\/span><\/li>\n<li><span style=\"color: #3366ff;\"><a href=\"https:\/\/www.municipios.gov.py\/emboscada\/wp-content\/uploads\/sites\/121\/2024\/01\/Movimiento-de-Bienes-de-Uso20240112_08545380.pdf\">Movimiento de Bienes de Uso<\/a><\/span><\/li>\n<li><span style=\"color: #3366ff;\"> <a href=\"https:\/\/www.municipios.gov.py\/emboscada\/wp-content\/uploads\/sites\/121\/2024\/01\/Pasajes-y-Viaticos20240112_08540577.pdf\">Pasajes y Viaticos<\/a><\/span><\/li>\n<li><span style=\"color: #3366ff;\"><a href=\"https:\/\/www.municipios.gov.py\/emboscada\/wp-content\/uploads\/sites\/121\/2024\/01\/Planilla-Caja-de-Jubilaciones20240112_08525428.pdf\">Planilla Caja de Jubilaciones<\/a><\/span><\/li>\n<li><span style=\"color: #3366ff;\"><a href=\"https:\/\/www.municipios.gov.py\/emboscada\/wp-content\/uploads\/sites\/121\/2024\/01\/Planilla-de-Comisionados20240112_09042760.pdf\">Planilla de Comisionados<\/a><\/span><\/li>\n<li><span style=\"color: #3366ff;\"> <a href=\"https:\/\/www.municipios.gov.py\/emboscada\/wp-content\/uploads\/sites\/121\/2024\/01\/Remuneracion-Adicional20240112_09411759.pdf\">Remuneracion Adicional<\/a><\/span><\/li>\n<li><span style=\"color: #3366ff;\"><a href=\"https:\/\/www.municipios.gov.py\/emboscada\/wp-content\/uploads\/sites\/121\/2024\/01\/Transferencias20240112_08490270.pdf\">Transferencias<\/a> <\/span><\/li>\n<li><span style=\"color: #3366ff;\"><a href=\"https:\/\/www.municipios.gov.py\/emboscada\/wp-content\/uploads\/sites\/121\/2024\/01\/Vacancia20240112_09050859.pdf\">Vacancia<\/a><\/span><\/li>\n<li><span style=\"color: #3366ff;\"><a href=\"https:\/\/www.municipios.gov.py\/emboscada\/wp-content\/uploads\/sites\/121\/2024\/01\/ALTAS-Y-BAJAS-DE-DICIEMBRE.csv\">ANEXO DE PERSONAL DICIEMBRE<\/a><\/span><\/li>\n<li><span style=\"color: #3366ff;\"><a href=\"https:\/\/www.municipios.gov.py\/emboscada\/wp-content\/uploads\/sites\/121\/2024\/01\/Informe-Anual-2023-Municipalidad-de-Emboscada.pdf\">Informe Anual 2023 Municipalidad de Emboscada<\/a><\/span><\/li>\n<li><a href=\"https:\/\/www.municipios.gov.py\/emboscada\/wp-content\/uploads\/sites\/121\/2024\/02\/Informe-Anual-2023-Completado-1.xlsx\">Informe Anual 2023 Completado Municipalidad de Emboscada<\/a><\/li>\n<li><span style=\"color: #3366ff;\"><a href=\"https:\/\/www.municipios.gov.py\/emboscada\/wp-content\/uploads\/sites\/121\/2024\/02\/1-PLANILLA-DE-VACANCIAS-fdo.pdf\">1- PLANILLA DE VACANCIAS ENERO2024-fdo<\/a><\/span><\/li>\n<li><a href=\"https:\/\/www.municipios.gov.py\/emboscada\/wp-content\/uploads\/sites\/121\/2024\/02\/2-PLANILLA-DE-COMISIONADOS-fdo.pdf\">2- PLANILLA DE COMISIONADOS ENERO2024-fdo<\/a><\/li>\n<li><span style=\"color: #3366ff;\"><a href=\"https:\/\/www.municipios.gov.py\/emboscada\/wp-content\/uploads\/sites\/121\/2024\/02\/3-INFORME-DE-VIATICOS-Y-MOVILIDAD-fdo.pdf\">3- INFORME DE VIATICOS Y MOVILIDAD ENERO2024 fdo<\/a><\/span><\/li>\n<li><span style=\"color: #3366ff;\"><a href=\"https:\/\/www.municipios.gov.py\/emboscada\/wp-content\/uploads\/sites\/121\/2024\/02\/4-PLANILLA-SICCA-ENERO-2024.pdf\">4- PLANILLA SICCA ENERO-2024<\/a><\/span><\/li>\n<li><a href=\"https:\/\/www.municipios.gov.py\/emboscada\/wp-content\/uploads\/sites\/121\/2024\/02\/5-EJECUCION-PRESUPUESTARIA-DE-GASTOS-1fdo.pdf\">5- EJECUCION PRESUPUESTARIA DE GASTOS ENERO2024<\/a><a href=\"https:\/\/www.municipios.gov.py\/emboscada\/wp-content\/uploads\/sites\/121\/2024\/02\/5-EJECUCION-PRESUPUESTARIA-DE-GASTOS-1fdo.pdf\">fdo<\/a><\/li>\n<li><a href=\"https:\/\/www.municipios.gov.py\/emboscada\/wp-content\/uploads\/sites\/121\/2024\/02\/6-DETALLE-DE-TRANSFERENCIAS-SIN-MOVIMIENTO-1fdo.pdf\">6- DETALLE DE TRANSFERENCIAS SIN MOVIMIENTO ENERO2024fdo<\/a><\/li>\n<li><a href=\"https:\/\/www.municipios.gov.py\/emboscada\/wp-content\/uploads\/sites\/121\/2024\/02\/7-DETALLE-DE-HONORARIOS-PROFESIONALES-1.pdf\">7- DETALLE DE HONORARIOS PROFESIONALES ENERO2024<\/a><\/li>\n<li><a href=\"https:\/\/www.municipios.gov.py\/emboscada\/wp-content\/uploads\/sites\/121\/2024\/02\/8-EJECUCION-PRESUPUESTARIA-DE-INGRESOS-fdo1.pdf\">8- EJECUCION PRESUPUESTARIA DE INGRESOS ENERO2024fdo<\/a><\/li>\n<li><span style=\"color: #3366ff;\"><a href=\"https:\/\/www.municipios.gov.py\/emboscada\/wp-content\/uploads\/sites\/121\/2024\/02\/9-PLANILLA-DE-APORTE-JUBILATORIO-1fdo.pdf\">9- PLANILLA DE APORTE JUBILATORIO ENERO2024 fdo<\/a><\/span><\/li>\n<li><span style=\"color: #3366ff;\"><a href=\"https:\/\/www.municipios.gov.py\/emboscada\/wp-content\/uploads\/sites\/121\/2024\/02\/10-MOVIMIENTO-DE-BIENES-1fdo.pdf\">10- MOVIMIENTO DE BIENES ENERO 2024fdo<\/a><\/span><\/li>\n<li><span style=\"color: #3366ff;\"><a href=\"https:\/\/www.municipios.gov.py\/emboscada\/wp-content\/uploads\/sites\/121\/2024\/02\/11-SERVICIOS-PERSONALES-SIN-MOVIMIENTO-1fdo.pdf\">11- SERVICIOS PERSONALES SIN MOVIMIENTO ENERO2024fdo<\/a><\/span><\/li>\n<li><span style=\"color: #3366ff;\"><a href=\"https:\/\/www.municipios.gov.py\/emboscada\/wp-content\/uploads\/sites\/121\/2024\/02\/12-EJECUCION-DE-GASTOS-DICIEMBRE-2023.pdf\">12-EJECUCION DE GASTOS DICIEMBRE 2023<\/a><img loading=\"lazy\" decoding=\"async\" class=\"wp-image-700 alignright\" src=\"https:\/\/www.municipios.gov.py\/wp-content\/uploads\/2016\/02\/Mapa-Cuadricula-colores-846x1024.png\" alt=\"Mapa-Cuadricula-colores\" width=\"207\" height=\"250\" \/><\/span><\/li>\n<\/ul>\n","protected":false},"excerpt":{"rendered":"<p>INFORME ANUAL 2024 Informe de Gestion B01-08 Tercer Cuatrimestre 2018 PLANILLA DE AVANCE PRIMER TRIMESTRE 2016 &#8211; FONACIDE EJECUCI\u00d3N PRESUPUESTARIA PRIMER TRIMESTRE 2016- FONACIDE PLANILLA DE AVANCE SEGUNDO TRIMESTRE 2016 &#8211; FONACIDE\u00a0EJECUCI\u00d3N PRESUPUESTARIA SEGUNDO TRIMESTRE 2016- FONACIDE PLANILLA DE AVANCE SEGUNDO CUATRIMESTRE 2018-EJECUCI\u00d3N DE RECURSO INFORME DE GESTI\u00d3N Ejecuci\u00f3n de Gastos\u00a0 Ejecuci\u00f3n de ingreso Ejecucion &#8230; <a title=\"Transparencia\" class=\"read-more\" href=\"https:\/\/www.municipios.gov.py\/emboscada\/clasificacion-y-documentos-existentes\/transparencia\/\" aria-label=\"Leer m\u00e1s sobre Transparencia\">Leer Mas&#8230;<\/a><\/p>\n","protected":false},"author":4,"featured_media":0,"parent":81,"menu_order":0,"comment_status":"closed","ping_status":"closed","template":"","meta":{"generate_page_header":"","jetpack_post_was_ever_published":false,"footnotes":""},"class_list":["post-23","page","type-page","status-publish"],"jetpack_sharing_enabled":true,"jetpack_shortlink":"https:\/\/wp.me\/P8AJNj-n","_links":{"self":[{"href":"https:\/\/www.municipios.gov.py\/emboscada\/wp-json\/wp\/v2\/pages\/23","targetHints":{"allow":["GET"]}}],"collection":[{"href":"https:\/\/www.municipios.gov.py\/emboscada\/wp-json\/wp\/v2\/pages"}],"about":[{"href":"https:\/\/www.municipios.gov.py\/emboscada\/wp-json\/wp\/v2\/types\/page"}],"author":[{"embeddable":true,"href":"https:\/\/www.municipios.gov.py\/emboscada\/wp-json\/wp\/v2\/users\/4"}],"replies":[{"embeddable":true,"href":"https:\/\/www.municipios.gov.py\/emboscada\/wp-json\/wp\/v2\/comments?post=23"}],"version-history":[{"count":41,"href":"https:\/\/www.municipios.gov.py\/emboscada\/wp-json\/wp\/v2\/pages\/23\/revisions"}],"predecessor-version":[{"id":1032,"href":"https:\/\/www.municipios.gov.py\/emboscada\/wp-json\/wp\/v2\/pages\/23\/revisions\/1032"}],"up":[{"embeddable":true,"href":"https:\/\/www.municipios.gov.py\/emboscada\/wp-json\/wp\/v2\/pages\/81"}],"wp:attachment":[{"href":"https:\/\/www.municipios.gov.py\/emboscada\/wp-json\/wp\/v2\/media?parent=23"}],"curies":[{"name":"wp","href":"https:\/\/api.w.org\/{rel}","templated":true}]}}