{"id":2,"date":"2016-06-30T17:59:43","date_gmt":"2016-06-30T17:59:43","guid":{"rendered":"https:\/\/www.municipios.gov.py\/emboscada\/?page_id=2"},"modified":"2021-01-13T08:40:37","modified_gmt":"2021-01-13T11:40:37","slug":"pagina-ejemplo","status":"publish","type":"page","link":"https:\/\/www.municipios.gov.py\/emboscada\/","title":{"rendered":"Historia"},"content":{"rendered":"<p style=\"text-align: left;\">La ciudad de Emboscada se encuentra ubicada a 39 Km de la ciudad de Asunci\u00f3n, ubicada en el Tercer Departamento de Cordillera. Cuenta con una extensi\u00f3n de 265 km2.<\/p>\n<p style=\"text-align: left;\">Fundada entre los a\u00f1os 1740-1744 por el Gobernador Rafael de la Moneda .Sobre el a\u00f1o de fundaci\u00f3n de \u00abEL Pueblo de los Pardos libres San Agust\u00edn de la Emboscada\u00bb no est\u00e1n de acuerdo los historiadores, que lo hacen oscilar entre 1740 y 1744. El mismo gobernador Pedro Melo de Portugal, cuando impone su reglamento para el buen gobierno del pueblo, el 29 de noviembre de 1783, menciona en los considerandos los \u00abm\u00e1s de cuarenta a\u00f1os de fundaci\u00f3n\u00bb y dice, en el art\u00edculo primero que habi\u00e9ndose erigido dicha poblaci\u00f3n por los a\u00f1os 1743 a 1744 \u00abcomo no se ha descubierto hasta la fecha el documento de la fundaci\u00f3n, no se puede llegar a ninguna certidumbre, pero se puede conjeturar que la instalaci\u00f3n del pueblo estuvo terminada en 1744, siguiendo la opini\u00f3n del capit\u00e1n don Juan Francisco de Aguirre y de don F\u00e9lix de Azara.<\/p>\n<p style=\"text-align: left;\">Seg\u00fan un documento encuadernado en el volumen 120, nro 10, en junio de 1741 dec\u00eda: \u201cque las costas del r\u00edo (paraguay) estaban desguarnecidas y los mejores terrenos poblados del interior eran invadidos por los indios, que hac\u00edan \u201cestragos memorables \u201cestas declaraciones fueron tomadas para responder a las averiguaciones que manda hacer el Gobernador Rafael de la moneda.<\/p>\n<p style=\"text-align: left;\">En el a\u00f1o 1761 fue designado el Padre Francisco Amancio Gonz\u00e1lez como cura de Emboscada, quien se dedic\u00f3 adem\u00e1s a la evangelizaci\u00f3n de las tribus tobas, enimag\u00e1s y lenguas cercanas al poblado. En esa \u00e9poca el pueblo ya contaba con una poblaci\u00f3n de 562 habitantes. La superficie de las tierras que abarcaba el pueblo se extend\u00eda a dos y medias leguas, de Este a Oeste, y pose\u00edan una chacra de comunidad para el acopio de productos.<\/p>\n<p style=\"text-align: left;\">La nueva iglesia, que aun subsiste, parece haber sido construida hacia 1774 por el Padre Gonz\u00e1lez. Aun a fines del siglo XVIII la \u00fanica casa con tejas era la del cura. La expansi\u00f3n que el pueblo alcanza a comienzos del XIX como centro agr\u00edcola y en la provisi\u00f3n de piedras, extra\u00eddas de las cercanas canteras, se fue limitando a\u00f1os m\u00e1s tarde, pues en 1845, el pueblo es repoblado con 400 hombres y 600 mujeres.<\/p>\n<p style=\"text-align: left;\">La estructura del pueblo se fue desdibujando, a excepci\u00f3n de la plaza de la Iglesia cuyos l\u00edmites se han definido mediante cercado. En torno a esta y a la plaza del mercado se encuentran tiras de casas, las m\u00e1s antiguas de las cuales datan del siglo XIX.<\/p>\n<p style=\"text-align: left;\">La iglesia constituye sin duda un elemento arquitect\u00f3nico de sumo inter\u00e9s no solo por responder a las tipolog\u00edas del siglo XVIII y su excelente estado de conservaci\u00f3n sino tambi\u00e9n por ser uno de los ejemplos menos conocido.<\/p>\n<p style=\"text-align: left;\">En 1816 fue construida la Penitenciar\u00eda de M\u00e1xima Seguridad del Paraguay, la C\u00e1rcel de Emboscada, la misma funciona hasta ahora, en \u00e9pocas de la dictadura \u00e9sta funcion\u00f3 como c\u00e1rcel pol\u00edtica. As\u00ed mismo, funciona detr\u00e1s mismo de esta Penitenciaria Antigua una nueva c\u00e1rcel que lleva por nombre Padre Juan Antonio de la Vega, inaugurado el 06 de mayo del a\u00f1o 2013. La inversi\u00f3n para la construcci\u00f3n de la nueva penitenciar\u00eda fue de aproximadamente 6.000 millones de guaran\u00edes, monto aportado \u00edntegramente en car\u00e1cter de donaci\u00f3n por el Gobierno de China-Taiw\u00e1n con una contrapartida local de \u00a0500 millones de guaran\u00edes.<\/p>\n<p><img loading=\"lazy\" decoding=\"async\" class=\"alignnone size-medium wp-image-594\" src=\"https:\/\/www.municipios.gov.py\/emboscada\/wp-content\/uploads\/sites\/121\/2019\/11\/emboscada-2-298x300.jpg\" alt=\"\" width=\"298\" height=\"300\" srcset=\"https:\/\/www.municipios.gov.py\/emboscada\/wp-content\/uploads\/sites\/121\/2019\/11\/emboscada-2-298x300.jpg 298w, https:\/\/www.municipios.gov.py\/emboscada\/wp-content\/uploads\/sites\/121\/2019\/11\/emboscada-2-150x150.jpg 150w, https:\/\/www.municipios.gov.py\/emboscada\/wp-content\/uploads\/sites\/121\/2019\/11\/emboscada-2.jpg 688w\" sizes=\"auto, (max-width: 298px) 100vw, 298px\" \/><\/p>\n","protected":false},"excerpt":{"rendered":"<p>La ciudad de Emboscada se encuentra ubicada a 39 Km de la ciudad de Asunci\u00f3n, ubicada en el Tercer Departamento de Cordillera. Cuenta con una extensi\u00f3n de 265 km2. Fundada entre los a\u00f1os 1740-1744 por el Gobernador Rafael de la Moneda .Sobre el a\u00f1o de fundaci\u00f3n de \u00abEL Pueblo de los Pardos libres San Agust\u00edn &#8230; <a title=\"Historia\" class=\"read-more\" href=\"https:\/\/www.municipios.gov.py\/emboscada\/\" aria-label=\"Leer m\u00e1s sobre Historia\">Leer Mas&#8230;<\/a><\/p>\n","protected":false},"author":4,"featured_media":0,"parent":0,"menu_order":0,"comment_status":"closed","ping_status":"closed","template":"","meta":{"generate_page_header":"","jetpack_post_was_ever_published":false,"footnotes":""},"class_list":["post-2","page","type-page","status-publish"],"jetpack_sharing_enabled":true,"jetpack_shortlink":"https:\/\/wp.me\/P8AJNj-2","_links":{"self":[{"href":"https:\/\/www.municipios.gov.py\/emboscada\/wp-json\/wp\/v2\/pages\/2","targetHints":{"allow":["GET"]}}],"collection":[{"href":"https:\/\/www.municipios.gov.py\/emboscada\/wp-json\/wp\/v2\/pages"}],"about":[{"href":"https:\/\/www.municipios.gov.py\/emboscada\/wp-json\/wp\/v2\/types\/page"}],"author":[{"embeddable":true,"href":"https:\/\/www.municipios.gov.py\/emboscada\/wp-json\/wp\/v2\/users\/4"}],"replies":[{"embeddable":true,"href":"https:\/\/www.municipios.gov.py\/emboscada\/wp-json\/wp\/v2\/comments?post=2"}],"version-history":[{"count":10,"href":"https:\/\/www.municipios.gov.py\/emboscada\/wp-json\/wp\/v2\/pages\/2\/revisions"}],"predecessor-version":[{"id":595,"href":"https:\/\/www.municipios.gov.py\/emboscada\/wp-json\/wp\/v2\/pages\/2\/revisions\/595"}],"wp:attachment":[{"href":"https:\/\/www.municipios.gov.py\/emboscada\/wp-json\/wp\/v2\/media?parent=2"}],"curies":[{"name":"wp","href":"https:\/\/api.w.org\/{rel}","templated":true}]}}