{"id":19,"date":"2016-06-30T18:12:37","date_gmt":"2016-06-30T18:12:37","guid":{"rendered":"https:\/\/www.municipios.gov.py\/emboscada\/?page_id=19"},"modified":"2021-01-13T09:01:03","modified_gmt":"2021-01-13T12:01:03","slug":"junta-municipal","status":"publish","type":"page","link":"https:\/\/www.municipios.gov.py\/emboscada\/junta-municipal\/","title":{"rendered":"Junta Municipal"},"content":{"rendered":"<p style=\"text-align: justify;\"><em>Seg\u00fan Resoluci\u00f3n de la Junta Municipal N\u00ba 347\/2020 se conforma la Comisi\u00f3n Permanente de la Junta Municipal de Emboscada, con vigencia y atribuciones desde la fecha de elecci\u00f3n hasta el 31 de enero del 2021.<\/em><\/p>\n<p style=\"text-align: center;\"><strong>Presidente:<\/strong> Concejal Municipal Hugo Ram\u00f3n Galeano<\/p>\n<p style=\"text-align: center;\"><strong>Vicepresidente:<\/strong> Concejal Municipal Lic. Ricardo Ariel Ben\u00edtez Diaz<\/p>\n<p><strong>Miembros: <\/strong><\/p>\n<p>Concejal Abg. Jos\u00e9 Agust\u00edn Monges Correa<\/p>\n<p>Concejala Mar\u00eda Lucia L\u00f3pez de Cuevas<\/p>\n<p>Concejal Dionisio Miguel V\u00e1zquez Pereira<\/p>\n<p><a href=\"https:\/\/www.municipios.gov.py\/emboscada\/wp-content\/uploads\/sites\/121\/2021\/01\/RESOLUCION-JMN\u00b0-347-DE-2020.pdf\">RESOLUCION JMN\u00b0 347 DE 2020<\/a><\/p>\n","protected":false},"excerpt":{"rendered":"<p>Seg\u00fan Resoluci\u00f3n de la Junta Municipal N\u00ba 347\/2020 se conforma la Comisi\u00f3n Permanente de la Junta Municipal de Emboscada, con vigencia y atribuciones desde la fecha de elecci\u00f3n hasta el 31 de enero del 2021. Presidente: Concejal Municipal Hugo Ram\u00f3n Galeano Vicepresidente: Concejal Municipal Lic. Ricardo Ariel Ben\u00edtez Diaz Miembros: Concejal Abg. Jos\u00e9 Agust\u00edn Monges &#8230; <a title=\"Junta Municipal\" class=\"read-more\" href=\"https:\/\/www.municipios.gov.py\/emboscada\/junta-municipal\/\" aria-label=\"Leer m\u00e1s sobre Junta Municipal\">Leer Mas&#8230;<\/a><\/p>\n","protected":false},"author":4,"featured_media":0,"parent":0,"menu_order":0,"comment_status":"closed","ping_status":"closed","template":"","meta":{"generate_page_header":"","jetpack_post_was_ever_published":false,"footnotes":""},"class_list":["post-19","page","type-page","status-publish"],"jetpack_sharing_enabled":true,"jetpack_shortlink":"https:\/\/wp.me\/P8AJNj-j","_links":{"self":[{"href":"https:\/\/www.municipios.gov.py\/emboscada\/wp-json\/wp\/v2\/pages\/19","targetHints":{"allow":["GET"]}}],"collection":[{"href":"https:\/\/www.municipios.gov.py\/emboscada\/wp-json\/wp\/v2\/pages"}],"about":[{"href":"https:\/\/www.municipios.gov.py\/emboscada\/wp-json\/wp\/v2\/types\/page"}],"author":[{"embeddable":true,"href":"https:\/\/www.municipios.gov.py\/emboscada\/wp-json\/wp\/v2\/users\/4"}],"replies":[{"embeddable":true,"href":"https:\/\/www.municipios.gov.py\/emboscada\/wp-json\/wp\/v2\/comments?post=19"}],"version-history":[{"count":9,"href":"https:\/\/www.municipios.gov.py\/emboscada\/wp-json\/wp\/v2\/pages\/19\/revisions"}],"predecessor-version":[{"id":695,"href":"https:\/\/www.municipios.gov.py\/emboscada\/wp-json\/wp\/v2\/pages\/19\/revisions\/695"}],"wp:attachment":[{"href":"https:\/\/www.municipios.gov.py\/emboscada\/wp-json\/wp\/v2\/media?parent=19"}],"curies":[{"name":"wp","href":"https:\/\/api.w.org\/{rel}","templated":true}]}}