{"id":17,"date":"2016-06-30T18:12:02","date_gmt":"2016-06-30T18:12:02","guid":{"rendered":"https:\/\/www.municipios.gov.py\/emboscada\/?page_id=17"},"modified":"2021-01-11T07:38:33","modified_gmt":"2021-01-11T10:38:33","slug":"datos-del-intendente","status":"publish","type":"page","link":"https:\/\/www.municipios.gov.py\/emboscada\/datos-del-intendente\/","title":{"rendered":"Datos del Intendente"},"content":{"rendered":"<p><img loading=\"lazy\" decoding=\"async\" class=\"alignnone size-medium wp-image-481\" src=\"https:\/\/www.municipios.gov.py\/emboscada\/wp-content\/uploads\/sites\/121\/2018\/09\/0e687e6c-9e28-4357-aa34-8edbe7aa9aa1-300x300.jpg\" alt=\"\" width=\"300\" height=\"300\" srcset=\"https:\/\/www.municipios.gov.py\/emboscada\/wp-content\/uploads\/sites\/121\/2018\/09\/0e687e6c-9e28-4357-aa34-8edbe7aa9aa1-300x300.jpg 300w, https:\/\/www.municipios.gov.py\/emboscada\/wp-content\/uploads\/sites\/121\/2018\/09\/0e687e6c-9e28-4357-aa34-8edbe7aa9aa1-150x150.jpg 150w, https:\/\/www.municipios.gov.py\/emboscada\/wp-content\/uploads\/sites\/121\/2018\/09\/0e687e6c-9e28-4357-aa34-8edbe7aa9aa1.jpg 719w\" sizes=\"auto, (max-width: 300px) 100vw, 300px\" \/><\/p>\n<p>El Intendente Municipal de la ciudad de <em><strong>Emboscada<\/strong><\/em>, Silvio Andr\u00e9s Pe\u00f1a Sald\u00edvar (PLRA) nacido el 01 de junio de 1984 en Asunci\u00f3n de Padre: Espirion Pe\u00f1a, Madre: Blanca Saldivar. Su carrera en la Municipalidad de Emboscada arranc\u00f3 como Director de Tr\u00e1nsito en el periodo 2006-2010, siendo electo como Concejal Municipal en el periodo 2010-2015 respectivamente.<\/p>\n<p>Actualmente cumpliendo el periodo como edil municipal (2015-2020) del Ex Intendente Jacinto Ra\u00fal Pe\u00f1a Silva quien falleci\u00f3 en un accidente de tr\u00e1nsito el pasado 26 de Setiembre de 2017. Asumi\u00f3 el cargo el 15 de diciembre de 2017.<\/p>\n","protected":false},"excerpt":{"rendered":"<p>El Intendente Municipal de la ciudad de Emboscada, Silvio Andr\u00e9s Pe\u00f1a Sald\u00edvar (PLRA) nacido el 01 de junio de 1984 en Asunci\u00f3n de Padre: Espirion Pe\u00f1a, Madre: Blanca Saldivar. Su carrera en la Municipalidad de Emboscada arranc\u00f3 como Director de Tr\u00e1nsito en el periodo 2006-2010, siendo electo como Concejal Municipal en el periodo 2010-2015 respectivamente. &#8230; <a title=\"Datos del Intendente\" class=\"read-more\" href=\"https:\/\/www.municipios.gov.py\/emboscada\/datos-del-intendente\/\" aria-label=\"Leer m\u00e1s sobre Datos del Intendente\">Leer Mas&#8230;<\/a><\/p>\n","protected":false},"author":4,"featured_media":0,"parent":0,"menu_order":0,"comment_status":"closed","ping_status":"closed","template":"","meta":{"generate_page_header":"","jetpack_post_was_ever_published":false,"footnotes":""},"class_list":["post-17","page","type-page","status-publish"],"jetpack_sharing_enabled":true,"jetpack_shortlink":"https:\/\/wp.me\/P8AJNj-h","_links":{"self":[{"href":"https:\/\/www.municipios.gov.py\/emboscada\/wp-json\/wp\/v2\/pages\/17","targetHints":{"allow":["GET"]}}],"collection":[{"href":"https:\/\/www.municipios.gov.py\/emboscada\/wp-json\/wp\/v2\/pages"}],"about":[{"href":"https:\/\/www.municipios.gov.py\/emboscada\/wp-json\/wp\/v2\/types\/page"}],"author":[{"embeddable":true,"href":"https:\/\/www.municipios.gov.py\/emboscada\/wp-json\/wp\/v2\/users\/4"}],"replies":[{"embeddable":true,"href":"https:\/\/www.municipios.gov.py\/emboscada\/wp-json\/wp\/v2\/comments?post=17"}],"version-history":[{"count":8,"href":"https:\/\/www.municipios.gov.py\/emboscada\/wp-json\/wp\/v2\/pages\/17\/revisions"}],"predecessor-version":[{"id":681,"href":"https:\/\/www.municipios.gov.py\/emboscada\/wp-json\/wp\/v2\/pages\/17\/revisions\/681"}],"wp:attachment":[{"href":"https:\/\/www.municipios.gov.py\/emboscada\/wp-json\/wp\/v2\/media?parent=17"}],"curies":[{"name":"wp","href":"https:\/\/api.w.org\/{rel}","templated":true}]}}