{"id":133,"date":"2016-07-04T15:18:25","date_gmt":"2016-07-04T15:18:25","guid":{"rendered":"https:\/\/www.municipios.gov.py\/emboscada\/?page_id=133"},"modified":"2023-10-20T10:30:21","modified_gmt":"2023-10-20T13:30:21","slug":"fonacide","status":"publish","type":"page","link":"https:\/\/www.municipios.gov.py\/emboscada\/fonacide\/","title":{"rendered":"FONACIDE Y ROYALTIES -INFORMES"},"content":{"rendered":"<ul>\n<li><span style=\"color: #000000;\"><a style=\"color: #000000;\" href=\"https:\/\/www.municipios.gov.py\/emboscada\/wp-content\/uploads\/sites\/121\/2016\/07\/INFORME-TRIMESTRAL-DE-INGRESOS-FONACIDE-1ER-TRIMESTRE.pdf\">INFORME TRIMESTRAL DE INGRESOS \u00a01ER TRIMESTRE<\/a><\/span><\/li>\n<li><span style=\"color: #000000;\"><a style=\"color: #000000;\" href=\"https:\/\/www.municipios.gov.py\/emboscada\/wp-content\/uploads\/sites\/121\/2016\/06\/PLANILLA-DE-AVANCE-SEGUNDO-TRIMESTRE-2016-FONACIDE.pdf\">PLANILLA DE AVANCE SEGUNDO TRIMESTRE 2016\u00a0<\/a><\/span><\/li>\n<li><span style=\"color: #000000;\"><a style=\"color: #000000;\" href=\"https:\/\/www.municipios.gov.py\/emboscada\/wp-content\/uploads\/sites\/121\/2016\/06\/EJECUCION-PRESUPUESTARIA-SEGUNDO-TRIMESTRE-2016-FONACIDE.pdf\">EJECUCI\u00d3N PRESUPUESTARIA DE EGRESOS SEGUNDO TRIMESTRE 2016<\/a><\/span><\/li>\n<li><span style=\"color: #000000;\"><a style=\"color: #000000;\" href=\"https:\/\/www.municipios.gov.py\/emboscada\/wp-content\/uploads\/sites\/121\/2016\/07\/INFORME-TRIMESTRAL-DE-INGRESOS-FONACIDE-2DO-TRIMESTRE.pdf\">INFORME TRIMESTRAL DE INGRESOS 2DO TRIMESTRE<\/a><\/span><\/li>\n<li><span style=\"color: #000000;\"><a style=\"color: #000000;\" href=\"https:\/\/www.municipios.gov.py\/emboscada\/wp-content\/uploads\/sites\/121\/2016\/07\/PLANILLA-DE-GESTION-TERCER-TRIMESTRE.pdf\">PLANILLA DE AVANCE TERCER TRIMESTRE<\/a><\/span><\/li>\n<li><span style=\"color: #000000;\"><a style=\"color: #000000;\" href=\"https:\/\/www.municipios.gov.py\/emboscada\/wp-content\/uploads\/sites\/121\/2016\/07\/anexo-B-01-08.pdf\">Informe Trimestral 2016<\/a><\/span><\/li>\n<li><span style=\"color: #000000;\"><a style=\"color: #000000;\" href=\"https:\/\/www.municipios.gov.py\/emboscada\/wp-content\/uploads\/sites\/121\/2016\/07\/Tercero-dos.pdf\">Ejecuci\u00f3n Presupuestaria de Recursos Tercer Trimestre 2016<\/a><\/span><\/li>\n<li><span style=\"color: #000000;\"><a style=\"color: #000000;\" href=\"https:\/\/www.municipios.gov.py\/emboscada\/wp-content\/uploads\/sites\/121\/2016\/07\/Tercero-uno.pdf\">Ejecuci\u00f3n Presupuestaria de Gastos Tercer Trimestre 2016<\/a><\/span><\/li>\n<li><span style=\"color: #000000;\"><a style=\"color: #000000;\" href=\"https:\/\/www.municipios.gov.py\/emboscada\/wp-content\/uploads\/sites\/121\/2016\/07\/PLANILLA-DE-GESTION-CUARTO-TRIMESTRE.pdf\">PLANILLA DE AVANCE CUARTO TRIMESTRE<\/a><\/span><\/li>\n<li><span style=\"color: #000000;\"><a style=\"color: #000000;\" href=\"https:\/\/www.municipios.gov.py\/emboscada\/wp-content\/uploads\/sites\/121\/2016\/07\/Cuarto-dos.pdf\">Ejecuci\u00f3n Presupuestaria de Recursos Cuarto Trimestre 2016<\/a><\/span><\/li>\n<li><span style=\"color: #000000;\"><a style=\"color: #000000;\" href=\"https:\/\/www.municipios.gov.py\/emboscada\/wp-content\/uploads\/sites\/121\/2016\/07\/cuarto-uno.pdf\">Ejecuci\u00f3n Presupuestaria de Gastos Cuarto Trimestre 2016<\/a><\/span><\/li>\n<li><span style=\"color: #000000;\"><a style=\"color: #000000;\" href=\"https:\/\/www.municipios.gov.py\/emboscada\/wp-content\/uploads\/sites\/121\/2016\/07\/BRN30055CE1E0DB_000930.pdf\">PLANILLA DE GESTI\u00d3N PRIMER CUATRIMESTRE 2017<\/a><\/span><\/li>\n<li><span style=\"color: #000000;\"><a style=\"color: #000000;\" href=\"https:\/\/www.municipios.gov.py\/emboscada\/wp-content\/uploads\/sites\/121\/2016\/07\/BRN30055CE1E0DB_000931.pdf\">EJECUCI\u00d3N PRESUPUESTARIA DE RECURSOS PRIMER CUATRIMESTRE FONACIDE 2017<\/a><\/span><\/li>\n<li><span style=\"color: #000000;\"><a style=\"color: #000000;\" href=\"https:\/\/www.municipios.gov.py\/emboscada\/wp-content\/uploads\/sites\/121\/2016\/07\/BRN30055CE1E0DB_000932.pdf\">EJECUCI\u00d3N PRESUPUESTARIA DE GASTOS PRIMER CUATRIMESTRE FONACIDE 2017<\/a><\/span><\/li>\n<li><span style=\"color: #000000;\"><a style=\"color: #000000;\" href=\"https:\/\/www.municipios.gov.py\/emboscada\/wp-content\/uploads\/sites\/121\/2018\/05\/TRIMESTRAL.pdf\">INFORME DE GESTI\u00d3N TRIMESTRAL 2017<\/a><\/span><\/li>\n<li><span style=\"color: #000000;\"><a style=\"color: #000000;\" href=\"https:\/\/www.municipios.gov.py\/emboscada\/wp-content\/uploads\/sites\/121\/2018\/02\/EJECUCION-PRESUPUESTARIA-POR-OBJETO-DE-GASTO.pdf\">EJECUCI\u00d3N PRESUPUESTARIA POR OBJETO DE GASTO<\/a> <a style=\"color: #000000;\" href=\"https:\/\/www.municipios.gov.py\/emboscada\/wp-content\/uploads\/sites\/121\/2018\/02\/EJEUCUION-PRESUPUESTARIA.pdf\">EJECUCI\u00d3N PRESUPUESTARIA\u00a0<\/a><a style=\"color: #000000;\" href=\"https:\/\/www.municipios.gov.py\/emboscada\/wp-content\/uploads\/sites\/121\/2018\/05\/SEGUNDO-CUATRIMESTRE.pdf\">SEGUNDO CUATRIMESTRE 2017<\/a> <\/span><\/li>\n<li><span style=\"color: #000000;\"><a style=\"color: #000000;\" href=\"https:\/\/www.municipios.gov.py\/emboscada\/wp-content\/uploads\/sites\/121\/2018\/05\/TERCER-CUATRIMESTRE.pdf\">TERCER CUATRIMESTRE 2017<\/a><\/span><\/li>\n<li><span style=\"color: #000000;\"><a style=\"color: #000000;\" href=\"https:\/\/www.municipios.gov.py\/emboscada\/wp-content\/uploads\/sites\/121\/2018\/05\/Ejecucion-de-gastos-FONACIDE.pdf\">Ejecuci\u00f3n de gastos FONACIDE 2017<\/a><\/span><\/li>\n<li><span style=\"color: #000000;\"><a style=\"color: #000000;\" href=\"https:\/\/www.municipios.gov.py\/emboscada\/wp-content\/uploads\/sites\/121\/2018\/05\/Ejecucion-de-ingresos-FONACIDE.pdf\">Ejecuci\u00f3n de ingresos FONACIDE 2017<\/a><\/span><\/li>\n<li><span style=\"color: #000000;\"><a style=\"color: #000000;\" href=\"https:\/\/www.municipios.gov.py\/emboscada\/wp-content\/uploads\/sites\/121\/2018\/09\/Ejecucion-de-Ingreso-FONACIDE.pdf\">Ejecuci\u00f3n de Ingreso FONACIDE PRIMER CUATRIMESTRE 2018<\/a><\/span><\/li>\n<li><span style=\"color: #000000;\"><a style=\"color: #000000;\" href=\"https:\/\/www.municipios.gov.py\/emboscada\/wp-content\/uploads\/sites\/121\/2018\/09\/Ejecucion-de-Gastos-FONACIDE.pdf\">Ejecuci\u00f3n de Gastos FONACIDE PRIMER CUATRIMESTRE 2018<\/a><\/span><\/li>\n<li><span style=\"color: #000000;\"><a style=\"color: #000000;\" href=\"https:\/\/www.municipios.gov.py\/emboscada\/wp-content\/uploads\/sites\/121\/2018\/09\/Ejecucion-de-Ingresos-ROYALTIES.pdf\">Ejecuci\u00f3n de Ingresos ROYALTIES PRIMER CUATRIMESTRE 2018<\/a><\/span><\/li>\n<li><span style=\"color: #000000;\"><a style=\"color: #000000;\" href=\"https:\/\/www.municipios.gov.py\/emboscada\/wp-content\/uploads\/sites\/121\/2018\/09\/Ejecucion-de-Gastos-Royalties.pdf\">Ejecuci\u00f3n de Gastos Royalties PRIMER CUATRIMESTRE 2018<\/a><\/span><\/li>\n<li><span style=\"color: #000000;\"><a style=\"color: #000000;\" href=\"https:\/\/www.municipios.gov.py\/emboscada\/wp-content\/uploads\/sites\/121\/2018\/09\/Informe-de-gestion-B01-08.pdf\">Informe de gesti\u00f3n B01-08 &#8211; Primer cuatrimestre<\/a><\/span><\/li>\n<li><span style=\"color: #000000;\"><a style=\"color: #000000;\" href=\"https:\/\/www.municipios.gov.py\/emboscada\/wp-content\/uploads\/sites\/121\/2019\/09\/Formulario-Anexo-B01-08-1.pdf\">Informe de Gesti\u00f3n a\u00f1o 2019. Primer Cuatrimestre<\/a><\/span><\/li>\n<li><span style=\"color: #000000;\"><a style=\"color: #000000;\" href=\"https:\/\/www.municipios.gov.py\/emboscada\/wp-content\/uploads\/sites\/121\/2019\/09\/Ejecucion-de-Gastos-1er-Cuatrim-2019-Fonacide.pdf\">Ejecuci\u00f3n de Gastos 1er Cuatrimestre-2019 Fonacide<\/a><\/span><\/li>\n<li><span style=\"color: #000000;\"><a style=\"color: #000000;\" href=\"https:\/\/www.municipios.gov.py\/emboscada\/wp-content\/uploads\/sites\/121\/2019\/09\/Ejecucion-de-Ingreso-1er-Cuatrim-2019-Fonacide.pdf\">Ejecuci\u00f3n de Ingreso 1er Cuatrimestre-2019 Fonacide<\/a><\/span><\/li>\n<li><span style=\"color: #000000;\"><a style=\"color: #000000;\" href=\"https:\/\/www.municipios.gov.py\/emboscada\/wp-content\/uploads\/sites\/121\/2019\/11\/Ejecucion-de-Gastos.pdf\">Ejecuci\u00f3n de Ingresos FONACIDE PRIMER CUATRIMESTRE 2019<\/a><\/span><\/li>\n<li><span style=\"color: #000000;\"><a style=\"color: #000000;\" href=\"https:\/\/www.municipios.gov.py\/emboscada\/wp-content\/uploads\/sites\/121\/2019\/11\/Ejecucion-de-Ingreso.pdf\">Ejecuci\u00f3n de Gastos FONACIDE Primer Cuatrimestre 2019<\/a><\/span><\/li>\n<li><span style=\"color: #000000;\"><a style=\"color: #000000;\" href=\"https:\/\/www.municipios.gov.py\/emboscada\/wp-content\/uploads\/sites\/121\/2019\/12\/Infome-de-Gestion.pdf\">Informe de Gesti\u00f3n Primer Cuatrimestre 2019<\/a><\/span><\/li>\n<li><span style=\"color: #000000;\"><a style=\"color: #000000;\" href=\"https:\/\/www.municipios.gov.py\/emboscada\/wp-content\/uploads\/sites\/121\/2019\/12\/Ejecucion-de-Ingresos.pdf\">Ejecuci\u00f3n de Ingresos FONACIDE Segundo Cuatrimestre 2019<\/a><\/span><\/li>\n<li><span style=\"color: #000000;\"><a style=\"color: #000000;\" href=\"https:\/\/www.municipios.gov.py\/emboscada\/wp-content\/uploads\/sites\/121\/2019\/12\/Ejecucion-de-Gastos.pdf\">Ejecuci\u00f3n de Gastos FONACIDE Segundo Cuatrimestre 2019<\/a><\/span><\/li>\n<li><span style=\"color: #000000;\"><a style=\"color: #000000;\" href=\"https:\/\/www.municipios.gov.py\/emboscada\/wp-content\/uploads\/sites\/121\/2019\/12\/Informe-de-Gestion-B01-08-Segundo-Cuatrimestre-1.pdf\">Informe de Gesti\u00f3n B01-08 Segundo Cuatrimestre 2019<\/a><\/span><\/li>\n<li><span style=\"color: #000000;\"><a style=\"color: #000000;\" href=\"https:\/\/www.municipios.gov.py\/emboscada\/wp-content\/uploads\/sites\/121\/2020\/05\/Ejecucion-de-Ingreso.pdf\">Ejecuci\u00f3n de Ingreso FONACIDE TERCER CUATRIMESTRE 2019<\/a><\/span><\/li>\n<li><span style=\"color: #000000;\"><a style=\"color: #000000;\" href=\"https:\/\/www.municipios.gov.py\/emboscada\/wp-content\/uploads\/sites\/121\/2020\/05\/Ejecucion-de-Gastos.pdf\">Ejecuci\u00f3n de Gastos FONACIDE TERCER CUATRIMESTRE 2019<\/a><\/span><\/li>\n<li><span style=\"color: #000000;\"><a style=\"color: #000000;\" href=\"https:\/\/www.municipios.gov.py\/emboscada\/wp-content\/uploads\/sites\/121\/2020\/05\/Informe-de-Gestion.pdf\">Informe de Gesti\u00f3n Tercer Cuatrimestre 2019<\/a><\/span><\/li>\n<li><span style=\"color: #000000;\"><a style=\"color: #000000;\" href=\"https:\/\/www.municipios.gov.py\/emboscada\/wp-content\/uploads\/sites\/121\/2020\/09\/Ejecucion-de-Ingreso-Egreso-Fonacide-1er-Cuatrimestre-2020-Emboscada.pdf\">Ejecuci\u00f3n de Ingreso Egreso Fonacide 1er Cuatrimestre 2020 <\/a><\/span><\/li>\n<li><span style=\"color: #000000;\"><a style=\"color: #000000;\" href=\"https:\/\/www.municipios.gov.py\/emboscada\/wp-content\/uploads\/sites\/121\/2020\/09\/Anexo-B-01-08-1er-Cuatrimestre-2020-Emboscada_opt.pdf\">Anexo B-01-08 1er Cuatrimestre 2020<\/a><\/span><\/li>\n<li><span style=\"color: #000000;\"><a style=\"color: #000000;\" href=\"https:\/\/www.municipios.gov.py\/emboscada\/wp-content\/uploads\/sites\/121\/2021\/01\/Ejecuci\u00f3n-de-Ingresos-Fonacide-2do-Cuatrimestre-2020-Emboscada.pdf\">Ejecuci\u00f3n de Ingresos Fonacide 2do Cuatrimestre 2020 Emboscada<\/a><\/span><\/li>\n<li><span style=\"color: #000000;\"><a style=\"color: #000000;\" href=\"https:\/\/www.municipios.gov.py\/emboscada\/wp-content\/uploads\/sites\/121\/2021\/01\/Ejecucion-de-Gastos-Fonacide-2do-Cuatrimestre-2020-Emboscada.pdf\">Ejecuci\u00f3n de Gastos Fonacide 2do Cuatrimestre 2020 Emboscada<\/a><\/span><\/li>\n<li><span style=\"color: #000000;\"><a style=\"color: #000000;\" href=\"https:\/\/www.municipios.gov.py\/emboscada\/wp-content\/uploads\/sites\/121\/2021\/01\/Formulario-B-01-08-Fonacide-2020-1.pdf\">INFORME DE GESTI\u00d3N SEGUNDO CUATRIMESTRE Fonacide 2020<\/a><\/span><\/li>\n<li><span style=\"color: #000000;\"><a style=\"color: #000000;\" href=\"https:\/\/www.municipios.gov.py\/emboscada\/wp-content\/uploads\/sites\/121\/2021\/04\/EJECUCION-PRESUPUESTARIA-FONACIDE-TERCER-CUATRIMESTRE-2020-firmado.pdf\">EJECUCI\u00d3N PRESUPUESTARIA FONACIDE TERCER CUATRIMESTRE 2020 <\/a><\/span><\/li>\n<li><span style=\"color: #000000;\"><a style=\"color: #000000;\" href=\"https:\/\/www.municipios.gov.py\/emboscada\/wp-content\/uploads\/sites\/121\/2021\/04\/INFORME-DE-GESTION-B-01-08-A\u00d1O-2020-FONACIDE-Firmado.pdf\">INFORME DE GESTI\u00d3N B-01-08 A\u00d1O 2020 FONACIDE<\/a><\/span><\/li>\n<li><span style=\"color: #000000;\"><a style=\"color: #000000;\" href=\"https:\/\/www.municipios.gov.py\/emboscada\/wp-content\/uploads\/sites\/121\/2021\/09\/Ejecucion-Recursos-y-Gastos-Fonacide-1er-Cuat-2021-Emboscada-Firmado.pdf\">Ejecucion Recursos y Gastos Fonacide 1er Cuat-2021 Emboscada<\/a><\/span><\/li>\n<li><span style=\"color: #000000;\"><a style=\"color: #000000;\" href=\"https:\/\/www.municipios.gov.py\/emboscada\/wp-content\/uploads\/sites\/121\/2021\/09\/Informe-B-01-08-Fonacide-1er-Cuatrim-2021-Emboscada.pdf\">Informe B-01-08 Fonacide 1er Cuatrim-2021 Emboscada<\/a><\/span><\/li>\n<li><span style=\"color: #000000;\"><a style=\"color: #000000;\" href=\"https:\/\/www.municipios.gov.py\/emboscada\/wp-content\/uploads\/sites\/121\/2021\/12\/Ejecucion-de-Gastos-Fonacide-2do-Cuatrimestre-2021-Emboscada-2021.pdf\">Ejecuci\u00f3n de Gastos Fonacide 2do Cuatrimestre-2021 Emboscada 2021<\/a><\/span><\/li>\n<li><span style=\"color: #000000;\"><a style=\"color: #000000;\" href=\"https:\/\/www.municipios.gov.py\/emboscada\/wp-content\/uploads\/sites\/121\/2021\/12\/Ejecucion-Recursos-Fonacide-2do-Cuatrimestre-2021-Emboscada2021.pdf\">Ejecuci\u00f3n Recursos Fonacide 2do Cuatrimestre-2021 Emboscada2021<\/a><\/span><\/li>\n<li><span style=\"color: #000000;\"><a style=\"color: #000000;\" href=\"https:\/\/www.municipios.gov.py\/emboscada\/wp-content\/uploads\/sites\/121\/2021\/12\/Informe-de-Gestion-B-01-08-Fonacide-2do-Cuatrimestre-2021-Emboscada.pdf\">Informe de Gestion B-01-08 Fonacide 2do-Cuatrimestre-2021 Emboscada<\/a><\/span><\/li>\n<li><span style=\"color: #000000;\"><a style=\"color: #000000;\" href=\"https:\/\/www.municipios.gov.py\/emboscada\/wp-content\/uploads\/sites\/121\/2022\/04\/Informe-Fonacide-B-01-08-3er-Cuatrim-2021-Emboscada-Firmado.pdf\">Informe\u00a0 B 01-08Fonacide3ercuatrimestr2021Emboscada<\/a><\/span><\/li>\n<li><span style=\"color: #000000;\"><a style=\"color: #000000;\" href=\"https:\/\/www.municipios.gov.py\/emboscada\/wp-content\/uploads\/sites\/121\/2022\/04\/Ejecucuon-Ingresos-y-Gastos-2021-Fonacide-Emboscada-Firmado-1.pdf\">Ejecucu\u00f3n Ingresos y Gastos 3er Cuatrimestre 2021 Fonacide Emboscada<\/a><\/span><\/li>\n<li><span style=\"color: #000000;\"><a style=\"color: #000000;\" href=\"https:\/\/www.municipios.gov.py\/emboscada\/wp-content\/uploads\/sites\/121\/2022\/09\/Ejecucion-Recursos-y-Gastos-1er.-Cuatrimestre-2022-FONACIDE.pdf\">Ejecuci\u00f3n Recursos y Gastos 1er. Cuatrimestre-2022 FONACIDE<\/a><\/span><\/li>\n<li><span style=\"color: #000000;\"><a style=\"color: #000000;\" href=\"https:\/\/www.municipios.gov.py\/emboscada\/wp-content\/uploads\/sites\/121\/2022\/09\/Informe-de-Gestion-B-01-08-FONACIDE-1er.-Cuatrim-2022.pdf\">Informe de Gestion B-01-08 FONACIDE 1er. Cuatrim-2022<\/a><\/span><\/li>\n<li><span style=\"color: #000000;\"><a style=\"color: #000000;\" href=\"https:\/\/www.municipios.gov.py\/emboscada\/wp-content\/uploads\/sites\/121\/2023\/01\/Informe-de-Gestion-B-01-08-2do-Cuatrimestre-2022.pdf\">Informe de Gesti\u00f3n B-01-08 2do Cuatrimestre-2022<\/a><\/span><\/li>\n<li><span style=\"color: #000000;\"><a style=\"color: #000000;\" href=\"https:\/\/www.municipios.gov.py\/emboscada\/wp-content\/uploads\/sites\/121\/2023\/01\/Ejecucion-Fonacide-2do-Cuatrimestre-2022.pdf\">Ejecucion Fonacide 2do Cuatrimestre-2022<\/a><\/span><\/li>\n<li><span style=\"color: #000000;\"><a href=\"https:\/\/www.municipios.gov.py\/emboscada\/wp-content\/uploads\/sites\/121\/2023\/05\/Ejecucion-de-Ingresos-y-Gastos-Fonacide-3er-Cuatrim-2022-Emboscada-1.pdf\">Ejecucion de Ingresos y Gastos Fonacide 3er-Cuatrim-2022 Emboscada <\/a><\/span><\/li>\n<li><span style=\"color: #000000;\"><a href=\"https:\/\/www.municipios.gov.py\/emboscada\/wp-content\/uploads\/sites\/121\/2023\/05\/Informe-de-Gestion-Fonacide-3er-Cuatrim-2022-Emboscada-Firmado-1.pdf\">Informe de Gestion Fonacide 3er Cuatrim-2022 Emboscada Firmado<\/a><\/span><\/li>\n<li><a href=\"https:\/\/www.municipios.gov.py\/emboscada\/wp-content\/uploads\/sites\/121\/2023\/10\/9-EJECUCION-PRESUPUESTRIA-GASTOS-FONACIDE-1.pdf\">&#8211; EJECUCION PRESUPUESTRIA GASTOS FONACIDE <\/a><\/li>\n<li><a href=\"https:\/\/www.municipios.gov.py\/emboscada\/wp-content\/uploads\/sites\/121\/2023\/10\/INFORME-DE-GESTION-FONACIDE-Firmado.pdf\">INFORME DE GESTION FONACIDE Firmado<\/a><\/li>\n<li><a href=\"https:\/\/www.municipios.gov.py\/emboscada\/wp-content\/uploads\/sites\/121\/2023\/10\/6-EJECUCION-PRESUPUESTARIA-RECURSOS-FONACIDE-1.pdf\">\u00a0EJECUCION PRESUPUESTARIA RECURSOS FONACIDE <\/a><\/li>\n<\/ul>\n","protected":false},"excerpt":{"rendered":"<p>INFORME TRIMESTRAL DE INGRESOS \u00a01ER TRIMESTRE PLANILLA DE AVANCE SEGUNDO TRIMESTRE 2016\u00a0 EJECUCI\u00d3N PRESUPUESTARIA DE EGRESOS SEGUNDO TRIMESTRE 2016 INFORME TRIMESTRAL DE INGRESOS 2DO TRIMESTRE PLANILLA DE AVANCE TERCER TRIMESTRE Informe Trimestral 2016 Ejecuci\u00f3n Presupuestaria de Recursos Tercer Trimestre 2016 Ejecuci\u00f3n Presupuestaria de Gastos Tercer Trimestre 2016 PLANILLA DE AVANCE CUARTO TRIMESTRE Ejecuci\u00f3n Presupuestaria de &#8230; <a title=\"FONACIDE Y ROYALTIES -INFORMES\" class=\"read-more\" href=\"https:\/\/www.municipios.gov.py\/emboscada\/fonacide\/\" aria-label=\"Leer m\u00e1s sobre FONACIDE Y ROYALTIES -INFORMES\">Leer Mas&#8230;<\/a><\/p>\n","protected":false},"author":4,"featured_media":0,"parent":0,"menu_order":0,"comment_status":"closed","ping_status":"closed","template":"","meta":{"generate_page_header":"","jetpack_post_was_ever_published":false,"footnotes":""},"class_list":["post-133","page","type-page","status-publish"],"jetpack_sharing_enabled":true,"jetpack_shortlink":"https:\/\/wp.me\/P8AJNj-29","_links":{"self":[{"href":"https:\/\/www.municipios.gov.py\/emboscada\/wp-json\/wp\/v2\/pages\/133","targetHints":{"allow":["GET"]}}],"collection":[{"href":"https:\/\/www.municipios.gov.py\/emboscada\/wp-json\/wp\/v2\/pages"}],"about":[{"href":"https:\/\/www.municipios.gov.py\/emboscada\/wp-json\/wp\/v2\/types\/page"}],"author":[{"embeddable":true,"href":"https:\/\/www.municipios.gov.py\/emboscada\/wp-json\/wp\/v2\/users\/4"}],"replies":[{"embeddable":true,"href":"https:\/\/www.municipios.gov.py\/emboscada\/wp-json\/wp\/v2\/comments?post=133"}],"version-history":[{"count":82,"href":"https:\/\/www.municipios.gov.py\/emboscada\/wp-json\/wp\/v2\/pages\/133\/revisions"}],"predecessor-version":[{"id":927,"href":"https:\/\/www.municipios.gov.py\/emboscada\/wp-json\/wp\/v2\/pages\/133\/revisions\/927"}],"wp:attachment":[{"href":"https:\/\/www.municipios.gov.py\/emboscada\/wp-json\/wp\/v2\/media?parent=133"}],"curies":[{"name":"wp","href":"https:\/\/api.w.org\/{rel}","templated":true}]}}