{"id":2,"date":"2016-06-30T17:59:43","date_gmt":"2016-06-30T17:59:43","guid":{"rendered":"https:\/\/www.municipios.gov.py\/elizardoaquino\/?page_id=2"},"modified":"2022-02-03T09:07:13","modified_gmt":"2022-02-03T12:07:13","slug":"pagina-ejemplo","status":"publish","type":"page","link":"https:\/\/www.municipios.gov.py\/elizardoaquino\/","title":{"rendered":"Informaci\u00f3n"},"content":{"rendered":"<p style=\"text-align: justify;\"><strong>General Jos\u00e9 Elizardo Aquino<\/strong> es un distrito y una ciudad de Paraguay, en el Departamento de San Pedro. Antiguamente se llamaba Colonia Trinacria, debido a que sus primeros pobladores fueron colonos italianos provenientes de la Pen\u00ednsula It\u00e1lica.<\/p>\n<p style=\"text-align: justify;\">El distrito lleva el apelativo del h\u00e9roe luque\u00f1o, general post mortem Jos\u00e9 Elizardo Aquino Jara, muerto coronel, en combate, en la Batalla de Paso Puc\u00fa, el 19 de julio de 1866 a los 42 a\u00f1os.<\/p>\n<p>General Elizardo Aquino cuenta con 24.705 habitantes en total, de los cuales 13.189 son varones y 11.516 son mujeres, seg\u00fan proyecciones de la Direcci\u00f3n General de Estad\u00edsticas, Encuestas y Censos. A su alrededor se encuentran comunidades como Santa Clara, Hugua Rey, Corrales, Piray, 1ro de Marzo y otras m\u00e1s. A este distrito se le conoce como la Ciudad de Amistad del Norte. Casi en el centro se encuentra el Monolito, tambi\u00e9n escuelas antiguas como la Escuela B\u00e1sica Nro. 99, el Colegio Nacional Gral. E. Aquino, la Escuela Parroquial Maria Auxiliadora, etc. En las colonias pertenecientes al Distrito de General Elizardo Aquino, especialmente en la Colonia de Santa Clara, se encuentra una de las escuelas m\u00e1s antiguas de todo el Paraguay; la Escuela B\u00e1sica N\u00ba 34 \u00abRep\u00fablica de Italia\u00bb, fundada en el siglo pasado.<\/p>\n<p>La ciudad est\u00e1 ubicada sobre la Ruta Nacional 10, a 25 km de Puerto Rosario, la cual se encuentra totalmente asfaltada, la comunidad es laboriosa, principalmente agr\u00edcola y ganadera.<\/p>\n<p><strong>Intendente municipal (2021-2025) ALBERTO IRENEO GRECO IBA\u00d1EZ (ANR)<\/strong><\/p>\n<p>&nbsp;<\/p>\n","protected":false},"excerpt":{"rendered":"<p>General Jos\u00e9 Elizardo Aquino es un distrito y una ciudad de Paraguay, en el Departamento de San Pedro. Antiguamente se llamaba Colonia Trinacria, debido a que sus primeros pobladores fueron colonos italianos provenientes de la Pen\u00ednsula It\u00e1lica. El distrito lleva el apelativo del h\u00e9roe luque\u00f1o, general post mortem Jos\u00e9 Elizardo Aquino Jara, muerto coronel, en &#8230; <a title=\"Informaci\u00f3n\" class=\"read-more\" href=\"https:\/\/www.municipios.gov.py\/elizardoaquino\/\" aria-label=\"Leer m\u00e1s sobre Informaci\u00f3n\">Leer Mas&#8230;<\/a><\/p>\n","protected":false},"author":4,"featured_media":0,"parent":0,"menu_order":0,"comment_status":"closed","ping_status":"closed","template":"","meta":{"generate_page_header":"","jetpack_post_was_ever_published":false,"footnotes":""},"class_list":["post-2","page","type-page","status-publish"],"jetpack_sharing_enabled":true,"jetpack_shortlink":"https:\/\/wp.me\/P8AJP0-2","_links":{"self":[{"href":"https:\/\/www.municipios.gov.py\/elizardoaquino\/wp-json\/wp\/v2\/pages\/2","targetHints":{"allow":["GET"]}}],"collection":[{"href":"https:\/\/www.municipios.gov.py\/elizardoaquino\/wp-json\/wp\/v2\/pages"}],"about":[{"href":"https:\/\/www.municipios.gov.py\/elizardoaquino\/wp-json\/wp\/v2\/types\/page"}],"author":[{"embeddable":true,"href":"https:\/\/www.municipios.gov.py\/elizardoaquino\/wp-json\/wp\/v2\/users\/4"}],"replies":[{"embeddable":true,"href":"https:\/\/www.municipios.gov.py\/elizardoaquino\/wp-json\/wp\/v2\/comments?post=2"}],"version-history":[{"count":42,"href":"https:\/\/www.municipios.gov.py\/elizardoaquino\/wp-json\/wp\/v2\/pages\/2\/revisions"}],"predecessor-version":[{"id":2079,"href":"https:\/\/www.municipios.gov.py\/elizardoaquino\/wp-json\/wp\/v2\/pages\/2\/revisions\/2079"}],"wp:attachment":[{"href":"https:\/\/www.municipios.gov.py\/elizardoaquino\/wp-json\/wp\/v2\/media?parent=2"}],"curies":[{"name":"wp","href":"https:\/\/api.w.org\/{rel}","templated":true}]}}