{"id":2,"date":"2016-06-30T17:59:43","date_gmt":"2016-06-30T17:59:43","guid":{"rendered":"https:\/\/www.municipios.gov.py\/edelira\/?page_id=2"},"modified":"2026-03-11T17:55:29","modified_gmt":"2026-03-11T20:55:29","slug":"pagina-ejemplo","status":"publish","type":"page","link":"https:\/\/www.municipios.gov.py\/edelira\/","title":{"rendered":"EDELIRA 2026"},"content":{"rendered":"<h2 style=\"padding-left: 30px; text-align: center;\"><span style=\"color: #000080;\">Miss Edelira 2025\/2026<\/span><\/h2>\n<h2 style=\"padding-left: 30px; text-align: center;\"><span style=\"color: #000080;\">EVELYN CABRERA CURTIDO<\/span><\/h2>\n<p><img loading=\"lazy\" decoding=\"async\" src=\"https:\/\/www.municipios.gov.py\/edelira\/wp-content\/uploads\/sites\/154\/2025\/11\/WhatsApp-Image-2025-11-13-at-09.42.19-1-300x200.jpeg\" alt=\"\" width=\"300\" height=\"200\" class=\"alignnone size-medium wp-image-6264\" srcset=\"https:\/\/www.municipios.gov.py\/edelira\/wp-content\/uploads\/sites\/154\/2025\/11\/WhatsApp-Image-2025-11-13-at-09.42.19-1-300x200.jpeg 300w, https:\/\/www.municipios.gov.py\/edelira\/wp-content\/uploads\/sites\/154\/2025\/11\/WhatsApp-Image-2025-11-13-at-09.42.19-1-1024x683.jpeg 1024w, https:\/\/www.municipios.gov.py\/edelira\/wp-content\/uploads\/sites\/154\/2025\/11\/WhatsApp-Image-2025-11-13-at-09.42.19-1-768x512.jpeg 768w, https:\/\/www.municipios.gov.py\/edelira\/wp-content\/uploads\/sites\/154\/2025\/11\/WhatsApp-Image-2025-11-13-at-09.42.19-1-1536x1024.jpeg 1536w, https:\/\/www.municipios.gov.py\/edelira\/wp-content\/uploads\/sites\/154\/2025\/11\/WhatsApp-Image-2025-11-13-at-09.42.19-1.jpeg 1600w\" sizes=\"auto, (max-width: 300px) 100vw, 300px\" \/><\/p>\n<h2 style=\"text-align: center;\"><span style=\"color: #000080;\">Intendente Municipal\u00a0<\/span><\/h2>\n<h2 style=\"text-align: center;\"><span style=\"color: #000080;\">PEDRO ELIO VILLAGRA. <\/span><\/h2>\n<p><img loading=\"lazy\" decoding=\"async\" src=\"https:\/\/www.municipios.gov.py\/edelira\/wp-content\/uploads\/sites\/154\/2021\/12\/0465163f-92c7-46ab-a993-9d8ee917e6e2-292x300.jpeg\" alt=\"\" width=\"292\" height=\"300\" class=\"alignnone size-medium wp-image-2983\" srcset=\"https:\/\/www.municipios.gov.py\/edelira\/wp-content\/uploads\/sites\/154\/2021\/12\/0465163f-92c7-46ab-a993-9d8ee917e6e2-292x300.jpeg 292w, https:\/\/www.municipios.gov.py\/edelira\/wp-content\/uploads\/sites\/154\/2021\/12\/0465163f-92c7-46ab-a993-9d8ee917e6e2-768x788.jpeg 768w, https:\/\/www.municipios.gov.py\/edelira\/wp-content\/uploads\/sites\/154\/2021\/12\/0465163f-92c7-46ab-a993-9d8ee917e6e2.jpeg 837w\" sizes=\"auto, (max-width: 292px) 100vw, 292px\" \/><\/p>\n<h2 style=\"text-align: center;\"><\/h2>\n<h2 style=\"text-align: center;\"><span style=\"color: #333399;\">MISI\u00d3N<\/span><\/h2>\n<blockquote>\n<p style=\"text-align: center;\">\n\u00abSomos una Entidad P\u00fablica al servicio de la comunidad, responsable de la administraci\u00f3n eficiente, honesta y eficaz de los recursos para el desarrollo sostenido y sustentable de la ciudadan\u00eda\u00bb   <\/p>\n<\/blockquote>\n<h2 style=\"text-align: center;\"><span style=\"color: #333399;\">VISI\u00d3N<\/span><\/h2>\n<blockquote>\n<p style=\"text-align: center;\">\n\u00abSer una Instituci\u00f3n ejemplar en la Gesti\u00f3n P\u00fablica promoviendo el desarrollo integral de la comunidad, fortalecer los valores \u00e9ticos, la equidad y la inclusi\u00f3n social\u00bb <\/p>\n<\/blockquote>\n<h2 style=\"text-align: center;\"><span style=\"color: #000080;\">HISTORIA DEL DISTRITO DE EDELIRA<\/span><\/h2>\n<blockquote>\n<p style=\"text-align: center;\">ANTERIORMENTE DENOMINADA JUNTA PARROQUIAL DE EDELIRA, DEPENDIENTE DEL DISTRITO DE CAPIT\u00c1N MEZA. EN 1981, A INICIATIVA DE UNOS VECINOS SE PED\u00cdA SU ELEVACI\u00d3N A LA CATEGOR\u00cdA DE DISTRITO.<\/p>\n<p style=\"text-align: center;\">EL 27 DE NOVIEMBRE EL PODER EJECUTIVO A TRAV\u00c9S DE LA LEY N\u00b0 883\/81 CREA EL DISTRITO DE ANTIDIA MATIAUDA. LUEGO DEL GOLPE DE ESTADO DEL 2 Y 3 DE FEBRERO DE 1989, POR DECRETO DEL PODER EJECUTIVO N\u00b0 66\/89 RESTITUYE Y ASIGNA NUEVAS DENOMINACIONES, AS\u00cd VUELVE A TOMAR SU ANTERIOR NOMBRE EDELIRA.-<\/p>\n<p style=\"text-align: center;\">EL DISTRITO DE EDELIRA, ES UNO DE LOS 30 DISTRITOS DEL DEPARTAMENTO DE ITAPUA, CON UNA SUPERFICIE DE 660 KM2, CON CARACTER\u00cdSTICAS DE SUELOS CON PENDIENTES VARIADOS, CON ARROYOS CRISTALINOS, EL PIRAYUI Y EL ARROYO PIRAPEY.<\/p>\n<\/blockquote>\n<h2 style=\"text-align: center;\"><span style=\"color: #000080;\"><i>LIMITA CON LOS SIGUIENTES\u00a0DISTRITOS:<\/i><\/span><\/h2>\n<ul>\n<li><strong>AL NORTE<\/strong>: EL DISTRITO DE TAVA\u00b4I (DEPARTAMENTO DE CAAZAPA)<\/li>\n<li><strong>AL SUR:<\/strong> EL DISTRITO DE CAPIT\u00c1N MEZA<\/li>\n<li><strong>AL ESTE:<\/strong> LOS DISTRITOS TOMAS ROMERO PEREIRA Y NATALIO<\/li>\n<li><strong>AL OESTE:<\/strong> EL DISTRITO DE ITAPUA POTY.<\/li>\n<\/ul>\n<p>CUENTA CON APROXIMADAMENTE 35.000 HABITANTES, UN 25% SON DE ORIGEN EXTRANJERO, LA MAYOR PARTE DE SU SUPERFICIE ES APTA PARA LA AGRICULTURA LA CUAL ES PARTE FUNDAMENTAL DE SU ECONOM\u00cdA.<\/p>\n<h2 style=\"text-align: center;\"><span style=\"color: #000080;\">INSTITUCIONES PUBLICAS<\/span><\/h2>\n<ul>\n<li>OFICINA REGIONAL DE IDENTIFICACIONES .<\/li>\n<li>OFICINA DE FISCALIA ZONAL EDELIRA.<\/li>\n<li>MINISTERIO DE OBRAS PUBLICAS Y\u00a0COMUNICACIONES( MOPC).<\/li>\n<li>SUPERVISIONES EDUCATIVAS DE APOYO T\u00c9CNICO ADMINISTRATIVO Y PEDAG\u00d3GICO.<\/li>\n<li>17 COLEGIOS Y 45 ESCUELAS.<\/li>\n<li>JUZGADO DE PAZ<\/li>\n<li>REGISTRO CIVIL.<\/li>\n<li>CENTRO DE EDUCACI\u00d3N Y CAPACITACI\u00d3N DE TECNOLOG\u00cdA CAMPESINA(C.E.C.T.EC).<\/li>\n<li>CR\u00c9DITO \u00a0 AGR\u00cdCOLA DE HABILITACI\u00d3N (C.H.A)<\/li>\n<li>DIRECCI\u00d3N DE EXTENSI\u00d3N AGRARIA (D.E.A.g).<\/li>\n<li>POLIC\u00cdA CAMINERA<\/li>\n<li>6 COMISARIAS<\/li>\n<li>AUTORES PARAGUAYOS ASOCIADOS(A.P.A)<\/li>\n<li>PUESTO DE SALUD.<\/li>\n<\/ul>\n","protected":false},"excerpt":{"rendered":"<p>Miss Edelira 2025\/2026 EVELYN CABRERA CURTIDO Intendente Municipal\u00a0 PEDRO ELIO VILLAGRA. MISI\u00d3N \u00abSomos una Entidad P\u00fablica al servicio de la comunidad, responsable de la administraci\u00f3n eficiente, honesta y eficaz de los recursos para el desarrollo sostenido y sustentable de la ciudadan\u00eda\u00bb VISI\u00d3N \u00abSer una Instituci\u00f3n ejemplar en la Gesti\u00f3n P\u00fablica promoviendo el desarrollo integral de &#8230; <a title=\"EDELIRA 2026\" class=\"read-more\" href=\"https:\/\/www.municipios.gov.py\/edelira\/\" aria-label=\"Leer m\u00e1s sobre EDELIRA 2026\">Leer Mas&#8230;<\/a><\/p>\n","protected":false},"author":4,"featured_media":6548,"parent":0,"menu_order":0,"comment_status":"closed","ping_status":"closed","template":"","meta":{"jetpack_post_was_ever_published":false,"footnotes":""},"class_list":["post-2","page","type-page","status-publish","has-post-thumbnail"],"jetpack_sharing_enabled":true,"jetpack_shortlink":"https:\/\/wp.me\/P8AJQT-2","_links":{"self":[{"href":"https:\/\/www.municipios.gov.py\/edelira\/wp-json\/wp\/v2\/pages\/2","targetHints":{"allow":["GET"]}}],"collection":[{"href":"https:\/\/www.municipios.gov.py\/edelira\/wp-json\/wp\/v2\/pages"}],"about":[{"href":"https:\/\/www.municipios.gov.py\/edelira\/wp-json\/wp\/v2\/types\/page"}],"author":[{"embeddable":true,"href":"https:\/\/www.municipios.gov.py\/edelira\/wp-json\/wp\/v2\/users\/4"}],"replies":[{"embeddable":true,"href":"https:\/\/www.municipios.gov.py\/edelira\/wp-json\/wp\/v2\/comments?post=2"}],"version-history":[{"count":87,"href":"https:\/\/www.municipios.gov.py\/edelira\/wp-json\/wp\/v2\/pages\/2\/revisions"}],"predecessor-version":[{"id":6486,"href":"https:\/\/www.municipios.gov.py\/edelira\/wp-json\/wp\/v2\/pages\/2\/revisions\/6486"}],"wp:featuredmedia":[{"embeddable":true,"href":"https:\/\/www.municipios.gov.py\/edelira\/wp-json\/wp\/v2\/media\/6548"}],"wp:attachment":[{"href":"https:\/\/www.municipios.gov.py\/edelira\/wp-json\/wp\/v2\/media?parent=2"}],"curies":[{"name":"wp","href":"https:\/\/api.w.org\/{rel}","templated":true}]}}