{"id":16,"date":"2016-02-11T17:23:00","date_gmt":"2016-02-11T17:23:00","guid":{"rendered":"https:\/\/www.municipios.gov.py\/drraulpena\/?page_id=16"},"modified":"2016-02-11T17:31:40","modified_gmt":"2016-02-11T17:31:40","slug":"contactos","status":"publish","type":"page","link":"https:\/\/www.municipios.gov.py\/drraulpena\/contactos\/","title":{"rendered":"Contactos"},"content":{"rendered":"<h2 style=\"text-align: center;\"><strong>Datos de la Municipalidad<\/strong><\/h2>\n<p><strong>Departamento:<\/strong> Alto Paran\u00e1<br \/>\n<strong>Direcci\u00f3n:<\/strong> Avda. Principal &#8211; Dr. R\u00e1ul Pe\u00f1a<br \/>\n<strong>Telefono\/Fax:<\/strong> 0672410050<br \/>\n<strong>Correo electronico:<\/strong> municipalidadraulpena@gmail.com<br \/>\n<strong>Sitio Web:<\/strong> \u2013<br \/>\n<strong>Redes Sociales:\u00a0<\/strong><br \/>\n<strong>Horario de Atenci\u00f3n:<\/strong> 07:00 a 13:00 de Lunes a Viernes<br \/>\n<strong>Organigrama:\u00a0<\/strong><\/p>\n","protected":false},"excerpt":{"rendered":"<p>Datos de la Municipalidad Departamento: Alto Paran\u00e1 Direcci\u00f3n: Avda. Principal &#8211; Dr. R\u00e1ul Pe\u00f1a Telefono\/Fax: 0672410050 Correo electronico: municipalidadraulpena@gmail.com Sitio Web: \u2013 Redes Sociales:\u00a0 Horario de Atenci\u00f3n: 07:00 a 13:00 de Lunes a Viernes Organigrama:\u00a0<\/p>\n","protected":false},"author":4,"featured_media":0,"parent":0,"menu_order":0,"comment_status":"closed","ping_status":"closed","template":"","meta":{"generate_page_header":"","jetpack_post_was_ever_published":false,"footnotes":""},"class_list":["post-16","page","type-page","status-publish"],"jetpack_sharing_enabled":true,"jetpack_shortlink":"https:\/\/wp.me\/P7k4eH-g","_links":{"self":[{"href":"https:\/\/www.municipios.gov.py\/drraulpena\/wp-json\/wp\/v2\/pages\/16","targetHints":{"allow":["GET"]}}],"collection":[{"href":"https:\/\/www.municipios.gov.py\/drraulpena\/wp-json\/wp\/v2\/pages"}],"about":[{"href":"https:\/\/www.municipios.gov.py\/drraulpena\/wp-json\/wp\/v2\/types\/page"}],"author":[{"embeddable":true,"href":"https:\/\/www.municipios.gov.py\/drraulpena\/wp-json\/wp\/v2\/users\/4"}],"replies":[{"embeddable":true,"href":"https:\/\/www.municipios.gov.py\/drraulpena\/wp-json\/wp\/v2\/comments?post=16"}],"version-history":[{"count":2,"href":"https:\/\/www.municipios.gov.py\/drraulpena\/wp-json\/wp\/v2\/pages\/16\/revisions"}],"predecessor-version":[{"id":28,"href":"https:\/\/www.municipios.gov.py\/drraulpena\/wp-json\/wp\/v2\/pages\/16\/revisions\/28"}],"wp:attachment":[{"href":"https:\/\/www.municipios.gov.py\/drraulpena\/wp-json\/wp\/v2\/media?parent=16"}],"curies":[{"name":"wp","href":"https:\/\/api.w.org\/{rel}","templated":true}]}}