{"id":65,"date":"2016-07-04T14:21:24","date_gmt":"2016-07-04T14:21:24","guid":{"rendered":"https:\/\/www.municipios.gov.py\/coroneloviedo\/?page_id=65"},"modified":"2025-09-16T10:19:19","modified_gmt":"2025-09-16T13:19:19","slug":"programas-institucionales-en-ejecucion","status":"publish","type":"page","link":"https:\/\/www.municipios.gov.py\/coroneloviedo\/programas-institucionales-en-ejecucion\/","title":{"rendered":"Programas institucionales en ejecuci\u00f3n"},"content":{"rendered":"<p style=\"text-align: center;\"><b>PROGRAMAS INSTITUCIONALES EN EJECUCI\u00d3N.\u00a0<\/b><\/p>\n<p>La Instituci\u00f3n Municipal se encuentra en proceso de constante trabajo en construcci\u00f3n de planes para un Gobierno Participativo, con actores de las diferentes \u00e1reas de la ciudad, con el fin de responder a las necesidades reales. Atendiendo a este desaf\u00edo se est\u00e1 ejecutando planes, programas y proyectos; en los siguientes <strong>Niveles: econ\u00f3mico, social y ambiental<\/strong> para la construcci\u00f3n de los instrumentos que defina el perfil de la Ciudad de Coronel Oviedo, en acompa\u00f1amiento de los proyectos de Ordenamiento Urbano Territorial (POUT), Plan de Desarrollo Sustentable (PDS), Plan Estrat\u00e9gico Institucional (PEI) con la Secretaria T\u00e9cnica de Planificaci\u00f3n del Desarrollo Econ\u00f3mico y Social de la Presidencia.<\/p>\n<p><strong>Ordenanza Municipal N\u00b0 025\/2022:<\/strong> Aprueba el Plan de Ordenamiento Urbano y Territorial del Municipio de Coronel Oviedo.<\/p>\n<p><a href=\"https:\/\/www.municipios.gov.py\/coroneloviedo\/wp-content\/uploads\/sites\/194\/2025\/09\/Documento-Final-Ordenanza-POUT_CORONEL-OVIEDO.pdf\">Documento Final Ordenanza POUT_CORONEL OVIEDO<\/a><\/p>\n<p><strong>Resoluci\u00f3n Municipal N.\u00ba 2125\/2024:<\/strong> Por la cual se aprueba el \u00abPlan Estrat\u00e9gico Institucional de la Municipalidad de Coronel Oviedo 2021 &#8211; 2026 VERSION 1\u00bb en atenci\u00f3n a la implementaci\u00f3n del Modelo Est\u00e1ndar de Control Interno para Instituciones P\u00fablicas del Paraguay MECIP.<\/p>\n<p><a href=\"https:\/\/www.municipios.gov.py\/coroneloviedo\/wp-content\/uploads\/sites\/194\/2025\/09\/Plan-Estrategico.pdf\">Plan Estrategico<\/a><\/p>\n","protected":false},"excerpt":{"rendered":"<p>PROGRAMAS INSTITUCIONALES EN EJECUCI\u00d3N.\u00a0 La Instituci\u00f3n Municipal se encuentra en proceso de constante trabajo en construcci\u00f3n de planes para un Gobierno Participativo, con actores de las diferentes \u00e1reas de la ciudad, con el fin de responder a las necesidades reales. Atendiendo a este desaf\u00edo se est\u00e1 ejecutando planes, programas y proyectos; en los siguientes &#8230; <a title=\"Programas institucionales en ejecuci\u00f3n\" class=\"read-more\" href=\"https:\/\/www.municipios.gov.py\/coroneloviedo\/programas-institucionales-en-ejecucion\/\" aria-label=\"Leer m\u00e1s sobre Programas institucionales en ejecuci\u00f3n\">Leer M\u00e1s&#8230;<\/a><\/p>\n","protected":false},"author":4,"featured_media":0,"parent":0,"menu_order":0,"comment_status":"closed","ping_status":"closed","template":"","meta":{"jetpack_post_was_ever_published":false,"footnotes":""},"class_list":["post-65","page","type-page","status-publish"],"jetpack_sharing_enabled":true,"jetpack_shortlink":"https:\/\/wp.me\/P7H3N6-13","_links":{"self":[{"href":"https:\/\/www.municipios.gov.py\/coroneloviedo\/wp-json\/wp\/v2\/pages\/65","targetHints":{"allow":["GET"]}}],"collection":[{"href":"https:\/\/www.municipios.gov.py\/coroneloviedo\/wp-json\/wp\/v2\/pages"}],"about":[{"href":"https:\/\/www.municipios.gov.py\/coroneloviedo\/wp-json\/wp\/v2\/types\/page"}],"author":[{"embeddable":true,"href":"https:\/\/www.municipios.gov.py\/coroneloviedo\/wp-json\/wp\/v2\/users\/4"}],"replies":[{"embeddable":true,"href":"https:\/\/www.municipios.gov.py\/coroneloviedo\/wp-json\/wp\/v2\/comments?post=65"}],"version-history":[{"count":4,"href":"https:\/\/www.municipios.gov.py\/coroneloviedo\/wp-json\/wp\/v2\/pages\/65\/revisions"}],"predecessor-version":[{"id":5112,"href":"https:\/\/www.municipios.gov.py\/coroneloviedo\/wp-json\/wp\/v2\/pages\/65\/revisions\/5112"}],"wp:attachment":[{"href":"https:\/\/www.municipios.gov.py\/coroneloviedo\/wp-json\/wp\/v2\/media?parent=65"}],"curies":[{"name":"wp","href":"https:\/\/api.w.org\/{rel}","templated":true}]}}