{"id":2,"date":"2016-08-13T15:17:43","date_gmt":"2016-08-13T19:17:43","guid":{"rendered":"https:\/\/www.municipios.gov.py\/coroneloviedo\/?page_id=2"},"modified":"2025-09-16T09:47:53","modified_gmt":"2025-09-16T12:47:53","slug":"pagina-ejemplo","status":"publish","type":"page","link":"https:\/\/www.municipios.gov.py\/coroneloviedo\/","title":{"rendered":"Informaci\u00f3n"},"content":{"rendered":"<h1 class=\"center\" style=\"text-align: center;\"><strong>Misi\u00f3n<\/strong><\/h1>\n<p style=\"text-align: justify;\">Brindar oportunidades activas y participativas para lograr y fortalecer servicios de calidad eficiente, eficaces, transparentes para el desarrollo territorial con equidad, tecnolog\u00eda, dignidad y respeto para el ser humano.<\/p>\n<p style=\"text-align: justify;\">Extracto Resoluci\u00f3n Nro. 253\/2023<\/p>\n<p>&nbsp;<\/p>\n<h1 class=\"center\" style=\"text-align: center;\"><strong>Visi\u00f3n<\/strong><\/h1>\n<p>Ser una instituci\u00f3n de pol\u00edticas y gesti\u00f3n publica innovadora, planificada con valores humanos y democr\u00e1ticos, servicios competitivos confiables para el bienestar social productivo y ambiental de la ciudadan\u00eda Ovetense.<\/p>\n<p>Extracto de la Resoluci\u00f3n Nro. 253\/2023<\/p>\n<p>&nbsp;<\/p>\n<h1 style=\"text-align: center;\"><strong>Organigrama<\/strong><\/h1>\n<p><img loading=\"lazy\" decoding=\"async\" class=\"wp-image-5106 aligncenter\" src=\"https:\/\/www.municipios.gov.py\/coroneloviedo\/wp-content\/uploads\/sites\/194\/2025\/09\/ORGANIGRAMA-GENERAL-300x212.jpg\" alt=\"\" width=\"712\" height=\"503\" srcset=\"https:\/\/www.municipios.gov.py\/coroneloviedo\/wp-content\/uploads\/sites\/194\/2025\/09\/ORGANIGRAMA-GENERAL-300x212.jpg 300w, https:\/\/www.municipios.gov.py\/coroneloviedo\/wp-content\/uploads\/sites\/194\/2025\/09\/ORGANIGRAMA-GENERAL-1024x724.jpg 1024w, https:\/\/www.municipios.gov.py\/coroneloviedo\/wp-content\/uploads\/sites\/194\/2025\/09\/ORGANIGRAMA-GENERAL-768x543.jpg 768w, https:\/\/www.municipios.gov.py\/coroneloviedo\/wp-content\/uploads\/sites\/194\/2025\/09\/ORGANIGRAMA-GENERAL-1536x1086.jpg 1536w, https:\/\/www.municipios.gov.py\/coroneloviedo\/wp-content\/uploads\/sites\/194\/2025\/09\/ORGANIGRAMA-GENERAL-2048x1448.jpg 2048w\" sizes=\"auto, (max-width: 712px) 100vw, 712px\" \/><\/p>\n<p>&nbsp;<\/p>\n<div class=\"ccm-block-testimonial-paragraph\"><\/div>\n","protected":false},"excerpt":{"rendered":"<p>Misi\u00f3n Brindar oportunidades activas y participativas para lograr y fortalecer servicios de calidad eficiente, eficaces, transparentes para el desarrollo territorial con equidad, tecnolog\u00eda, dignidad y respeto para el ser humano. Extracto Resoluci\u00f3n Nro. 253\/2023 &nbsp; Visi\u00f3n Ser una instituci\u00f3n de pol\u00edticas y gesti\u00f3n publica innovadora, planificada con valores humanos y democr\u00e1ticos, servicios competitivos confiables &#8230; <a title=\"Informaci\u00f3n\" class=\"read-more\" href=\"https:\/\/www.municipios.gov.py\/coroneloviedo\/\" aria-label=\"Leer m\u00e1s sobre Informaci\u00f3n\">Leer M\u00e1s&#8230;<\/a><\/p>\n","protected":false},"author":4,"featured_media":0,"parent":0,"menu_order":0,"comment_status":"closed","ping_status":"closed","template":"","meta":{"jetpack_post_was_ever_published":false,"footnotes":""},"class_list":["post-2","page","type-page","status-publish"],"jetpack_sharing_enabled":true,"jetpack_shortlink":"https:\/\/wp.me\/P7H3N6-2","_links":{"self":[{"href":"https:\/\/www.municipios.gov.py\/coroneloviedo\/wp-json\/wp\/v2\/pages\/2","targetHints":{"allow":["GET"]}}],"collection":[{"href":"https:\/\/www.municipios.gov.py\/coroneloviedo\/wp-json\/wp\/v2\/pages"}],"about":[{"href":"https:\/\/www.municipios.gov.py\/coroneloviedo\/wp-json\/wp\/v2\/types\/page"}],"author":[{"embeddable":true,"href":"https:\/\/www.municipios.gov.py\/coroneloviedo\/wp-json\/wp\/v2\/users\/4"}],"replies":[{"embeddable":true,"href":"https:\/\/www.municipios.gov.py\/coroneloviedo\/wp-json\/wp\/v2\/comments?post=2"}],"version-history":[{"count":55,"href":"https:\/\/www.municipios.gov.py\/coroneloviedo\/wp-json\/wp\/v2\/pages\/2\/revisions"}],"predecessor-version":[{"id":5107,"href":"https:\/\/www.municipios.gov.py\/coroneloviedo\/wp-json\/wp\/v2\/pages\/2\/revisions\/5107"}],"wp:attachment":[{"href":"https:\/\/www.municipios.gov.py\/coroneloviedo\/wp-json\/wp\/v2\/media?parent=2"}],"curies":[{"name":"wp","href":"https:\/\/api.w.org\/{rel}","templated":true}]}}