{"id":27,"date":"2016-06-30T18:14:59","date_gmt":"2016-06-30T18:14:59","guid":{"rendered":"https:\/\/www.municipios.gov.py\/chore\/?page_id=27"},"modified":"2018-06-21T08:10:27","modified_gmt":"2018-06-21T12:10:27","slug":"contactos","status":"publish","type":"page","link":"https:\/\/www.municipios.gov.py\/chore\/contactos\/","title":{"rendered":"Contactos"},"content":{"rendered":"<div id=\"page\" class=\"hfeed site grid-container container grid-parent\">\n<div id=\"content\" class=\"site-content\">\n<div id=\"primary\" class=\"content-area grid-parent mobile-grid-100 grid-100 tablet-grid-100\">\n<article id=\"post-16\" class=\"post-16 page type-page status-publish hentry\">\n<div class=\"inside-article\">\n<div class=\"entry-content\">\n<h2 style=\"text-align: left;\"><strong>Datos de la Municipalidad<\/strong><\/h2>\n<p style=\"text-align: left;\"><strong>Departamento:<\/strong> San Pedro<br \/>\n<strong>Direcci\u00f3n: <\/strong>Av. Antol\u00edano D\u00edaz Morel -Esq. 11 de Diciembre<\/p>\n<p style=\"text-align: left;\"><strong>Telefono\/Fax:<\/strong> (0432)250015<br \/>\n<strong>Correo electronico:<\/strong> municipalidaddechore@gmail.com<br \/>\n<strong>Sitio Web:<\/strong> <a href=\"https:\/\/www.municipios.gov.py\/chore\">https:\/\/www.municipios.gov.py\/chore\/<\/a><br \/>\n<strong>Redes Sociales:\u00a0 <\/strong><a href=\"https:\/\/www.facebook.com\/Lic-Rodolfo-Intendente-Chore-1747374435564220\/\">https:\/\/www.facebook.com\/Lic-Rodolfo-Intendente-Chore-1747374435564220\/<\/a><br \/>\n<strong>Horario de Atenci\u00f3n:<\/strong> 07:00 a 13:00 hs.<\/p>\n<\/div>\n<\/div>\n<\/article>\n<\/div>\n<\/div>\n<\/div>\n<div class=\"site-footer grid-container grid-parent\"><\/div>\n","protected":false},"excerpt":{"rendered":"<p>Datos de la Municipalidad Departamento: San Pedro Direcci\u00f3n: Av. Antol\u00edano D\u00edaz Morel -Esq. 11 de Diciembre Telefono\/Fax: (0432)250015 Correo electronico: municipalidaddechore@gmail.com Sitio Web: https:\/\/www.municipios.gov.py\/chore\/ Redes Sociales:\u00a0 https:\/\/www.facebook.com\/Lic-Rodolfo-Intendente-Chore-1747374435564220\/ Horario de Atenci\u00f3n: 07:00 a 13:00 hs.<\/p>\n","protected":false},"author":4,"featured_media":0,"parent":0,"menu_order":0,"comment_status":"closed","ping_status":"closed","template":"","meta":{"generate_page_header":"","footnotes":""},"class_list":["post-27","page","type-page","status-publish"],"jetpack_sharing_enabled":true,"_links":{"self":[{"href":"https:\/\/www.municipios.gov.py\/chore\/wp-json\/wp\/v2\/pages\/27","targetHints":{"allow":["GET"]}}],"collection":[{"href":"https:\/\/www.municipios.gov.py\/chore\/wp-json\/wp\/v2\/pages"}],"about":[{"href":"https:\/\/www.municipios.gov.py\/chore\/wp-json\/wp\/v2\/types\/page"}],"author":[{"embeddable":true,"href":"https:\/\/www.municipios.gov.py\/chore\/wp-json\/wp\/v2\/users\/4"}],"replies":[{"embeddable":true,"href":"https:\/\/www.municipios.gov.py\/chore\/wp-json\/wp\/v2\/comments?post=27"}],"version-history":[{"count":10,"href":"https:\/\/www.municipios.gov.py\/chore\/wp-json\/wp\/v2\/pages\/27\/revisions"}],"predecessor-version":[{"id":457,"href":"https:\/\/www.municipios.gov.py\/chore\/wp-json\/wp\/v2\/pages\/27\/revisions\/457"}],"wp:attachment":[{"href":"https:\/\/www.municipios.gov.py\/chore\/wp-json\/wp\/v2\/media?parent=27"}],"curies":[{"name":"wp","href":"https:\/\/api.w.org\/{rel}","templated":true}]}}