{"id":2,"date":"2016-06-30T17:59:43","date_gmt":"2016-06-30T17:59:43","guid":{"rendered":"https:\/\/www.municipios.gov.py\/chore\/?page_id=2"},"modified":"2018-06-21T08:06:32","modified_gmt":"2018-06-21T12:06:32","slug":"pagina-ejemplo","status":"publish","type":"page","link":"https:\/\/www.municipios.gov.py\/chore\/","title":{"rendered":"Informaci\u00f3n"},"content":{"rendered":"<h2 style=\"text-align: left;\"><strong>Chor\u00e9<\/strong><\/h2>\n<p style=\"text-align: left;\"><strong>Chor\u00e9<\/strong> es un distrito y una ciudad del Paraguay, en el Departamento de San Pedro, situada a 230 km de Asunci\u00f3n (por 25 de diciembre-Ruta 3) y 300\u00a0km (por Cnel. Oviedo-Ruta 2).<\/p>\n<p style=\"text-align: left;\">Es un distrito eminentemente agr\u00edcola que se distingue por su producci\u00f3n tabacalera, de soja, de algod\u00f3n y s\u00e9samo, entre otros productos en general.<\/p>\n<p style=\"text-align: left;\">Su suelo es apto para la agricultura y gran parte para la ganader\u00eda.<\/p>\n<p style=\"text-align: left;\">Presenta indicadores socioecon\u00f3micos bajos, pudiendo constatarse, sin embargo, que en los \u00faltimos a\u00f1os se han dado avances importantes, que posibilita que los habitantes adquieran una mejor calidad de vida.<\/p>\n<p style=\"text-align: left;\"><strong>Historia<\/strong><\/p>\n<p style=\"text-align: left;\">El INDERT, anteriormente el Instituto de Bienestar Rural, ha habilitado un campo comunal, el cual cuenta con una superficie de 263 habitantes; por Resoluci\u00f3n N\u00ba 487\/ 88 , de origen fiscal.<\/p>\n<p style=\"text-align: left;\">Cuenta con las siguientes colonias:<\/p>\n<ul style=\"text-align: left;\">\n<li>Colonia Industrial Cu\u00e9.<\/li>\n<li>Colonia Coe pyta.<\/li>\n<li>Colonia Yuayjhu.<\/li>\n<li>Colonia Martillo<\/li>\n<\/ul>\n<p style=\"text-align: left;\"><strong>Geograf\u00eda<\/strong><\/p>\n<p style=\"text-align: left;\">Este distrito cuenta con servicios de transporte p\u00fablico, servicios interdistritales y servicios peri\u00f3dicos hasta la capital del pa\u00eds, tambi\u00e9n a Ciudad del Este, a Pedro Juan Caballero, al Brasil, a la Argentina y a Chile.<\/p>\n<p style=\"text-align: left;\">En materia de telecomunicaciones, este distrito as\u00ed como la gran mayor\u00eda del departamento, posee servicio de telediscado, nacional e internacional, con sistema satelital.<\/p>\n<p style=\"text-align: left;\">Limita al norte con el Distrito de Lima y con el Distrito de General Isidoro Resqu\u00edn, de ambos distritos los separa el R\u00edo Jeju\u00ed Guaz\u00fa.<\/p>\n<p style=\"text-align: left;\">Al sur se encuentra el Distrito General Elizardo Aquino, y el Distrito de San Estanislao.<\/p>\n<p style=\"text-align: left;\">Al este se encuentra los Distrito de Liberaci\u00f3n y Guayaib\u00ed y al oeste el Distrito San Pablo.<\/p>\n<p style=\"text-align: left;\">Las formaciones litol\u00f3gicas pertenecen al grupo independencia que data de las \u00e1reas Cenozoica, Mesozoica y Paleozoica y consisten en sedimentos aluviales medios y finos as\u00ed como areniscas y conglomerados de base. Los estratos del sub suelo presentan materiales predominantemente arenosos de granulometr\u00eda fina y gruesa alterando consecuencias de areniscas y siltitas donde se observa la presencia de acuiferos granulares sobre formaciones geol\u00f3gicas permeables de porosidad granular con sedimentos consolidados o no consolidados hecho que determina la profundidad del agua subterranea especialmente en los sitios m\u00e1s elevados (sobre los 100 metros)<\/p>\n<p style=\"text-align: left;\"><strong>Hidrograf\u00eda<\/strong><\/p>\n<ul style=\"text-align: left;\">\n<li>R\u00edo: Jeju\u00ed Guaz\u00fa. Navegable con embarcaciones peque\u00f1as. Cuenta con playas de arenas blancas.<\/li>\n<\/ul>\n<p style=\"text-align: left;\">Arroyos<\/p>\n<ul style=\"text-align: left;\">\n<li>Capiibary<\/li>\n<li>Yetytyt<\/li>\n<\/ul>\n<p style=\"text-align: left;\"><strong>Clima<\/strong><\/p>\n<p style=\"text-align: left;\">El Distrito de Chor\u00e9, as\u00ed como gran parte del Departamento de San Pedro posee un clima definido como lluvioso, con abundante precipitaciones al a\u00f1o.<\/p>\n<p style=\"text-align: left;\">La humedad relativa es del 70 al 80%. La media es de 23\u00a0\u00b0C, la m\u00e1xima en verano es de 40 \u00a0\u00b0C y la m\u00ednima de 1 \u00a0\u00b0C.<\/p>\n<p style=\"text-align: left;\"><strong>Demograf\u00eda<\/strong><\/p>\n<p style=\"text-align: left;\">El Distrito de Chor\u00e9, cuenta con una poblaci\u00f3n total de 35.982 habitantes, en la zona urbana la cantidad es de 2.169 habitantes, y en la zona rural es de 33.813 habitantes.<\/p>\n<p style=\"text-align: left;\">Su poblaci\u00f3n rural es del 93,97% de la poblaci\u00f3n total.<\/p>\n<p style=\"text-align: left;\">El total de hogares en el distrito asciende a la cantidad de 6.616, de los cuales corresponde a hogares en la zona urbana la cantidad de 454, y en la zona rural la cantidad de 6.162 hogares, lo que representa que el 93,13% de los hogares se encuentran asentados en la zona rural.<\/p>\n<p style=\"text-align: left;\">De acuerdo a la proyecci\u00f3n de la poblaci\u00f3n total del distrito, por sexo y por a\u00f1o se cuentan con los siguientes datos:<\/p>\n<ul style=\"text-align: left;\">\n<li>Para el a\u00f1o 2008, el total de Poblaci\u00f3n 41.425 habitantes, de los cuales 22.102 varones y 19.322 mujeres.<\/li>\n<\/ul>\n<p style=\"text-align: left;\">En cuanto a los principales indicadores socio-demogr\u00e1ficos, del distrito de Chor\u00e9 se cuenta con los siguientes datos:<\/p>\n<ul style=\"text-align: left;\">\n<li>Poblaci\u00f3n Menor a 15 a\u00f1os 43,6%.<\/li>\n<\/ul>\n<ul style=\"text-align: left;\">\n<li>Promedio de hijos por mujer 3,5 hijos.<\/li>\n<\/ul>\n<ul style=\"text-align: left;\">\n<li>Analfabetos 8,0%<\/li>\n<\/ul>\n<ul style=\"text-align: left;\">\n<li>Ocupados por sector primario el 72,5%<\/li>\n<\/ul>\n<ul style=\"text-align: left;\">\n<li>Ocupados por sector secundario el 7,3%<\/li>\n<\/ul>\n<ul style=\"text-align: left;\">\n<li>Ocupados en el sector terciario el 19,8%<\/li>\n<\/ul>\n<ul style=\"text-align: left;\">\n<li>Ocupados en labores agropecuarios el 72,3%<\/li>\n<\/ul>\n<ul style=\"text-align: left;\">\n<li>Viviendas con electricidad el 81,4%<\/li>\n<\/ul>\n<ul style=\"text-align: left;\">\n<li>Viviendas con agua corriente el 45,3%<\/li>\n<\/ul>\n<p style=\"text-align: left;\"><strong>Comunidad Ind\u00edgena<\/strong><\/p>\n<p style=\"text-align: left;\">En el distrito de Chor\u00e9 se cuenta con una comunidad ind\u00edgena y es la de \u00d1u Apu`a<\/p>\n<p style=\"text-align: left;\"><strong>Econom\u00eda<\/strong><\/p>\n<p style=\"text-align: left;\">Gran parte de la poblaci\u00f3n de este distrito se dedica a la producci\u00f3n de tabaco. No en vano hasta unas d\u00e9cadas atr\u00e1s, el municipio era conocido como la Capital del Burley, tipo de tabaco con el que se fabrican los cigarrillos finos. Hoy, la producci\u00f3n ha mermado sustancialmente, actualmente se cultiva a gran escala el tabaco Virginia con el respaldo y acompa\u00f1amiento de la Compa\u00f1\u00eda Agro-tabacalera del Paraguay.<\/p>\n<p style=\"text-align: left;\">La ciudad es un importante centro de actividad ganadera que incluye la producci\u00f3n vacuno, equino, ovino y porcino.<\/p>\n<p style=\"text-align: left;\">Existen varios terrenos altos, cubiertos de grandes bosques y yerbales,<\/p>\n<p style=\"text-align: left;\">En agricultura, en el distrito existen cultivos de algod\u00f3n, tabaco, ca\u00f1a de az\u00facar, mandioca, s\u00e9samo, cedr\u00f3n Paraguay, soja, papa, alfalfa, c\u00edtricos, man\u00ed, mandioca y trigo, tambi\u00e9n se cultiva el girasol. C\u00edtricos como las de naranjas dulces y tambi\u00e9n el naranjo agrio.<\/p>\n<p style=\"text-align: left;\">Tambi\u00e9n se dedican a la horticultura.<\/p>\n<p style=\"text-align: left;\">Gran parte de la poblaci\u00f3n ribera\u00f1a se dedican a la pesca comercial.<\/p>\n<p style=\"text-align: left;\">En cuanto a las industrias es posible citar a los aserraderos, procesadoras de petit grain y aceite de coco.<\/p>\n<p style=\"text-align: left;\">La provisi\u00f3n de servicios b\u00e1sicos, es bastante deficiente:<\/p>\n<p style=\"text-align: left;\">La energ\u00eda el\u00e9ctrica abastece a casi el 78.1% de los hogares, mientras que el agua corriente alcanza un 74%.<\/p>\n<p style=\"text-align: left;\">No existe conexi\u00f3n de desag\u00fce cloacal, y las viviendas que cuentas con pozo ciego, apenas llegan al 6%.<\/p>\n<p style=\"text-align: left;\">El nivel de instrucci\u00f3n de la inmensa mayor\u00eda de la poblaci\u00f3n ocupada , m\u00e1s de dos tercios, es muy bajo, inferior a los seis primeros a\u00f1os de instrucci\u00f3n b\u00e1sica.<\/p>\n<p style=\"text-align: left;\">Dicho de otro modo, la poblaci\u00f3n trabajadora del Departamento carece de un nivel razonable de calificaci\u00f3n, lo que conspira contra el desarrollo de la zona.<\/p>\n<p style=\"text-align: left;\">Ingresos y Pobreza<\/p>\n<p style=\"text-align: left;\">De acuerdo a las fuentes suministradas por la Direcci\u00f3n General de Estad\u00edstica, Encuestas y Censos, el distrito de CHORE cuenta con un Ingreso Promedio mensual en guaran\u00edes por familia la suma de 482.045 , lo que representa por persona la suma de guaran\u00edes 86.738, lo que representa una poblaci\u00f3n pobre en proporci\u00f3n del 65,1% en relaci\u00f3n al segundo departamento de San Pedro .<\/p>\n<p style=\"text-align: left;\"><strong>Cultura:\u00bbBallet jeroky saraki\u00bb<\/strong><\/p>\n<p style=\"text-align: left;\"><strong>Idioma<\/strong><\/p>\n<p style=\"text-align: left;\">Predomina el idioma Guaran\u00ed, hablado por el 80% de la poblaci\u00f3n aproximadamente y el castellano-guaran\u00ed por el 20% restante.<\/p>\n<p style=\"text-align: left;\"><strong>Educaci\u00f3n<\/strong><\/p>\n<p style=\"text-align: left;\">El Distrito cuenta con la Facultad de Ciencias de la Educaci\u00f3n, la Facultad de Derecho y la de Ciencias Contables, Ciencias de la Salud, Agronom\u00eda, Ingenier\u00eda Inform\u00e1tica privadas, ambas instituciones educativas est\u00e1n administradas por el Sector Privado.Actualmente la Universidad Nacional del Caaguaz\u00fa brinda varias carreras como Veterinaria, Agronom\u00eda y otros.<\/p>\n<p style=\"text-align: left;\">Cuentan con alumnos provenientes de distintos distritos de la zona.<\/p>\n<ul style=\"text-align: left;\">\n<li>Lo mas valioso que tiene esta ciudad en cuanto a cultura es su Gran Elenco de Municipal de Danzas, que es reconocido a nivel nacional tras ganar varias veces el \u00abfestival nacional del takuare&#8217;\u00eb\u00bb de Guarambare y otros eventos a nivel pais<\/li>\n<\/ul>\n<p style=\"text-align: left;\">Algunas Instituciones estatales<\/p>\n<ul style=\"text-align: left;\">\n<li>Esc.B\u00e1sica N\u00ba 658 Agust\u00edn Barboza; Imparte la ense\u00f1anza desde Inicial hasta el Tercer ciclo de la Educaci\u00f3n Escolar B\u00e1sica, con m\u00e1s de 500 alumnos\/as.<\/li>\n<li><strong>Esc y Colegio Priv. Subv. Parroquial San Jos\u00e9 Obrero:<\/strong> Cuenta con la ense\u00f1anza desde la Educaci\u00f3n Inicial hasta el Nivel Medio que funciona en turno diurno.<\/li>\n<\/ul>\n<p style=\"text-align: left;\">Para los alumnos\/as que van ingresando al nivel medio, tiene la oportunidad de optar por una de las modalidades que les otorga la instituci\u00f3n que son: el Bachillerato Cient\u00edfico con \u00c9nfasis en Ciencias Sociales (BTCCS) y el Bachiller T\u00e9cnico en Inform\u00e1tica (B@TIN). Para solventar los gastos de la instituci\u00f3n los alumnos deben aportar mensualmente una cantidad dependiendo del nivel en el que este, hay casos en que se tiene que abonar del fondo de la administraci\u00f3n a los docentes que no cuentan con rubros del estado. La Escuela y Colegio cuentan con patios recreativos como: parque, cancha de f\u00fatbol y un gran patio limpio y saludable que les permiten a los alumnos\/as recrearse sanamente. Actualmente ejerce la direcci\u00f3n general el Lic. Pbro. Bernardo Cristaldo Miers.<\/p>\n<ul style=\"text-align: left;\">\n<li>Colegio Nacional EMD Chore: cuenta con tercer ciclo de la EEB y Nivel Medio, en los turnos ma\u00f1ana, tarde y noche con casi mil alumnos.<\/li>\n<\/ul>\n<p style=\"text-align: left;\">\n","protected":false},"excerpt":{"rendered":"<p>Chor\u00e9 Chor\u00e9 es un distrito y una ciudad del Paraguay, en el Departamento de San Pedro, situada a 230 km de Asunci\u00f3n (por 25 de diciembre-Ruta 3) y 300\u00a0km (por Cnel. Oviedo-Ruta 2). Es un distrito eminentemente agr\u00edcola que se distingue por su producci\u00f3n tabacalera, de soja, de algod\u00f3n y s\u00e9samo, entre otros productos en &#8230; <a title=\"Informaci\u00f3n\" class=\"read-more\" href=\"https:\/\/www.municipios.gov.py\/chore\/\" aria-label=\"Leer m\u00e1s sobre Informaci\u00f3n\">Leer Mas&#8230;<\/a><\/p>\n","protected":false},"author":4,"featured_media":0,"parent":0,"menu_order":0,"comment_status":"closed","ping_status":"closed","template":"","meta":{"generate_page_header":"","footnotes":""},"class_list":["post-2","page","type-page","status-publish"],"jetpack_sharing_enabled":true,"_links":{"self":[{"href":"https:\/\/www.municipios.gov.py\/chore\/wp-json\/wp\/v2\/pages\/2","targetHints":{"allow":["GET"]}}],"collection":[{"href":"https:\/\/www.municipios.gov.py\/chore\/wp-json\/wp\/v2\/pages"}],"about":[{"href":"https:\/\/www.municipios.gov.py\/chore\/wp-json\/wp\/v2\/types\/page"}],"author":[{"embeddable":true,"href":"https:\/\/www.municipios.gov.py\/chore\/wp-json\/wp\/v2\/users\/4"}],"replies":[{"embeddable":true,"href":"https:\/\/www.municipios.gov.py\/chore\/wp-json\/wp\/v2\/comments?post=2"}],"version-history":[{"count":9,"href":"https:\/\/www.municipios.gov.py\/chore\/wp-json\/wp\/v2\/pages\/2\/revisions"}],"predecessor-version":[{"id":454,"href":"https:\/\/www.municipios.gov.py\/chore\/wp-json\/wp\/v2\/pages\/2\/revisions\/454"}],"wp:attachment":[{"href":"https:\/\/www.municipios.gov.py\/chore\/wp-json\/wp\/v2\/media?parent=2"}],"curies":[{"name":"wp","href":"https:\/\/api.w.org\/{rel}","templated":true}]}}