{"id":19,"date":"2016-06-30T18:12:37","date_gmt":"2016-06-30T18:12:37","guid":{"rendered":"https:\/\/www.municipios.gov.py\/chore\/?page_id=19"},"modified":"2018-03-12T09:34:01","modified_gmt":"2018-03-12T12:34:01","slug":"junta-municipal","status":"publish","type":"page","link":"https:\/\/www.municipios.gov.py\/chore\/junta-municipal\/","title":{"rendered":"Junta Municipal"},"content":{"rendered":"<table style=\"width: 825px;\">\n<tbody>\n<tr style=\"height: 24px;\">\n<td style=\"height: 24px; width: 56px;\">Orden<\/td>\n<td style=\"height: 24px; width: 316px;\">Partido<\/td>\n<td style=\"height: 24px; width: 237px;\">Nombres y Apellidos<\/td>\n<td style=\"height: 24px; width: 137px;\">C\u00e9dula<\/td>\n<\/tr>\n<tr style=\"height: 24px;\">\n<td style=\"height: 24px; width: 56px;\">1<\/td>\n<td style=\"height: 24px; width: 316px;\">Partido Colorado<\/td>\n<td style=\"height: 24px; width: 237px;\">Adolfo Riquelme Ortiz<\/td>\n<td style=\"height: 24px; width: 137px;\">698.788<\/td>\n<\/tr>\n<tr style=\"height: 24px;\">\n<td style=\"height: 24px; width: 56px;\">2<\/td>\n<td style=\"height: 24px; width: 316px;\">Partido Democr\u00e1tico Progresista<\/td>\n<td style=\"height: 24px; width: 237px;\">H\u00e9ctor Eusebio S\u00e1nchez Alfonso<\/td>\n<td style=\"height: 24px; width: 137px;\">2.513.811<\/td>\n<\/tr>\n<tr style=\"height: 24px;\">\n<td style=\"height: 24px; width: 56px;\">3<\/td>\n<td style=\"height: 24px; width: 316px;\">Partido Liberal Radical Aut\u00e9ntico<\/td>\n<td style=\"height: 24px; width: 237px;\">Miguel \u00c1ngel Recalde Ram\u00edrez<\/td>\n<td style=\"height: 24px; width: 137px;\">383.184<\/td>\n<\/tr>\n<tr style=\"height: 24px;\">\n<td style=\"height: 24px; width: 56px;\">4<\/td>\n<td style=\"height: 24px; width: 316px;\">Partido Colorado<\/td>\n<td style=\"height: 24px; width: 237px;\">Fortunano Vega Ca\u00f1ete<\/td>\n<td style=\"height: 24px; width: 137px;\">631.027<\/td>\n<\/tr>\n<tr style=\"height: 24px;\">\n<td style=\"height: 24px; width: 56px;\">5<\/td>\n<td style=\"height: 24px; width: 316px;\">Partido Colorado<\/td>\n<td style=\"height: 24px; width: 237px;\">Gustavo Jorge Garc\u00eda Weninger<\/td>\n<td style=\"height: 24px; width: 137px;\">1.327.276<\/td>\n<\/tr>\n<tr style=\"height: 24px;\">\n<td style=\"height: 24px; width: 56px;\">6<\/td>\n<td style=\"height: 24px; width: 316px;\">Partido Democr\u00e1tico Progresista<\/td>\n<td style=\"height: 24px; width: 237px;\">Francisco Contrera Gonz\u00e1lez<\/td>\n<td style=\"height: 24px; width: 137px;\">2.554.197<\/td>\n<\/tr>\n<tr style=\"height: 24px;\">\n<td style=\"height: 24px; width: 56px;\">7<\/td>\n<td style=\"height: 24px; width: 316px;\">Partido Liberal Radical Aut\u00e9ntico<\/td>\n<td style=\"height: 24px; width: 237px;\">Francisco Esperanza Enciso Barrientos<\/td>\n<td style=\"height: 24px; width: 137px;\">1.648.222<\/td>\n<\/tr>\n<tr style=\"height: 24px;\">\n<td style=\"height: 24px; width: 56px;\">8<\/td>\n<td style=\"height: 24px; width: 316px;\">Partido Colorado<\/td>\n<td style=\"height: 24px; width: 237px;\">Neri De Los Santos Sanabria<\/td>\n<td style=\"height: 24px; width: 137px;\">2.475.912<\/td>\n<\/tr>\n<tr style=\"height: 24px;\">\n<td style=\"height: 24px; width: 56px;\">9<\/td>\n<td style=\"height: 24px; width: 316px;\">Partido Colorado<\/td>\n<td style=\"height: 24px; width: 237px;\">Reinaldo Davalos C\u00e1ceres<\/td>\n<td style=\"height: 24px; width: 137px;\">2.809.008<\/td>\n<\/tr>\n<tr style=\"height: 24px;\">\n<td style=\"height: 24px; width: 56px;\">10<\/td>\n<td style=\"height: 24px; width: 316px;\">Partido Democratico Progresista<\/td>\n<td style=\"height: 24px; width: 237px;\">Osvaldo Enciso Gutierrez<\/td>\n<td style=\"height: 24px; width: 137px;\">5.303.879<\/td>\n<\/tr>\n<tr style=\"height: 24px;\">\n<td style=\"height: 24px; width: 56px;\">11<\/td>\n<td style=\"height: 24px; width: 316px;\">Partido Liberal Radical Aut\u00e9ntico<\/td>\n<td style=\"height: 24px; width: 237px;\">Miguel \u00c1ngel Estigarribia<\/td>\n<td style=\"height: 24px; width: 137px;\">3.183.267<\/td>\n<\/tr>\n<tr style=\"height: 24px;\">\n<td style=\"height: 24px; width: 56px;\">12<\/td>\n<td style=\"height: 24px; width: 316px;\">Concertaci\u00f3n Nacional Frente Guas\u00fa<\/td>\n<td style=\"height: 24px; width: 237px;\">Federico Lezcano Aguilera<\/td>\n<td style=\"height: 24px; width: 137px;\">3.861.613<\/td>\n<\/tr>\n<\/tbody>\n<\/table>\n<p>&nbsp;<\/p>\n","protected":false},"excerpt":{"rendered":"<p>Orden Partido Nombres y Apellidos C\u00e9dula 1 Partido Colorado Adolfo Riquelme Ortiz 698.788 2 Partido Democr\u00e1tico Progresista H\u00e9ctor Eusebio S\u00e1nchez Alfonso 2.513.811 3 Partido Liberal Radical Aut\u00e9ntico Miguel \u00c1ngel Recalde Ram\u00edrez 383.184 4 Partido Colorado Fortunano Vega Ca\u00f1ete 631.027 5 Partido Colorado Gustavo Jorge Garc\u00eda Weninger 1.327.276 6 Partido Democr\u00e1tico Progresista Francisco Contrera Gonz\u00e1lez 2.554.197 &#8230; <a title=\"Junta Municipal\" class=\"read-more\" href=\"https:\/\/www.municipios.gov.py\/chore\/junta-municipal\/\" aria-label=\"Leer m\u00e1s sobre Junta Municipal\">Leer Mas&#8230;<\/a><\/p>\n","protected":false},"author":4,"featured_media":0,"parent":0,"menu_order":0,"comment_status":"closed","ping_status":"closed","template":"","meta":{"generate_page_header":"","footnotes":""},"class_list":["post-19","page","type-page","status-publish"],"jetpack_sharing_enabled":true,"_links":{"self":[{"href":"https:\/\/www.municipios.gov.py\/chore\/wp-json\/wp\/v2\/pages\/19","targetHints":{"allow":["GET"]}}],"collection":[{"href":"https:\/\/www.municipios.gov.py\/chore\/wp-json\/wp\/v2\/pages"}],"about":[{"href":"https:\/\/www.municipios.gov.py\/chore\/wp-json\/wp\/v2\/types\/page"}],"author":[{"embeddable":true,"href":"https:\/\/www.municipios.gov.py\/chore\/wp-json\/wp\/v2\/users\/4"}],"replies":[{"embeddable":true,"href":"https:\/\/www.municipios.gov.py\/chore\/wp-json\/wp\/v2\/comments?post=19"}],"version-history":[{"count":4,"href":"https:\/\/www.municipios.gov.py\/chore\/wp-json\/wp\/v2\/pages\/19\/revisions"}],"predecessor-version":[{"id":395,"href":"https:\/\/www.municipios.gov.py\/chore\/wp-json\/wp\/v2\/pages\/19\/revisions\/395"}],"wp:attachment":[{"href":"https:\/\/www.municipios.gov.py\/chore\/wp-json\/wp\/v2\/media?parent=19"}],"curies":[{"name":"wp","href":"https:\/\/api.w.org\/{rel}","templated":true}]}}