{"id":115,"date":"2016-07-04T15:09:27","date_gmt":"2016-07-04T15:09:27","guid":{"rendered":"https:\/\/www.municipios.gov.py\/chore\/?page_id=115"},"modified":"2024-02-20T11:45:14","modified_gmt":"2024-02-20T14:45:14","slug":"nomina-funcionarios-comisionados","status":"publish","type":"page","link":"https:\/\/www.municipios.gov.py\/chore\/nomina-funcionarios-comisionados\/","title":{"rendered":"N\u00f3mina funcionarios comisionados"},"content":{"rendered":"<h6 style=\"text-align: left;\">LISTADO DE FUNCIONARIOS COMISIONADOS A OTRAS INSTITUCIONES A\u00d1O 2024 &#8211; SIN MOVIMIENTO<\/h6>\n<h6 style=\"text-align: left;\">LISTADO DE FUNCIONARIOS COMISIONADOS A OTRAS INSTITUCIONES A\u00d1O 2023 &#8211; SIN MOVIMIENTO<\/h6>\n<h6 style=\"text-align: left;\">LISTADO DE FUNCIONARIOS COMISIONADOS A OTRAS INSTITUCIONES A\u00d1O 2022 &#8211; SIN MOVIMIENTO<\/h6>\n<h6 style=\"text-align: left;\">LISTADO DE FUNCIONARIOS COMISIONADOS A OTRAS INSTITUCIONES A\u00d1O 2021 &#8211; SIN MOVIMIENTO<\/h6>\n<h6 style=\"text-align: left;\">LISTADO DE FUNCIONARIOS COMISIONADOS A OTRAS INSTITUCIONES A\u00d1O 2020 &#8211; SIN MOVIMIENTO<\/h6>\n<h6 style=\"text-align: left;\"><a href=\"https:\/\/www.municipios.gov.py\/chore\/wp-content\/uploads\/sites\/114\/2019\/06\/LISTADO-DE-FUNCIONARIOS-COMISIONADOS-A-OTRAS-INSTITUCIONES-2019.xls\">LISTADO DE FUNCIONARIOS COMISIONADOS A OTRAS INSTITUCIONES A\u00d1O 2019<\/a><\/h6>\n<p style=\"text-align: left;\">\n","protected":false},"excerpt":{"rendered":"<p>LISTADO DE FUNCIONARIOS COMISIONADOS A OTRAS INSTITUCIONES A\u00d1O 2024 &#8211; SIN MOVIMIENTO LISTADO DE FUNCIONARIOS COMISIONADOS A OTRAS INSTITUCIONES A\u00d1O 2023 &#8211; SIN MOVIMIENTO LISTADO DE FUNCIONARIOS COMISIONADOS A OTRAS INSTITUCIONES A\u00d1O 2022 &#8211; SIN MOVIMIENTO LISTADO DE FUNCIONARIOS COMISIONADOS A OTRAS INSTITUCIONES A\u00d1O 2021 &#8211; SIN MOVIMIENTO LISTADO DE FUNCIONARIOS COMISIONADOS A OTRAS INSTITUCIONES &#8230; <a title=\"N\u00f3mina funcionarios comisionados\" class=\"read-more\" href=\"https:\/\/www.municipios.gov.py\/chore\/nomina-funcionarios-comisionados\/\" aria-label=\"Leer m\u00e1s sobre N\u00f3mina funcionarios comisionados\">Leer Mas&#8230;<\/a><\/p>\n","protected":false},"author":4,"featured_media":0,"parent":0,"menu_order":0,"comment_status":"closed","ping_status":"closed","template":"","meta":{"generate_page_header":"","footnotes":""},"class_list":["post-115","page","type-page","status-publish"],"jetpack_sharing_enabled":true,"_links":{"self":[{"href":"https:\/\/www.municipios.gov.py\/chore\/wp-json\/wp\/v2\/pages\/115","targetHints":{"allow":["GET"]}}],"collection":[{"href":"https:\/\/www.municipios.gov.py\/chore\/wp-json\/wp\/v2\/pages"}],"about":[{"href":"https:\/\/www.municipios.gov.py\/chore\/wp-json\/wp\/v2\/types\/page"}],"author":[{"embeddable":true,"href":"https:\/\/www.municipios.gov.py\/chore\/wp-json\/wp\/v2\/users\/4"}],"replies":[{"embeddable":true,"href":"https:\/\/www.municipios.gov.py\/chore\/wp-json\/wp\/v2\/comments?post=115"}],"version-history":[{"count":18,"href":"https:\/\/www.municipios.gov.py\/chore\/wp-json\/wp\/v2\/pages\/115\/revisions"}],"predecessor-version":[{"id":841,"href":"https:\/\/www.municipios.gov.py\/chore\/wp-json\/wp\/v2\/pages\/115\/revisions\/841"}],"wp:attachment":[{"href":"https:\/\/www.municipios.gov.py\/chore\/wp-json\/wp\/v2\/media?parent=115"}],"curies":[{"name":"wp","href":"https:\/\/api.w.org\/{rel}","templated":true}]}}