{"id":2,"date":"2016-03-29T15:10:11","date_gmt":"2016-03-29T15:10:11","guid":{"rendered":"https:\/\/www.municipios.gov.py\/carmeloperalta\/?page_id=2"},"modified":"2022-07-26T14:35:09","modified_gmt":"2022-07-26T18:35:09","slug":"pagina-ejemplo","status":"publish","type":"page","link":"https:\/\/www.municipios.gov.py\/carmeloperalta\/","title":{"rendered":"Informaci\u00f3n sobre el Municipio de Carmelo Peralta"},"content":{"rendered":"<p>El Distrito de Carmelo Peralta se encuentra en el VXII Departamento- Alto Paraguay, Chaco. Fue elevada como municipio en fecha 2 de mayo del a\u00f1o 2.008; seg\u00fan la Ley N\u00b0 3.471. Esta\u00a0distante de la Ciudad Capital aproximadamente unos 730 km. Su poblaci\u00f3n la constituyen latinos, ind\u00edgenas de la etnia Ayoreo y ganaderos brasile\u00f1os; cuenta con una poblaci\u00f3n que gira en torno a los 4.000 (cuatro mil) habitantes. Un poco mas alejado de la Ciudad y a orillas del Rio Paraguay se encuentran las Comunidades Ind\u00edgenas de la Etnia Ayoreo, que se dividen en peque\u00f1as comunidades. Tambi\u00e9n esta la Comunidad de Isla Margarita, que hace frente a la Ciudad de Porto Murtinho- Matto Grosso do Sul- Brasil y la Comunidad de Puerto Sastre, esta ultima es la que se encuentra mas alejada del Distrito, distante unos 45 km de la Ciudad de Carmelo Peralta.<\/p>\n<p>Carmelo Peralta es exuberante en cuanto a sus atractivos tur\u00edsticos naturales, ya que es conocida como la entrada al \u00abPantanal Chaque\u00f1o\u00bb; otro destaque de la zona es el Rio Paraguay que deslumbra el ojo de los visitantes con todo su esplendor y en ocasiones connota momentos \u00fanicos que solo podemos presenciar ah\u00ed.<\/p>\n<p>Es importante destacar tambi\u00e9n el avance agropecuario que se vive en la zona, en donde muchos inversionistas apuestan por la producci\u00f3n del ganado vacuno.<\/p>\n<p>Las fuentes de trabajo son variables, ya que varias personas trabajan en las Estancias, Ganaderas, etc, otros se dedican a trabajar como gu\u00edas tur\u00edsticos (piloteros como dicen generalmente) en los famosos Barcos Hoteles, algunos se desempe\u00f1an como peque\u00f1os empresarios dentro de la zona urbana y los Ind\u00edgenas Ayoreos, en su mayor\u00eda se empe\u00f1an en el trabajo de recolectar carnadas (morenitas, cangrejos etc.) o al rubro de la artesan\u00eda, que generalmente ellos luego ofrecen a los turistas que van a visitar y a pescar en el Pantanal Chaque\u00f1o.<\/p>\n<p>El Distrito cuenta con varias Instituciones Publicas; como Colegios, Escuelas, Centro de Atenci\u00f3n Medica, Comisaria, Juzgado de Paz, Iglesias, entre otros.<\/p>\n<p>Invitamos a todos\/as a pasar por nuestra hermosa Ciudad.<\/p>\n<p>&nbsp;<\/p>\n<p>&nbsp;<\/p>\n","protected":false},"excerpt":{"rendered":"<p>El Distrito de Carmelo Peralta se encuentra en el VXII Departamento- Alto Paraguay, Chaco. Fue elevada como municipio en fecha 2 de mayo del a\u00f1o 2.008; seg\u00fan la Ley N\u00b0 3.471. Esta\u00a0distante de la Ciudad Capital aproximadamente unos 730 km. Su poblaci\u00f3n la constituyen latinos, ind\u00edgenas de la etnia Ayoreo y ganaderos brasile\u00f1os; cuenta con &#8230; <a title=\"Informaci\u00f3n sobre el Municipio de Carmelo Peralta\" class=\"read-more\" href=\"https:\/\/www.municipios.gov.py\/carmeloperalta\/\" aria-label=\"Leer m\u00e1s sobre Informaci\u00f3n sobre el Municipio de Carmelo Peralta\">Leer Mas&#8230;<\/a><\/p>\n","protected":false},"author":4,"featured_media":0,"parent":0,"menu_order":0,"comment_status":"closed","ping_status":"closed","template":"","meta":{"generate_page_header":"","jetpack_post_was_ever_published":false,"footnotes":""},"class_list":["post-2","page","type-page","status-publish"],"jetpack_sharing_enabled":true,"jetpack_shortlink":"https:\/\/wp.me\/P7wspv-2","_links":{"self":[{"href":"https:\/\/www.municipios.gov.py\/carmeloperalta\/wp-json\/wp\/v2\/pages\/2","targetHints":{"allow":["GET"]}}],"collection":[{"href":"https:\/\/www.municipios.gov.py\/carmeloperalta\/wp-json\/wp\/v2\/pages"}],"about":[{"href":"https:\/\/www.municipios.gov.py\/carmeloperalta\/wp-json\/wp\/v2\/types\/page"}],"author":[{"embeddable":true,"href":"https:\/\/www.municipios.gov.py\/carmeloperalta\/wp-json\/wp\/v2\/users\/4"}],"replies":[{"embeddable":true,"href":"https:\/\/www.municipios.gov.py\/carmeloperalta\/wp-json\/wp\/v2\/comments?post=2"}],"version-history":[{"count":7,"href":"https:\/\/www.municipios.gov.py\/carmeloperalta\/wp-json\/wp\/v2\/pages\/2\/revisions"}],"predecessor-version":[{"id":433,"href":"https:\/\/www.municipios.gov.py\/carmeloperalta\/wp-json\/wp\/v2\/pages\/2\/revisions\/433"}],"wp:attachment":[{"href":"https:\/\/www.municipios.gov.py\/carmeloperalta\/wp-json\/wp\/v2\/media?parent=2"}],"curies":[{"name":"wp","href":"https:\/\/api.w.org\/{rel}","templated":true}]}}