{"id":2,"date":"2016-06-30T17:59:43","date_gmt":"2016-06-30T17:59:43","guid":{"rendered":"https:\/\/www.municipios.gov.py\/buenavista\/?page_id=2"},"modified":"2021-06-07T16:21:55","modified_gmt":"2021-06-07T20:21:55","slug":"pagina-ejemplo","status":"publish","type":"page","link":"https:\/\/www.municipios.gov.py\/buenavista\/","title":{"rendered":"Informaci\u00f3n"},"content":{"rendered":"<h2 style=\"padding-left: 90px; text-align: center;\"><strong><u>DATOS GENERALES DEL MUNICIPIO<\/u><\/strong><strong><u>:<\/u><\/strong><\/h2>\n<p style=\"text-align: justify;\">En los comienzos, <strong><a href=\"https:\/\/es.wikipedia.org\/wiki\/Buena_Vista_(Paraguay)\">Buena Vista<\/a><\/strong> era conocida como <strong>\u00ab<a href=\"http:\/\/www.solorecursos.com\/pueblos\/paraguay\/pueblo.php?id=984&amp;region=Departamento%20de%20Caazapa\">Mburika Potrero<\/a>\u00ab,<\/strong> una compa\u00f1\u00eda dependiente de San Juan Nepomuceno. <a href=\"https:\/\/www.facebook.com\/cukaye.py\/videos\/1151149001595926\/?pnref=story\">Seg\u00fan testimonios en 1916, el 30 de abril, el Pbro. Juan Guillermo D\u00edaz, en ocasi\u00f3n, decidi\u00f3 cambiar el nombre del Pueblo a <\/a><strong>\u00abBuena Vista\u00bb,<\/strong>\u00a0al mismo tiempo procedi\u00f3 a la bendici\u00f3n del oratorio, p\u00fablico erigido bajo el <a href=\"http:\/\/www.abc.com.py\/edicion-impresa\/suplementos\/centinela\/buena-vista-festeja-100-anos-de-independencia-1477446.html\"><strong>Patronato<\/strong><\/a> de <a href=\"http:\/\/www.abc.com.py\/articulos\/inauguraron-las-mejoras-en-iglesia-de-buena-vista-254229.html\">San Vicente Ferrer.<\/a><\/p>\n<p>Fue elevado a la categor\u00eda de Distrito el 23 de junio en 1955 por <a href=\"https:\/\/paraguay.justia.com\/nacionales\/leyes\/ley-260-jun-23-1955\/gdoc\/\">Decreto Ley N\u00b0 260.<\/a><\/p>\n<p style=\"text-align: justify;\">Los primeros pobladores datan de la primera d\u00e9cada del siglo XX, seg\u00fan un documento de partici\u00f3n de la propiedad denominada <strong>Mburika Potrero<\/strong>, perteneciente a los Duarte y Cuevas.<\/p>\n<p>A estas personas y sus familiares generalmente se los reconocen como los primeros pobladores del lugar; no obstante es arriesgado aseverar, dado que los datos fidedignos son infrecuentes.\u00a0Seg\u00fan la tradici\u00f3n oral Caazap\u00e1, Guair\u00e1 y Paraguari serian los or\u00edgenes de las primeras familias.<\/p>\n<p style=\"text-align: center;\"><strong><u>DELIMITACI\u00d3N Y ESTRUCTURA TERRITORIAL:<\/u><\/strong><\/p>\n<p style=\"text-align: justify;\"><strong>\u00a0Buena Vista<\/strong>, est\u00e1\u00a0situado a 278 km de la ciudad de Asunci\u00f3n, en el departamento de Caazap\u00e1, con una superficie de 126 km2.\u00a0Ubicado en el centro del departamento, Buena Vista limita con las siguientes ciudades:<\/p>\n<ul>\n<li>Al Norte: Gral. Higinio Mor\u00ednigo<\/li>\n<li>Al Sur:\u00a03 de Mayo<\/li>\n<li>Al Este: San Juan de Nepomuceno<\/li>\n<li>Al Oeste: Caazap\u00e1.<\/li>\n<\/ul>\n<p><img decoding=\"async\" src=\"https:\/\/www.municipios.gov.py\/buenavista\/wp-content\/uploads\/sites\/91\/2016\/06\/PLANO-OFICIAL.jpg\" \/><\/p>\n<p style=\"text-align: center;\"><strong><u>CARACTER\u00cdSTICAS F\u00cdSICAS DEL TERRITORIO:<\/u><\/strong><\/p>\n<p style=\"text-align: justify;\">El territorio del distrito de Buena Vista posee una superficie llana, ideal para la agricultura y la ganader\u00eda.\u00a0En Buena Vista la temperatura media de 21\u00ba C, la m\u00e1xima en verano 37\u00ba C y la m\u00ednima en invierno, 1\u00baC. Est\u00e1 situada en uno de los departamentos que registra mayor nivel de precipitaciones, por lo que la regi\u00f3n es excelente para la explotaci\u00f3n agropecuaria.<\/p>\n<p style=\"text-align: center;\"><strong><u>DATOS DEMOGR\u00c1FICOS GENERALES DEL MUNICIPIO:<\/u><\/strong><\/p>\n<p style=\"text-align: justify;\"><strong>\u00a0<a href=\"http:\/\/www.portalguarani.com\/971_cooperacion_tecnica_alemana_giz\/21271_municipalidad_de_buena_vista__resumen_de_gestion_2009_2010__intendente_estanislao_silvero_arguello.html\">Buena Vista<\/a><\/strong> tiene un total de 5.934 habitantes, de los cuales, 3.136 son varones y 2.797 mujeres, seg\u00fan las proyecciones de la <a href=\"https:\/\/www.ine.gov.py\/default.php?publicacion=2\">Direcci\u00f3n General de Estad\u00edsticas, Encuestas y Censos.<\/a><\/p>\n<p style=\"text-align: justify;\">Las principales actividades de sus habitantes son: en el \u00e1rea rural la producci\u00f3n de ca\u00f1a de az\u00facar, algod\u00f3n y la ganader\u00eda; en el \u00e1rea urbana el ejercicio del comercio\u00a0y la funci\u00f3n p\u00fablica.<\/p>\n<h3 style=\"text-align: center;\">Redes Sociales<\/h3>\n<p style=\"text-align: center;\"><a href=\"https:\/\/www.facebook.com\/munibuena\/?__mref=message_bubble\" rel=\"attachment wp-att-6\"><img loading=\"lazy\" decoding=\"async\" class=\"alignnone wp-image-6\" src=\"https:\/\/www.municipios.gov.py\/buenavista\/wp-content\/uploads\/sites\/159\/2016\/06\/facebook.png\" alt=\"facebook\" width=\"60\" height=\"60\" \/><\/a> <a href=\"https:\/\/www.municipios.gov.py\/buenavista\/pagina-de-inicio\/youtube\/#main\" rel=\"attachment wp-att-14\"><img loading=\"lazy\" decoding=\"async\" class=\"alignnone wp-image-14\" src=\"https:\/\/www.municipios.gov.py\/buenavista\/wp-content\/uploads\/sites\/159\/2016\/06\/youtube.png\" alt=\"youtube\" width=\"57\" height=\"57\" \/><\/a> <a href=\"https:\/\/www.municipios.gov.py\/buenavista\/twitter\/\"><img loading=\"lazy\" decoding=\"async\" class=\"alignnone wp-image-12\" src=\"https:\/\/www.municipios.gov.py\/buenavista\/wp-content\/uploads\/sites\/159\/2016\/06\/twitter.png\" alt=\"twitter\" width=\"59\" height=\"59\" \/><\/a><\/p>\n<p>&nbsp;<\/p>\n","protected":false},"excerpt":{"rendered":"<p>DATOS GENERALES DEL MUNICIPIO: En los comienzos, Buena Vista era conocida como \u00abMburika Potrero\u00ab, una compa\u00f1\u00eda dependiente de San Juan Nepomuceno. Seg\u00fan testimonios en 1916, el 30 de abril, el Pbro. Juan Guillermo D\u00edaz, en ocasi\u00f3n, decidi\u00f3 cambiar el nombre del Pueblo a \u00abBuena Vista\u00bb,\u00a0al mismo tiempo procedi\u00f3 a la bendici\u00f3n del oratorio, p\u00fablico erigido &#8230; <a title=\"Informaci\u00f3n\" class=\"read-more\" href=\"https:\/\/www.municipios.gov.py\/buenavista\/\" aria-label=\"Leer m\u00e1s sobre Informaci\u00f3n\">Leer Mas&#8230;<\/a><\/p>\n","protected":false},"author":4,"featured_media":0,"parent":0,"menu_order":0,"comment_status":"closed","ping_status":"closed","template":"","meta":{"generate_page_header":"","jetpack_post_was_ever_published":false,"footnotes":""},"class_list":["post-2","page","type-page","status-publish"],"jetpack_sharing_enabled":true,"jetpack_shortlink":"https:\/\/wp.me\/P7BbCr-2","_links":{"self":[{"href":"https:\/\/www.municipios.gov.py\/buenavista\/wp-json\/wp\/v2\/pages\/2","targetHints":{"allow":["GET"]}}],"collection":[{"href":"https:\/\/www.municipios.gov.py\/buenavista\/wp-json\/wp\/v2\/pages"}],"about":[{"href":"https:\/\/www.municipios.gov.py\/buenavista\/wp-json\/wp\/v2\/types\/page"}],"author":[{"embeddable":true,"href":"https:\/\/www.municipios.gov.py\/buenavista\/wp-json\/wp\/v2\/users\/4"}],"replies":[{"embeddable":true,"href":"https:\/\/www.municipios.gov.py\/buenavista\/wp-json\/wp\/v2\/comments?post=2"}],"version-history":[{"count":47,"href":"https:\/\/www.municipios.gov.py\/buenavista\/wp-json\/wp\/v2\/pages\/2\/revisions"}],"predecessor-version":[{"id":839,"href":"https:\/\/www.municipios.gov.py\/buenavista\/wp-json\/wp\/v2\/pages\/2\/revisions\/839"}],"wp:attachment":[{"href":"https:\/\/www.municipios.gov.py\/buenavista\/wp-json\/wp\/v2\/media?parent=2"}],"curies":[{"name":"wp","href":"https:\/\/api.w.org\/{rel}","templated":true}]}}