{"id":19,"date":"2016-06-30T18:12:37","date_gmt":"2016-06-30T18:12:37","guid":{"rendered":"https:\/\/www.municipios.gov.py\/buenavista\/?page_id=19"},"modified":"2022-02-04T10:29:44","modified_gmt":"2022-02-04T13:29:44","slug":"junta-municipal","status":"publish","type":"page","link":"https:\/\/www.municipios.gov.py\/buenavista\/junta-municipal\/","title":{"rendered":"Junta Municipal"},"content":{"rendered":"<h4 style=\"text-align: center;\"><strong>Correo electr\u00f3nico<\/strong>: juntabuena@gmail.com<\/h4>\n<table style=\"width: 98.0334%; height: 592px;\" width=\"1023\">\n<tbody>\n<tr>\n<td style=\"width: 99.8083%;\" colspan=\"6\" width=\"1023\">\n<p style=\"text-align: center;\"><strong>LISTA DE CONCEJALES<\/strong><\/p>\n<\/td>\n<\/tr>\n<tr>\n<td style=\"width: 9.26605%; text-align: center;\" width=\"78\"><strong>Dpto.<\/strong><\/td>\n<td style=\"width: 24.0034%; text-align: center;\" width=\"108\"><strong>Distrito<\/strong><\/td>\n<td style=\"width: 5.80499%; text-align: center;\" width=\"70\"><strong>N\u00b0\u00a0 Orden<\/strong><\/td>\n<td style=\"width: 27.4644%; text-align: center;\" width=\"116\"><strong>Partido\/ Movimiento<\/strong><\/td>\n<td style=\"width: 16.6826%; text-align: center;\" width=\"212\"><strong>Nombres y Apellidos<\/strong><\/td>\n<td style=\"width: 16.5868%; text-align: center;\" width=\"112\"><strong>N\u00b0 de Contacto<\/strong><\/td>\n<\/tr>\n<tr>\n<td style=\"width: 9.26605%; text-align: center;\" width=\"78\">Caazap\u00e1<\/td>\n<td style=\"width: 24.0034%; text-align: center;\" width=\"108\">Buena Vista<\/td>\n<td style=\"width: 5.80499%; text-align: center;\" width=\"70\">1<\/td>\n<td style=\"width: 27.4644%; text-align: center;\" width=\"116\">Partido Colorado<\/td>\n<td style=\"width: 16.6826%;\" width=\"212\">Edgar Ram\u00f3n Larramendia Vera<\/td>\n<td style=\"width: 16.5868%; text-align: center;\" width=\"112\">0981 576675<\/td>\n<\/tr>\n<tr>\n<td style=\"width: 9.26605%; text-align: center;\" width=\"78\">Caazap\u00e1<\/td>\n<td style=\"width: 24.0034%; text-align: center;\" width=\"108\">Buena Vista<\/td>\n<td style=\"width: 5.80499%; text-align: center;\" width=\"70\">2<\/td>\n<td style=\"width: 27.4644%; text-align: center;\" width=\"116\">Partido Liberal Radical Aut\u00e9ntico<\/td>\n<td style=\"width: 16.6826%;\" width=\"212\">Hugo Ever N\u00fa\u00f1ez Ben\u00edtez<\/td>\n<td style=\"width: 16.5868%; text-align: center;\" width=\"112\">0983 319417<\/td>\n<\/tr>\n<tr>\n<td style=\"width: 9.26605%; text-align: center;\" width=\"78\">Caazap\u00e1<\/td>\n<td style=\"width: 24.0034%; text-align: center;\" width=\"108\">Buena Vista<\/td>\n<td style=\"width: 5.80499%; text-align: center;\" width=\"70\">3<\/td>\n<td style=\"width: 27.4644%; text-align: center;\" width=\"116\">Partido Colorado<\/td>\n<td style=\"width: 16.6826%;\" width=\"212\">Rolando Mart\u00ednez Esp\u00ednola<\/td>\n<td style=\"width: 16.5868%; text-align: center;\" width=\"112\">0984 355109<\/td>\n<\/tr>\n<tr>\n<td style=\"width: 9.26605%; text-align: center;\" width=\"78\">Caazap\u00e1<\/td>\n<td style=\"width: 24.0034%; text-align: center;\" width=\"108\">Buena Vista<\/td>\n<td style=\"width: 5.80499%; text-align: center;\" width=\"70\">4<\/td>\n<td style=\"width: 27.4644%; text-align: center;\" width=\"116\">Partido Colorado<\/td>\n<td style=\"width: 16.6826%;\" width=\"212\">Christian Eladio Duarte<\/td>\n<td style=\"width: 16.5868%; text-align: center;\" width=\"112\">0981 112808<\/td>\n<\/tr>\n<tr>\n<td style=\"width: 9.26605%; text-align: center;\" width=\"78\">Caazap\u00e1<\/td>\n<td style=\"width: 24.0034%; text-align: center;\" width=\"108\">Buena Vista<\/td>\n<td style=\"width: 5.80499%; text-align: center;\" width=\"70\">5<\/td>\n<td style=\"width: 27.4644%; text-align: center;\" width=\"116\">Partido del Frente Patri\u00f3tico Teete<\/td>\n<td style=\"width: 16.6826%;\" width=\"212\">Marino Aguinagalde Reyes<\/td>\n<td style=\"width: 16.5868%; text-align: center;\" width=\"112\">0983 650490<\/td>\n<\/tr>\n<tr>\n<td style=\"width: 9.26605%; text-align: center;\" width=\"78\">Caazap\u00e1<\/td>\n<td style=\"width: 24.0034%; text-align: center;\" width=\"108\">Buena Vista<\/td>\n<td style=\"width: 5.80499%; text-align: center;\" width=\"70\">6<\/td>\n<td style=\"width: 27.4644%; text-align: center;\" width=\"116\">Partido Liberal Radical Aut\u00e9ntico<\/td>\n<td style=\"width: 16.6826%;\" width=\"212\">Gustavo Agust\u00edn Brizuela<\/td>\n<td style=\"width: 16.5868%; text-align: center;\" width=\"112\">0982 513625<\/td>\n<\/tr>\n<tr>\n<td style=\"width: 9.26605%; text-align: center;\" width=\"78\">Caazap\u00e1<\/td>\n<td style=\"width: 24.0034%; text-align: center;\" width=\"108\">Buena Vista<\/td>\n<td style=\"width: 5.80499%; text-align: center;\" width=\"70\">7<\/td>\n<td style=\"width: 27.4644%; text-align: center;\" width=\"116\">Partido Colorado<\/td>\n<td style=\"width: 16.6826%;\" width=\"212\">Arsenio Erico Toledo L\u00f3pez<\/td>\n<td style=\"width: 16.5868%; text-align: center;\" width=\"112\">0971 444590<\/td>\n<\/tr>\n<tr>\n<td style=\"width: 9.26605%; text-align: center;\" width=\"78\">Caazap\u00e1<\/td>\n<td style=\"width: 24.0034%; text-align: center;\" width=\"108\">Buena Vista<\/td>\n<td style=\"width: 5.80499%; text-align: center;\" width=\"70\">8<\/td>\n<td style=\"width: 27.4644%; text-align: center;\" width=\"116\">Partido Liberal Radical Aut\u00e9ntico<\/td>\n<td style=\"width: 16.6826%;\" width=\"212\">Nidia Raquel Acu\u00f1a D\u00edaz<\/td>\n<td style=\"width: 16.5868%; text-align: center;\" width=\"112\">0986 707062<\/td>\n<\/tr>\n<tr>\n<td style=\"width: 9.26605%; text-align: center;\" width=\"78\">Caazap\u00e1<\/td>\n<td style=\"width: 24.0034%; text-align: center;\" width=\"108\">Buena Vista<\/td>\n<td style=\"width: 5.80499%; text-align: center;\" width=\"70\">9<\/td>\n<td style=\"width: 27.4644%; text-align: center;\" width=\"116\">Partido Colorado<\/td>\n<td style=\"width: 16.6826%;\" width=\"212\">Carlos Alberto Ojeda Duarte<\/td>\n<td style=\"width: 16.5868%; text-align: center;\" width=\"112\">0984 349565<\/td>\n<\/tr>\n<\/tbody>\n<\/table>\n<p>&nbsp;<\/p>\n","protected":false},"excerpt":{"rendered":"<p>Correo electr\u00f3nico: juntabuena@gmail.com LISTA DE CONCEJALES Dpto. Distrito N\u00b0\u00a0 Orden Partido\/ Movimiento Nombres y Apellidos N\u00b0 de Contacto Caazap\u00e1 Buena Vista 1 Partido Colorado Edgar Ram\u00f3n Larramendia Vera 0981 576675 Caazap\u00e1 Buena Vista 2 Partido Liberal Radical Aut\u00e9ntico Hugo Ever N\u00fa\u00f1ez Ben\u00edtez 0983 319417 Caazap\u00e1 Buena Vista 3 Partido Colorado Rolando Mart\u00ednez Esp\u00ednola 0984 355109 &#8230; <a title=\"Junta Municipal\" class=\"read-more\" href=\"https:\/\/www.municipios.gov.py\/buenavista\/junta-municipal\/\" aria-label=\"Leer m\u00e1s sobre Junta Municipal\">Leer Mas&#8230;<\/a><\/p>\n","protected":false},"author":4,"featured_media":0,"parent":0,"menu_order":0,"comment_status":"closed","ping_status":"closed","template":"","meta":{"generate_page_header":"","jetpack_post_was_ever_published":false,"footnotes":""},"class_list":["post-19","page","type-page","status-publish"],"jetpack_sharing_enabled":true,"jetpack_shortlink":"https:\/\/wp.me\/P7BbCr-j","_links":{"self":[{"href":"https:\/\/www.municipios.gov.py\/buenavista\/wp-json\/wp\/v2\/pages\/19","targetHints":{"allow":["GET"]}}],"collection":[{"href":"https:\/\/www.municipios.gov.py\/buenavista\/wp-json\/wp\/v2\/pages"}],"about":[{"href":"https:\/\/www.municipios.gov.py\/buenavista\/wp-json\/wp\/v2\/types\/page"}],"author":[{"embeddable":true,"href":"https:\/\/www.municipios.gov.py\/buenavista\/wp-json\/wp\/v2\/users\/4"}],"replies":[{"embeddable":true,"href":"https:\/\/www.municipios.gov.py\/buenavista\/wp-json\/wp\/v2\/comments?post=19"}],"version-history":[{"count":5,"href":"https:\/\/www.municipios.gov.py\/buenavista\/wp-json\/wp\/v2\/pages\/19\/revisions"}],"predecessor-version":[{"id":884,"href":"https:\/\/www.municipios.gov.py\/buenavista\/wp-json\/wp\/v2\/pages\/19\/revisions\/884"}],"wp:attachment":[{"href":"https:\/\/www.municipios.gov.py\/buenavista\/wp-json\/wp\/v2\/media?parent=19"}],"curies":[{"name":"wp","href":"https:\/\/api.w.org\/{rel}","templated":true}]}}