{"id":2,"date":"2016-06-30T17:59:43","date_gmt":"2016-06-30T17:59:43","guid":{"rendered":"https:\/\/www.municipios.gov.py\/borja\/?page_id=2"},"modified":"2016-08-09T14:43:54","modified_gmt":"2016-08-09T14:43:54","slug":"pagina-ejemplo","status":"publish","type":"page","link":"https:\/\/www.municipios.gov.py\/borja\/","title":{"rendered":"Informaci\u00f3n"},"content":{"rendered":"<p>&nbsp;<\/p>\n<table class=\" aligncenter\" style=\"width: 816px; height: 480px;\">\n<tbody>\n<tr style=\"height: 3px;\">\n<td style=\"width: 197.5px; height: 3px;\">\n<div id=\"cont_e5b7623e90aaa5d3ece4f91caef0267d\"><script type=\"text\/javascript\" async src=\"https:\/\/www.tiempo.com\/wid_loader\/e5b7623e90aaa5d3ece4f91caef0267d\"><\/script><\/div>\n<\/td>\n<td style=\"width: 581.5px; vertical-align: top; height: 417px; text-align: left;\" rowspan=\"2\">\n<p><strong>Borja<\/strong><\/p>\n<p>es un distrito del\u00a0<a href=\"https:\/\/es.wikipedia.org\/wiki\/Departamento_de_Guair%C3%A1\">Departamento de Guair\u00e1<\/a>,\u00a0<a href=\"https:\/\/es.wikipedia.org\/wiki\/Paraguay\">Paraguay<\/a>. Se encuentra aproximadamente a 212\u00a0km de\u00a0<a href=\"https:\/\/es.wikipedia.org\/wiki\/Asunci%C3%B3n\">Asunci\u00f3n<\/a>, capital del pa\u00eds.<br \/>\nBorja se sit\u00faa a dos kil\u00f3metros de\u00a0<a href=\"https:\/\/es.wikipedia.org\/wiki\/San_Salvador_(Guair%C3%A1)\">San Salvador<\/a>, que se independiz\u00f3 de Borja en el a\u00f1o 1951.<br \/>\nLos habitantes se dedican primordialmente a las actividades agr\u00edcolas, ganaderas para la subsistencia.<br \/>\nFue fundada como partido de Yhacanguaz\u00fa por el Gobernador del\u00a0<a href=\"https:\/\/es.wikipedia.org\/wiki\/Paraguay\">Paraguay<\/a>\u00a0<a href=\"https:\/\/es.wikipedia.org\/wiki\/Pedro_de_Melo\">Pedro Melo de Portugal<\/a>\u00a0en el a\u00f1o 1778; su nombre actual remite a un propulsor y benefactor de la comunidad, don Mateo Borja.<br \/>\nLa principal actividad de Borja es la actividad agr\u00edcola. Est\u00e1 encaminada hacia el cultivo de\u00a0<a href=\"https:\/\/es.wikipedia.org\/wiki\/Algod%C3%B3n\">algod\u00f3n<\/a>,\u00a0<a href=\"https:\/\/es.wikipedia.org\/wiki\/Mandioca\">mandioca<\/a>,\u00a0<a href=\"https:\/\/es.wikipedia.org\/wiki\/Saccharum_officinarum\">ca\u00f1a dulce<\/a>,\u00a0<a href=\"https:\/\/es.wikipedia.org\/wiki\/Trigo\">trigo<\/a>, y al cultivo de\u00a0<a href=\"https:\/\/es.wikipedia.org\/wiki\/Uvas\">uvas<\/a>. En la ganader\u00eda, se cr\u00eda ganado vacuno, caprino, porcino y equino.<br \/>\nLa naturaleza del lugar permite observar una diversidad de aves de distintas especies que vuelan sobre las aguas del R\u00edo Tebicuary &#8211; mi. Gran parte de la zona que bordea dicho r\u00edo es inundadle, de all\u00ed la gran cantidad de esteros de la zona.<\/p>\n<p><div class=\"googlemaps\">\n\t\t\t\t<iframe loading=\"lazy\" width=\"550\" height=\"400\" frameborder=\"0\" scrolling=\"no\" marginheight=\"0\" marginwidth=\"0\"  src=\"https:\/\/www.google.com\/maps\/embed?pb=!1m18!1m12!1m3!1d6605.089487418738!2d-56.50183805619415!3d-25.95201506607206!2m3!1f0!2f0!3f0!3m2!1i1024!2i768!4f13.1!3m3!1m2!1s0x9459369436f19f59:0xbbf47186c5faeb1a!2sBorja!5e1!3m2!1ses!2spy!4v1470752996363\"><\/iframe>\n\t\t\t<\/div><\/td>\n<\/tr>\n<tr style=\"height: 414px;\">\n<td style=\"width: 197.5px; height: 414px; text-align: left; vertical-align: top;\">\n<div class=\"col-sm-6 col-md-4\">\n<div class=\"form-group\">\n<div class=\"col-sm-6 col-md-8\">\n<div class=\"form-group\">\n<div class=\"preview-overflow\"><iframe loading=\"lazy\" id=\"code-generator-preview\" src=\"http:\/\/www.cambioschaco.com.py\/widgets\/cotizacion\/\" width=\"200\" height=\"360\" frameborder=\"0\"><\/iframe><\/div>\n<\/div>\n<\/div>\n<\/div>\n<\/div>\n<div class=\"col-sm-6 col-md-8\"><\/div>\n<\/td>\n<\/tr>\n<\/tbody>\n<\/table>\n<p>&nbsp;<\/p>\n<p>&nbsp;<\/p>\n<p>&nbsp;<\/p>\n<p>&nbsp;<\/p>\n<p>&nbsp;<\/p>\n<p>&nbsp;<\/p>\n<p>&nbsp;<\/p>\n<p>&nbsp;<\/p>\n","protected":false},"excerpt":{"rendered":"<p>&nbsp; Borja es un distrito del\u00a0Departamento de Guair\u00e1,\u00a0Paraguay. Se encuentra aproximadamente a 212\u00a0km de\u00a0Asunci\u00f3n, capital del pa\u00eds. Borja se sit\u00faa a dos kil\u00f3metros de\u00a0San Salvador, que se independiz\u00f3 de Borja en el a\u00f1o 1951. Los habitantes se dedican primordialmente a las actividades agr\u00edcolas, ganaderas para la subsistencia. Fue fundada como partido de Yhacanguaz\u00fa por el &#8230; <a title=\"Informaci\u00f3n\" class=\"read-more\" href=\"https:\/\/www.municipios.gov.py\/borja\/\" aria-label=\"Leer m\u00e1s sobre Informaci\u00f3n\">Leer Mas&#8230;<\/a><\/p>\n","protected":false},"author":4,"featured_media":0,"parent":0,"menu_order":0,"comment_status":"closed","ping_status":"closed","template":"","meta":{"generate_page_header":"","jetpack_post_was_ever_published":false,"footnotes":""},"class_list":["post-2","page","type-page","status-publish"],"jetpack_sharing_enabled":true,"jetpack_shortlink":"https:\/\/wp.me\/P8AJKh-2","_links":{"self":[{"href":"https:\/\/www.municipios.gov.py\/borja\/wp-json\/wp\/v2\/pages\/2","targetHints":{"allow":["GET"]}}],"collection":[{"href":"https:\/\/www.municipios.gov.py\/borja\/wp-json\/wp\/v2\/pages"}],"about":[{"href":"https:\/\/www.municipios.gov.py\/borja\/wp-json\/wp\/v2\/types\/page"}],"author":[{"embeddable":true,"href":"https:\/\/www.municipios.gov.py\/borja\/wp-json\/wp\/v2\/users\/4"}],"replies":[{"embeddable":true,"href":"https:\/\/www.municipios.gov.py\/borja\/wp-json\/wp\/v2\/comments?post=2"}],"version-history":[{"count":33,"href":"https:\/\/www.municipios.gov.py\/borja\/wp-json\/wp\/v2\/pages\/2\/revisions"}],"predecessor-version":[{"id":221,"href":"https:\/\/www.municipios.gov.py\/borja\/wp-json\/wp\/v2\/pages\/2\/revisions\/221"}],"wp:attachment":[{"href":"https:\/\/www.municipios.gov.py\/borja\/wp-json\/wp\/v2\/media?parent=2"}],"curies":[{"name":"wp","href":"https:\/\/api.w.org\/{rel}","templated":true}]}}