{"id":2,"date":"2022-01-31T17:59:43","date_gmt":"2022-01-31T20:59:43","guid":{"rendered":"https:\/\/www.municipios.gov.py\/benjaminaceval\/?page_id=2"},"modified":"2022-02-02T10:51:41","modified_gmt":"2022-02-02T13:51:41","slug":"pagina-ejemplo","status":"publish","type":"page","link":"https:\/\/www.municipios.gov.py\/benjaminaceval\/","title":{"rendered":"Informaci\u00f3n"},"content":{"rendered":"<p><strong>Resumen Anual de Asignaciones &#8211; Ley 5189\/14 &#8211; Art. 7<\/strong><\/p>\n<p>Descargue Aqu\u00ed:<\/p>\n<p><a href=\"https:\/\/www.municipios.gov.py\/benjaminaceval\/wp-content\/uploads\/sites\/142\/2022\/02\/Resumen-Anual_-ano-2021-MUNI-BENJAMIN-ACEVAL_31-01-2022-.xls\">Resumen Anual_ a\u00f1o 2021-MUNI- BENJAMIN ACEVAL_31-01-2022<\/a><\/p>\n<p><a href=\"https:\/\/www.municipios.gov.py\/benjaminaceval\/wp-content\/uploads\/sites\/142\/2021\/01\/Resumen-Anual_-a\u00f1o-2020-MUNI-BENJAMIN-ACEVAL.xls\">Resumen Anual_ a\u00f1o 2020-MUNI- BENJAMIN ACEVAL<\/a><\/p>\n","protected":false},"excerpt":{"rendered":"<p>Resumen Anual de Asignaciones &#8211; Ley 5189\/14 &#8211; Art. 7 Descargue Aqu\u00ed: Resumen Anual_ a\u00f1o 2021-MUNI- BENJAMIN ACEVAL_31-01-2022 Resumen Anual_ a\u00f1o 2020-MUNI- BENJAMIN ACEVAL<\/p>\n","protected":false},"author":4,"featured_media":0,"parent":0,"menu_order":0,"comment_status":"closed","ping_status":"closed","template":"","meta":{"generate_page_header":"","jetpack_post_was_ever_published":false,"footnotes":""},"class_list":["post-2","page","type-page","status-publish"],"jetpack_sharing_enabled":true,"jetpack_shortlink":"https:\/\/wp.me\/P8AJPj-2","_links":{"self":[{"href":"https:\/\/www.municipios.gov.py\/benjaminaceval\/wp-json\/wp\/v2\/pages\/2","targetHints":{"allow":["GET"]}}],"collection":[{"href":"https:\/\/www.municipios.gov.py\/benjaminaceval\/wp-json\/wp\/v2\/pages"}],"about":[{"href":"https:\/\/www.municipios.gov.py\/benjaminaceval\/wp-json\/wp\/v2\/types\/page"}],"author":[{"embeddable":true,"href":"https:\/\/www.municipios.gov.py\/benjaminaceval\/wp-json\/wp\/v2\/users\/4"}],"replies":[{"embeddable":true,"href":"https:\/\/www.municipios.gov.py\/benjaminaceval\/wp-json\/wp\/v2\/comments?post=2"}],"version-history":[{"count":43,"href":"https:\/\/www.municipios.gov.py\/benjaminaceval\/wp-json\/wp\/v2\/pages\/2\/revisions"}],"predecessor-version":[{"id":820,"href":"https:\/\/www.municipios.gov.py\/benjaminaceval\/wp-json\/wp\/v2\/pages\/2\/revisions\/820"}],"wp:attachment":[{"href":"https:\/\/www.municipios.gov.py\/benjaminaceval\/wp-json\/wp\/v2\/media?parent=2"}],"curies":[{"name":"wp","href":"https:\/\/api.w.org\/{rel}","templated":true}]}}