{"id":2,"date":"2016-06-30T17:59:43","date_gmt":"2016-06-30T17:59:43","guid":{"rendered":"https:\/\/www.municipios.gov.py\/aregua\/?page_id=2"},"modified":"2016-10-31T10:43:55","modified_gmt":"2016-10-31T10:43:55","slug":"pagina-ejemplo","status":"publish","type":"page","link":"https:\/\/www.municipios.gov.py\/aregua\/","title":{"rendered":"Informaci\u00f3n"},"content":{"rendered":"<p style=\"text-align: left;\"><strong>Nombre legal:<\/strong> <em>Municipalidad de Aregu\u00e1 <\/em><\/p>\n<p><strong>Direcci\u00f3n:<\/strong> <em>Mariscal Estigarribia c\/ la Candelaria N\u00ba 202 <\/em><\/p>\n<p><strong>Correo Electr\u00f3nico:<\/strong>\u00a0<em>areguapaseoinspirador@gmail.com<\/em><\/p>\n<p><strong>Red Social:\u00a0<\/strong><em><a href=\"https:\/\/www.facebook.com\/Municipalidad-de-Aregu%C3%A1-207804629252838\/?ref=ts&amp;fref=ts\">https:\/\/www.facebook.com\/Municipalidad-de-Aregu%C3%A1-207804629252838\/?ref=ts&amp;fref=ts<\/a><\/em><\/p>\n<p><strong>Tel\u00e9fono:<\/strong> <em>(0291) 432.501 <\/em><\/p>\n<p><strong>Ubicaci\u00f3n:<\/strong><em> Aregu\u00e1 \u2013 Paraguay\u00a0<a href=\"https:\/\/www.google.com.py\/maps\/@-25.2934435,-57.3505851,12.21z\">https:\/\/www.google.com.py\/maps\/@-25.2934435,-57.3505851,12.21z<\/a><\/em><\/p>\n<p><strong>Autoridad:<\/strong><em> Humberto Denis Torres Fleitas<\/em><\/p>\n<blockquote>\n<p style=\"text-align: center;\"><span style=\"color: #000000;\"><strong>VISI\u00d3N<\/strong><\/span><\/p>\n<p style=\"text-align: center;\"><em>\u00abMunicipio \u00c1gil y oportuno; l\u00edder en el Departamento y el pa\u00eds.\u00bb<\/em><\/p>\n<p style=\"text-align: center;\"><strong>MISI\u00d3N<\/strong><\/p>\n<p style=\"text-align: center;\"><em>\u00abPrestar servicios de excelencia a los ciudadanos, mediante el buen cumplimiento de las funciones asignadas a trav\u00e9s de la Ley 3966\/10 y dem\u00e1s leyes, decretos, resoluciones y ordenanzas; promoviendo la transparencia.\u00bb<\/em><\/p>\n<\/blockquote>\n","protected":false},"excerpt":{"rendered":"<p>Nombre legal: Municipalidad de Aregu\u00e1 Direcci\u00f3n: Mariscal Estigarribia c\/ la Candelaria N\u00ba 202 Correo Electr\u00f3nico:\u00a0areguapaseoinspirador@gmail.com Red Social:\u00a0https:\/\/www.facebook.com\/Municipalidad-de-Aregu%C3%A1-207804629252838\/?ref=ts&amp;fref=ts Tel\u00e9fono: (0291) 432.501 Ubicaci\u00f3n: Aregu\u00e1 \u2013 Paraguay\u00a0https:\/\/www.google.com.py\/maps\/@-25.2934435,-57.3505851,12.21z Autoridad: Humberto Denis Torres Fleitas VISI\u00d3N \u00abMunicipio \u00c1gil y oportuno; l\u00edder en el Departamento y el pa\u00eds.\u00bb MISI\u00d3N \u00abPrestar servicios de excelencia a los ciudadanos, mediante el buen cumplimiento de las &#8230; <a title=\"Informaci\u00f3n\" class=\"read-more\" href=\"https:\/\/www.municipios.gov.py\/aregua\/\" aria-label=\"Leer m\u00e1s sobre Informaci\u00f3n\">Leer Mas&#8230;<\/a><\/p>\n","protected":false},"author":4,"featured_media":344,"parent":0,"menu_order":0,"comment_status":"closed","ping_status":"closed","template":"","meta":{"generate_page_header":"","jetpack_post_was_ever_published":false,"footnotes":""},"class_list":["post-2","page","type-page","status-publish","has-post-thumbnail"],"jetpack_sharing_enabled":true,"jetpack_shortlink":"https:\/\/wp.me\/P7G0T8-2","_links":{"self":[{"href":"https:\/\/www.municipios.gov.py\/aregua\/wp-json\/wp\/v2\/pages\/2","targetHints":{"allow":["GET"]}}],"collection":[{"href":"https:\/\/www.municipios.gov.py\/aregua\/wp-json\/wp\/v2\/pages"}],"about":[{"href":"https:\/\/www.municipios.gov.py\/aregua\/wp-json\/wp\/v2\/types\/page"}],"author":[{"embeddable":true,"href":"https:\/\/www.municipios.gov.py\/aregua\/wp-json\/wp\/v2\/users\/4"}],"replies":[{"embeddable":true,"href":"https:\/\/www.municipios.gov.py\/aregua\/wp-json\/wp\/v2\/comments?post=2"}],"version-history":[{"count":16,"href":"https:\/\/www.municipios.gov.py\/aregua\/wp-json\/wp\/v2\/pages\/2\/revisions"}],"predecessor-version":[{"id":349,"href":"https:\/\/www.municipios.gov.py\/aregua\/wp-json\/wp\/v2\/pages\/2\/revisions\/349"}],"wp:featuredmedia":[{"embeddable":true,"href":"https:\/\/www.municipios.gov.py\/aregua\/wp-json\/wp\/v2\/media\/344"}],"wp:attachment":[{"href":"https:\/\/www.municipios.gov.py\/aregua\/wp-json\/wp\/v2\/media?parent=2"}],"curies":[{"name":"wp","href":"https:\/\/api.w.org\/{rel}","templated":true}]}}