{"id":81,"date":"2016-07-04T14:27:46","date_gmt":"2016-07-04T14:27:46","guid":{"rendered":"https:\/\/www.municipios.gov.py\/antequera\/?page_id=81"},"modified":"2018-01-18T10:10:00","modified_gmt":"2018-01-18T13:10:00","slug":"clasificacion-y-documentos-existentes","status":"publish","type":"page","link":"https:\/\/www.municipios.gov.py\/antequera\/clasificacion-y-documentos-existentes\/","title":{"rendered":"Clasificaci\u00f3n y documentos existentes"},"content":{"rendered":"<p><a href=\"https:\/\/www.municipios.gov.py\/antequera\/wp-content\/uploads\/sites\/147\/2018\/01\/Resolicion-Audiencia-P-1.pdf\">Resolicion Audiencia Publica 2018<\/a><\/p>\n<p><a href=\"https:\/\/www.municipios.gov.py\/antequera\/wp-content\/uploads\/sites\/147\/2018\/01\/Resol.-Audiencia-P.pdf\">Resolucion. Audiencia Publica<\/a><\/p>\n<p>&nbsp;<\/p>\n<p><a href=\"https:\/\/www.municipios.gov.py\/antequera\/clasificacion-y-documentos-existentes\/convenio-de-usufructo-1\/\" rel=\"attachment wp-att-752\">CONVENIO DE USUFRUCTO DE TRACTOR EN EL MARCO DE LA COOPERACI\u00d3N INTERINSTITUCIONAL ENTRE LA GOBERNACI\u00d3N DE SAN PEDRO Y LA M. DE ANTEQUERA &#8211; 1<\/a><\/p>\n<p><a href=\"https:\/\/www.municipios.gov.py\/antequera\/clasificacion-y-documentos-existentes\/convenio-de-usufructo-1\/\" rel=\"attachment wp-att-752\">CONVENIO DE USUFRUCTO DE TRACTOR EN EL MARCO DE LA COOPERACI\u00d3N INTERINSTITUCIONAL ENTRE LA GOBERNACI\u00d3N DE SAN PEDRO Y LA M. DE ANTEQUERA &#8211; 2<\/a><\/p>\n","protected":false},"excerpt":{"rendered":"<p>Resolicion Audiencia Publica 2018 Resolucion. Audiencia Publica &nbsp; CONVENIO DE USUFRUCTO DE TRACTOR EN EL MARCO DE LA COOPERACI\u00d3N INTERINSTITUCIONAL ENTRE LA GOBERNACI\u00d3N DE SAN PEDRO Y LA M. DE ANTEQUERA &#8211; 1 CONVENIO DE USUFRUCTO DE TRACTOR EN EL MARCO DE LA COOPERACI\u00d3N INTERINSTITUCIONAL ENTRE LA GOBERNACI\u00d3N DE SAN PEDRO Y LA M. DE &#8230; <a title=\"Clasificaci\u00f3n y documentos existentes\" class=\"read-more\" href=\"https:\/\/www.municipios.gov.py\/antequera\/clasificacion-y-documentos-existentes\/\" aria-label=\"Leer m\u00e1s sobre Clasificaci\u00f3n y documentos existentes\">Leer Mas&#8230;<\/a><\/p>\n","protected":false},"author":4,"featured_media":0,"parent":0,"menu_order":0,"comment_status":"closed","ping_status":"closed","template":"","meta":{"generate_page_header":"","jetpack_post_was_ever_published":false,"footnotes":""},"class_list":["post-81","page","type-page","status-publish"],"jetpack_sharing_enabled":true,"jetpack_shortlink":"https:\/\/wp.me\/P8AJQd-1j","_links":{"self":[{"href":"https:\/\/www.municipios.gov.py\/antequera\/wp-json\/wp\/v2\/pages\/81","targetHints":{"allow":["GET"]}}],"collection":[{"href":"https:\/\/www.municipios.gov.py\/antequera\/wp-json\/wp\/v2\/pages"}],"about":[{"href":"https:\/\/www.municipios.gov.py\/antequera\/wp-json\/wp\/v2\/types\/page"}],"author":[{"embeddable":true,"href":"https:\/\/www.municipios.gov.py\/antequera\/wp-json\/wp\/v2\/users\/4"}],"replies":[{"embeddable":true,"href":"https:\/\/www.municipios.gov.py\/antequera\/wp-json\/wp\/v2\/comments?post=81"}],"version-history":[{"count":5,"href":"https:\/\/www.municipios.gov.py\/antequera\/wp-json\/wp\/v2\/pages\/81\/revisions"}],"predecessor-version":[{"id":849,"href":"https:\/\/www.municipios.gov.py\/antequera\/wp-json\/wp\/v2\/pages\/81\/revisions\/849"}],"wp:attachment":[{"href":"https:\/\/www.municipios.gov.py\/antequera\/wp-json\/wp\/v2\/media?parent=81"}],"curies":[{"name":"wp","href":"https:\/\/api.w.org\/{rel}","templated":true}]}}