{"id":2,"date":"2016-06-30T17:59:43","date_gmt":"2016-06-30T17:59:43","guid":{"rendered":"https:\/\/www.municipios.gov.py\/3defebrero\/?page_id=2"},"modified":"2016-09-15T15:05:18","modified_gmt":"2016-09-15T15:05:18","slug":"pagina-ejemplo","status":"publish","type":"page","link":"https:\/\/www.municipios.gov.py\/3defebrero\/","title":{"rendered":"Informaci\u00f3n"},"content":{"rendered":"<table style=\"width: 823px;\">\n<tbody>\n<tr style=\"height: 118px;\">\n<td style=\"height: 118px; width: 175px; vertical-align: top;\">\n<div id=\"cont_de5cf729b88749cc6401df26e0ceec46\"><script type=\"text\/javascript\" async src=\"https:\/\/www.tiempo.com\/wid_loader\/de5cf729b88749cc6401df26e0ceec46\"><\/script><\/div>\n<div>\n<\/div>\n<\/td>\n<td style=\"height: 22px; width: 612px;\" rowspan=\"2\">\n<p style=\"text-align: justify;\"><b>Tres de Febrero<\/b> es uno de los distritos del quinto <a title=\"Departamento de Caaguaz\u00fa\" href=\"https:\/\/es.wikipedia.org\/wiki\/Departamento_de_Caaguaz%C3%BA\">Departamento de Caaguaz\u00fa<\/a>, <a title=\"Paraguay\" href=\"https:\/\/es.wikipedia.org\/wiki\/Paraguay\">Paraguay<\/a>, dista de la ciudad de <a title=\"Asunci\u00f3n\" href=\"https:\/\/es.wikipedia.org\/wiki\/Asunci%C3%B3n\">Asunci\u00f3n<\/a>aproximadamente 218 km, se accede al distrito por un ramal que parte de la Ruta VII \u00abDr. <a title=\"Jos\u00e9 Gaspar Rodr\u00edguez de Francia\" href=\"https:\/\/es.wikipedia.org\/wiki\/Jos%C3%A9_Gaspar_Rodr%C3%ADguez_de_Francia\">Jos\u00e9 Gaspar Rodr\u00edguez de Francia<\/a>\u00bb.<\/p>\n<h2><span id=\"Poblaci.C3.B3n\" class=\"mw-headline\">Geograf\u00eda<\/span><\/h2>\n<p style=\"text-align: justify;\">Situado en el centro del Departamento de <a class=\"mw-redirect\" title=\"Caaguaz\u00fa\" href=\"https:\/\/es.wikipedia.org\/wiki\/Caaguaz%C3%BA\">Caaguaz\u00fa<\/a>, sus tierras se encuentran cubiertas por grandes llanuras, utilizadas por los pobladores de la zona para la producci\u00f3n agr\u00edcola ganadera.<\/p>\n<h2><span id=\"Poblaci.C3.B3n\" class=\"mw-headline\">Poblaci\u00f3n<\/span><\/h2>\n<p style=\"text-align: justify;\">Su poblaci\u00f3n asciende a un total de 10.711 habitantes, compuesta por 5.792 varones y 4.920 mujeres. Realizando una comparaci\u00f3n con la cantidad de poblaci\u00f3n de a\u00f1os anteriores, se observa que se tuvo una tasa de crecimiento poblacional negativa. Miles de agricultores migraron en direcci\u00f3n a las nuevas tierras.<\/p>\n<h2><span id=\"Turismo\" class=\"mw-headline\">Turismo<\/span><\/h2>\n<p style=\"text-align: justify;\">El distrito cuenta con zonas y lugares especialmente habilitados para la realizaci\u00f3n del <a class=\"mw-redirect\" title=\"Turismo Rural\" href=\"https:\/\/es.wikipedia.org\/wiki\/Turismo_Rural\">Turismo Rural<\/a>, y cuenta con playas sobre el arroyo <a title=\"Yh\u00fa (Paraguay)\" href=\"https:\/\/es.wikipedia.org\/wiki\/Yh%C3%BA_(Paraguay)\">Yh\u00fa<\/a>, y tambi\u00e9n sobre el arroyo Yuquyry.<\/p>\n<h2><span id=\"Fiesta_patronal\" class=\"mw-headline\">Fiesta patronal<\/span><\/h2>\n<p style=\"text-align: justify;\">Su fiesta patronal se celebra el 3 de febrero, en honor a \u00ab<i>San Blas<\/i>\u00bb.<\/p>\n<\/td>\n<\/tr>\n<\/tbody>\n<\/table>\n<p>&nbsp;<\/p>\n","protected":false},"excerpt":{"rendered":"<p>Tres de Febrero es uno de los distritos del quinto Departamento de Caaguaz\u00fa, Paraguay, dista de la ciudad de Asunci\u00f3naproximadamente 218 km, se accede al distrito por un ramal que parte de la Ruta VII \u00abDr. Jos\u00e9 Gaspar Rodr\u00edguez de Francia\u00bb. Geograf\u00eda Situado en el centro del Departamento de Caaguaz\u00fa, sus tierras se encuentran cubiertas &#8230; <a title=\"Informaci\u00f3n\" class=\"read-more\" href=\"https:\/\/www.municipios.gov.py\/3defebrero\/\" aria-label=\"Leer m\u00e1s sobre Informaci\u00f3n\">Leer Mas&#8230;<\/a><\/p>\n","protected":false},"author":4,"featured_media":0,"parent":0,"menu_order":0,"comment_status":"closed","ping_status":"closed","template":"","meta":{"generate_page_header":"","jetpack_post_was_ever_published":false,"footnotes":""},"class_list":["post-2","page","type-page","status-publish"],"jetpack_sharing_enabled":true,"jetpack_shortlink":"https:\/\/wp.me\/P8AJNe-2","_links":{"self":[{"href":"https:\/\/www.municipios.gov.py\/3defebrero\/wp-json\/wp\/v2\/pages\/2","targetHints":{"allow":["GET"]}}],"collection":[{"href":"https:\/\/www.municipios.gov.py\/3defebrero\/wp-json\/wp\/v2\/pages"}],"about":[{"href":"https:\/\/www.municipios.gov.py\/3defebrero\/wp-json\/wp\/v2\/types\/page"}],"author":[{"embeddable":true,"href":"https:\/\/www.municipios.gov.py\/3defebrero\/wp-json\/wp\/v2\/users\/4"}],"replies":[{"embeddable":true,"href":"https:\/\/www.municipios.gov.py\/3defebrero\/wp-json\/wp\/v2\/comments?post=2"}],"version-history":[{"count":21,"href":"https:\/\/www.municipios.gov.py\/3defebrero\/wp-json\/wp\/v2\/pages\/2\/revisions"}],"predecessor-version":[{"id":307,"href":"https:\/\/www.municipios.gov.py\/3defebrero\/wp-json\/wp\/v2\/pages\/2\/revisions\/307"}],"wp:attachment":[{"href":"https:\/\/www.municipios.gov.py\/3defebrero\/wp-json\/wp\/v2\/media?parent=2"}],"curies":[{"name":"wp","href":"https:\/\/api.w.org\/{rel}","templated":true}]}}